{"id":920,"date":"2012-06-29T15:37:37","date_gmt":"2012-06-29T13:37:37","guid":{"rendered":"http:\/\/www.3-ca.org\/?page_id=920"},"modified":"2020-10-20T13:28:21","modified_gmt":"2020-10-20T11:28:21","slug":"samuel-bianchini","status":"publish","type":"page","link":"https:\/\/www.3-ca.org\/?page_id=920","title":{"rendered":"Samuel Bianchini"},"content":{"rendered":"\n<h3><span style=\"color: #993300;\">\u00c0&nbsp;distances &#8211; 2013<\/span><\/h3>\n\n\n\n<h3><span style=\"color: #808080;\">Maison du Geste et de l&rsquo;Image (MGI), Paris 1er&nbsp;<\/span><\/h3>\n\n\n\n<p class=\"MsoNormal\">Commande dans le cadre de l\u2019action <a href=\"http:\/\/www.3-ca.org\/doc_ext\/NC.htm\">Nouveaux commanditaires<\/a>, soutenue par la Fondation de France, en partenariat avec le D\u00e9partement Opto-Acousto-\u00c9lectronique \/ IEMN-OAE- UMR CNRS (Universit\u00e9 de Valenciennes), le laboratoire Calhiste (Universit\u00e9 de Valenciennes), le laboratoire des sciences de la communication (Universit\u00e9 de Valenciennes), le laboratoire Paragraphe &#8211; \u00e9quipes Citu et C3U &#8211; (Universit\u00e9 Paris 8), la Maison europ\u00e9enne des sciences de l\u2019homme et de la soci\u00e9t\u00e9.<\/p>\n\n\n\n<p class=\"MsoNormal\">M\u00e9diation\/production : 3CA &#8211; Mari Linnman<\/p>\n\n\n\n<p class=\"MsoNormal\"><strong>La commande<\/strong><br><br>La Maison du Geste et de l\u2019Image est un centre de recherche et d\u2019\u00e9ducation artistique qui accueille des \u00e9l\u00e8ves de Paris et de sa banlieue pour des ateliers de cr\u00e9ation. Sa principale mission consiste \u00e0 mettre des \u00e9l\u00e8ves au contact direct de la cr\u00e9ation pour leur permettre de s&rsquo;engager dans une d\u00e9marche collective et de prendre conscience de leur propre sensibilit\u00e9 artistique. La commande exprim\u00e9e par l&rsquo;\u00e9quipe de la MGI porte sur une cr\u00e9ation \u00e0 m\u00eame d&rsquo;accompagner ce processus d&rsquo;\u00e9mancipation. L&rsquo;\u00e9quipe a \u00e9galement souhait\u00e9 ouvrir une r\u00e9flexion sur la visibilit\u00e9 de son lieu, qui, implant\u00e9 au c\u0153ur du quartier des Halles \u00e0 Paris, se cache derri\u00e8re des vitres sans tain.<\/p>\n\n\n\n<p class=\"MsoNormal\"><br><strong>L&rsquo;\u0153uvre<\/strong><\/p>\n\n\n\n<p><em>\u00c0 Distances <\/em>est une installation interactive de l&rsquo;artiste Samuel Bianchini pour la Maison du geste et de l&rsquo;image (MGI).<br>Un monolithe noir est install\u00e9 dans la vitrine principale de la MGI, face \u00e0 la place de la Fontaine des innocents. Noir en l&rsquo;absence de public, il s&rsquo;illumine lorsque l&rsquo;on passe devant. Tant que le public se tient \u00e0 distance, il affiche une image, un portrait vu de dos. En s&rsquo;approchant, le passant prend la place de la repr\u00e9sentation qui devient progressivement lumi\u00e8re : il s\u2019expose alors \u00e0 l\u2019image autant qu\u2019au regard des autres.<br>Reprenant une modalit\u00e9 peu courante de l&rsquo;histoire de l&rsquo;art, le portrait de dos, ce dispositif nous invite \u00e0 un regard sur l&rsquo;int\u00e9rieur et l&rsquo;activit\u00e9 m\u00eame de la MGI, \u00e0 d\u00e9couvrir une image qui nous \u00e9chappe \u00e0 mesure qu&rsquo;elle nous \u00e9claire. Une image qui nous incite \u00e0 devenir public et, peut-\u00eatre m\u00eame, acteur. Une fa\u00e7on singuli\u00e8re, pour la MGI, de nous interpeller et de repr\u00e9senter le sens de sa mission sur cette place publique si anim\u00e9e, au c\u0153ur de Paris.<\/p>\n\n\n\n<figure class=\"is-layout-flex wp-block-gallery-1 wp-block-gallery columns-3 is-cropped\"><ul class=\"blocks-gallery-grid\"><li class=\"blocks-gallery-item\"><figure><a href=\"http:\/\/www.3-ca.org\/wp-content\/uploads\/2020\/10\/adistances_6599.jpg\"><img decoding=\"async\" loading=\"lazy\" width=\"400\" height=\"600\" src=\"http:\/\/www.3-ca.org\/wp-content\/uploads\/2020\/10\/adistances_6599.jpg\" alt=\"\" data-id=\"1126\" data-full-url=\"http:\/\/www.3-ca.org\/wp-content\/uploads\/2020\/10\/adistances_6599.jpg\" data-link=\"http:\/\/3-ca.org\/?attachment_id=1126\" class=\"wp-image-1126\" srcset=\"https:\/\/www.3-ca.org\/wp-content\/uploads\/2020\/10\/adistances_6599.jpg 400w, https:\/\/www.3-ca.org\/wp-content\/uploads\/2020\/10\/adistances_6599-200x300.jpg 200w\" sizes=\"(max-width: 400px) 100vw, 400px\" \/><\/a><\/figure><\/li><li class=\"blocks-gallery-item\"><figure><a href=\"http:\/\/www.3-ca.org\/wp-content\/uploads\/2020\/10\/Bianchini_site_1.jpg\"><img decoding=\"async\" loading=\"lazy\" width=\"400\" height=\"600\" src=\"http:\/\/www.3-ca.org\/wp-content\/uploads\/2020\/10\/Bianchini_site_1.jpg\" alt=\"\" data-id=\"1127\" data-full-url=\"http:\/\/www.3-ca.org\/wp-content\/uploads\/2020\/10\/Bianchini_site_1.jpg\" data-link=\"http:\/\/3-ca.org\/?attachment_id=1127\" class=\"wp-image-1127\" srcset=\"https:\/\/www.3-ca.org\/wp-content\/uploads\/2020\/10\/Bianchini_site_1.jpg 400w, https:\/\/www.3-ca.org\/wp-content\/uploads\/2020\/10\/Bianchini_site_1-200x300.jpg 200w\" sizes=\"(max-width: 400px) 100vw, 400px\" \/><\/a><\/figure><\/li><li class=\"blocks-gallery-item\"><figure><a href=\"http:\/\/www.3-ca.org\/wp-content\/uploads\/2020\/10\/Bianchini_site_3.jpg\"><img decoding=\"async\" loading=\"lazy\" width=\"400\" height=\"600\" src=\"http:\/\/www.3-ca.org\/wp-content\/uploads\/2020\/10\/Bianchini_site_3.jpg\" alt=\"\" data-id=\"1128\" data-full-url=\"http:\/\/www.3-ca.org\/wp-content\/uploads\/2020\/10\/Bianchini_site_3.jpg\" data-link=\"http:\/\/3-ca.org\/?attachment_id=1128\" class=\"wp-image-1128\" srcset=\"https:\/\/www.3-ca.org\/wp-content\/uploads\/2020\/10\/Bianchini_site_3.jpg 400w, https:\/\/www.3-ca.org\/wp-content\/uploads\/2020\/10\/Bianchini_site_3-200x300.jpg 200w\" sizes=\"(max-width: 400px) 100vw, 400px\" \/><\/a><\/figure><\/li><\/ul><\/figure>\n\n\n\n<p class=\"MsoNormal\"><br><strong>L&rsquo;artiste<\/strong><\/p>\n\n\n\n<p>Samuel Bianchini est artiste et enseignant-chercheur. Il vit et travaille \u00e0 Paris. Ses \u0153uvres sont r\u00e9guli\u00e8rement expos\u00e9es en France et \u00e0 l&rsquo;\u00e9tranger. Pour ses recherches qui interrogent en particulier l&rsquo;incidence des dispositifs technologiques sur nos modes de repr\u00e9sentation, nos nouvelles formes d&rsquo;exp\u00e9riences esth\u00e9tiques et nos organisations socio-politiques, il collabore avec des scientifiques et des laboratoires de recherche en ing\u00e9nierie.<\/p>\n\n\n\n<p class=\"MsoNormal\">Samuel Bianchini :&nbsp;<a href=\"http:\/\/www.dispotheque.org\" target=\"_blank\" rel=\"noopener noreferrer\">www.dispotheque.org<\/a><\/p>\n","protected":false},"excerpt":{"rendered":"<p>\u00c0&nbsp;distances &#8211; 2013 Maison du Geste et de l&rsquo;Image (MGI), Paris 1er&nbsp; Commande dans le cadre de l\u2019action Nouveaux commanditaires, soutenue par la Fondation de France, en partenariat avec le D\u00e9partement Opto-Acousto-\u00c9lectronique \/ IEMN-OAE- UMR CNRS (Universit\u00e9 de Valenciennes), le laboratoire Calhiste (Universit\u00e9 de Valenciennes), le laboratoire des sciences de la communication (Universit\u00e9 de Valenciennes), le laboratoire Paragraphe &#8211; \u00e9quipes Citu et C3U &#8211; (Universit\u00e9 Paris 8), la Maison europ\u00e9enne<\/p>\n<div class=\"belowpost\"><a class=\"btnmore\" href=\"https:\/\/www.3-ca.org\/?page_id=920\">Read More<\/a><\/div>\n","protected":false},"author":1,"featured_media":0,"parent":0,"menu_order":0,"comment_status":"open","ping_status":"open","template":"","meta":[],"categories":[],"tags":[],"_links":{"self":[{"href":"https:\/\/www.3-ca.org\/index.php?rest_route=\/wp\/v2\/pages\/920"}],"collection":[{"href":"https:\/\/www.3-ca.org\/index.php?rest_route=\/wp\/v2\/pages"}],"about":[{"href":"https:\/\/www.3-ca.org\/index.php?rest_route=\/wp\/v2\/types\/page"}],"author":[{"embeddable":true,"href":"https:\/\/www.3-ca.org\/index.php?rest_route=\/wp\/v2\/users\/1"}],"replies":[{"embeddable":true,"href":"https:\/\/www.3-ca.org\/index.php?rest_route=%2Fwp%2Fv2%2Fcomments&post=920"}],"version-history":[{"count":3,"href":"https:\/\/www.3-ca.org\/index.php?rest_route=\/wp\/v2\/pages\/920\/revisions"}],"predecessor-version":[{"id":1131,"href":"https:\/\/www.3-ca.org\/index.php?rest_route=\/wp\/v2\/pages\/920\/revisions\/1131"}],"wp:attachment":[{"href":"https:\/\/www.3-ca.org\/index.php?rest_route=%2Fwp%2Fv2%2Fmedia&parent=920"}],"wp:term":[{"taxonomy":"category","embeddable":true,"href":"https:\/\/www.3-ca.org\/index.php?rest_route=%2Fwp%2Fv2%2Fcategories&post=920"},{"taxonomy":"post_tag","embeddable":true,"href":"https:\/\/www.3-ca.org\/index.php?rest_route=%2Fwp%2Fv2%2Ftags&post=920"}],"curies":[{"name":"wp","href":"https:\/\/api.w.org\/{rel}","templated":true}]}}