{"id":908,"date":"2013-11-22T18:22:48","date_gmt":"2013-11-22T16:22:48","guid":{"rendered":"http:\/\/www.3-ca.org\/?page_id=908"},"modified":"2020-10-20T14:23:32","modified_gmt":"2020-10-20T12:23:32","slug":"mathieu-mercier","status":"publish","type":"page","link":"https:\/\/www.3-ca.org\/?page_id=908","title":{"rendered":"Mathieu Mercier"},"content":{"rendered":"\n<h3><span style=\"color: #808080;\"><strong><span style=\"font-family: mceinline;\">Etude pour la Cit\u00e9 Scolaire Maurice Ravel, Paris 20<sup>e<\/sup><\/span> <\/strong><\/span><\/h3>\n\n\n\n<p class=\"MsoNormal\">Etude r\u00e9alis\u00e9e dans le cadre de l\u2019action <a href=\"http:\/\/www.3-ca.org\/doc_ext\/NC.htm\">Nouveaux commanditaires<\/a>, soutenue par la Fondation de France.<br>M\u00e9diation\/production : 3CA &#8211; Mari Linnman<\/p>\n\n\n\n<p class=\"MsoNormal\"><strong>La commande<\/strong><\/p>\n\n\n\n<p>Initialement, cette commande artistique concernait l\u2019axe int\u00e9gration handicap de l\u2019\u00e9tablissement Maurice Ravel. Mais, au cours du processus, le proviseur, son adjoint et les deux enseignantes commanditrices ont quitt\u00e9 l\u2019\u00e9tablissement.<br>Un nouveau groupe de commanditaires a \u00e9t\u00e9 form\u00e9, et Mathieu Mercier a d\u00e9velopp\u00e9 son projet, cette fois en lien avec une r\u00e9flexion sur le site architecturale de la Cit\u00e9 Scolaire datant des ann\u00e9es 50.<br>L&rsquo;\u0153uvre<\/p>\n\n\n\n<p>Mathieu Mercier a propos\u00e9 une forme de red\u00e9couverte du lieu. Des recherches sont entreprises par un groupe d\u2019\u00e9tudiants (BTS) sur le design, l\u2019architecture et les artistes des ann\u00e9es 50 une recherche d\u00e9roul\u00e9e en parall\u00e8le \u00e0 une s\u00e9rie de propositions d\u00e9velopp\u00e9es par l\u2019artiste, qui consistaient en la r\u00e9alisation des formes inspir\u00e9es du design des ann\u00e9es 50 influenc\u00e9s par les techniques de pointe, et les nouvelles \u00e9nergies, sources de transformation de la soci\u00e9t\u00e9. Ces sculptures signifiant des monuments \u00e0 la m\u00e9moire du lieu, de l\u2019histoire des arts, s\u2019alignent \u00e0 la trajectoire de l\u2019artiste consistant \u00e0 interroger l\u2019histoire de la forme des objets de notre quotidien.<\/p>\n\n\n\n<figure class=\"is-layout-flex wp-block-gallery-1 wp-block-gallery columns-3 is-cropped\"><ul class=\"blocks-gallery-grid\"><li class=\"blocks-gallery-item\"><figure><a href=\"http:\/\/www.3-ca.org\/wp-content\/uploads\/2020\/10\/Mercier_Ravel1.jpg\"><img decoding=\"async\" loading=\"lazy\" width=\"640\" height=\"800\" src=\"http:\/\/www.3-ca.org\/wp-content\/uploads\/2020\/10\/Mercier_Ravel1.jpg\" alt=\"\" data-id=\"1335\" data-full-url=\"http:\/\/www.3-ca.org\/wp-content\/uploads\/2020\/10\/Mercier_Ravel1.jpg\" data-link=\"http:\/\/3-ca.org\/?attachment_id=1335\" class=\"wp-image-1335\" srcset=\"https:\/\/www.3-ca.org\/wp-content\/uploads\/2020\/10\/Mercier_Ravel1.jpg 640w, https:\/\/www.3-ca.org\/wp-content\/uploads\/2020\/10\/Mercier_Ravel1-240x300.jpg 240w\" sizes=\"(max-width: 640px) 100vw, 640px\" \/><\/a><\/figure><\/li><li class=\"blocks-gallery-item\"><figure><a href=\"http:\/\/www.3-ca.org\/wp-content\/uploads\/2020\/10\/Mercier_Ravel2.jpg\"><img decoding=\"async\" loading=\"lazy\" width=\"600\" height=\"800\" src=\"http:\/\/www.3-ca.org\/wp-content\/uploads\/2020\/10\/Mercier_Ravel2.jpg\" alt=\"\" data-id=\"1336\" data-full-url=\"http:\/\/www.3-ca.org\/wp-content\/uploads\/2020\/10\/Mercier_Ravel2.jpg\" data-link=\"http:\/\/3-ca.org\/?attachment_id=1336\" class=\"wp-image-1336\" srcset=\"https:\/\/www.3-ca.org\/wp-content\/uploads\/2020\/10\/Mercier_Ravel2.jpg 600w, https:\/\/www.3-ca.org\/wp-content\/uploads\/2020\/10\/Mercier_Ravel2-225x300.jpg 225w\" sizes=\"(max-width: 600px) 100vw, 600px\" \/><\/a><\/figure><\/li><li class=\"blocks-gallery-item\"><figure><a href=\"http:\/\/www.3-ca.org\/wp-content\/uploads\/2020\/10\/Mercier_Ravel3.jpg\"><img decoding=\"async\" loading=\"lazy\" width=\"375\" height=\"500\" src=\"http:\/\/www.3-ca.org\/wp-content\/uploads\/2020\/10\/Mercier_Ravel3.jpg\" alt=\"\" data-id=\"1337\" data-full-url=\"http:\/\/www.3-ca.org\/wp-content\/uploads\/2020\/10\/Mercier_Ravel3.jpg\" data-link=\"http:\/\/3-ca.org\/?attachment_id=1337\" class=\"wp-image-1337\" srcset=\"https:\/\/www.3-ca.org\/wp-content\/uploads\/2020\/10\/Mercier_Ravel3.jpg 375w, https:\/\/www.3-ca.org\/wp-content\/uploads\/2020\/10\/Mercier_Ravel3-225x300.jpg 225w\" sizes=\"(max-width: 375px) 100vw, 375px\" \/><\/a><\/figure><\/li><\/ul><\/figure>\n\n\n\n<p><strong>L&rsquo;artiste<\/strong><\/p>\n\n\n\n<p>Mathieu Mercier (n\u00e9 \u00e0 Conflans-Sainte-Honorine en 1970, vit et travaille \u00e0 Paris) m\u00e8ne une r\u00e9flexion sur la d\u00e9finition de la place de l&rsquo;objet \u00e0 la fois dans l&rsquo;industrie de la consommation et dans le champ de l&rsquo;art. Sa recherche se traduit par un questionnement permanent sur les fonctions symboliques et utilitaires des objets. Le r\u00e9sultat t\u00e9moigne d&rsquo;une attitude d\u00e9complex\u00e9e vis-\u00e0-vis des produits du quotidien et des r\u00e9f\u00e9rences \u00e0 l&rsquo;histoire de l&rsquo;art. Il propose ainsi une approche radicale lib\u00e9rant l&rsquo;objet, unique ou s\u00e9riel, de toute connaissance acquise.<\/p>\n","protected":false},"excerpt":{"rendered":"<p>Etude pour la Cit\u00e9 Scolaire Maurice Ravel, Paris 20e Etude r\u00e9alis\u00e9e dans le cadre de l\u2019action Nouveaux commanditaires, soutenue par la Fondation de France.M\u00e9diation\/production : 3CA &#8211; Mari Linnman La commande Initialement, cette commande artistique concernait l\u2019axe int\u00e9gration handicap de l\u2019\u00e9tablissement Maurice Ravel. Mais, au cours du processus, le proviseur, son adjoint et les deux enseignantes commanditrices ont quitt\u00e9 l\u2019\u00e9tablissement.Un nouveau groupe de commanditaires a \u00e9t\u00e9 form\u00e9, et Mathieu Mercier<\/p>\n<div class=\"belowpost\"><a class=\"btnmore\" href=\"https:\/\/www.3-ca.org\/?page_id=908\">Read More<\/a><\/div>\n","protected":false},"author":1,"featured_media":0,"parent":0,"menu_order":0,"comment_status":"open","ping_status":"open","template":"","meta":[],"categories":[],"tags":[],"_links":{"self":[{"href":"https:\/\/www.3-ca.org\/index.php?rest_route=\/wp\/v2\/pages\/908"}],"collection":[{"href":"https:\/\/www.3-ca.org\/index.php?rest_route=\/wp\/v2\/pages"}],"about":[{"href":"https:\/\/www.3-ca.org\/index.php?rest_route=\/wp\/v2\/types\/page"}],"author":[{"embeddable":true,"href":"https:\/\/www.3-ca.org\/index.php?rest_route=\/wp\/v2\/users\/1"}],"replies":[{"embeddable":true,"href":"https:\/\/www.3-ca.org\/index.php?rest_route=%2Fwp%2Fv2%2Fcomments&post=908"}],"version-history":[{"count":2,"href":"https:\/\/www.3-ca.org\/index.php?rest_route=\/wp\/v2\/pages\/908\/revisions"}],"predecessor-version":[{"id":1338,"href":"https:\/\/www.3-ca.org\/index.php?rest_route=\/wp\/v2\/pages\/908\/revisions\/1338"}],"wp:attachment":[{"href":"https:\/\/www.3-ca.org\/index.php?rest_route=%2Fwp%2Fv2%2Fmedia&parent=908"}],"wp:term":[{"taxonomy":"category","embeddable":true,"href":"https:\/\/www.3-ca.org\/index.php?rest_route=%2Fwp%2Fv2%2Fcategories&post=908"},{"taxonomy":"post_tag","embeddable":true,"href":"https:\/\/www.3-ca.org\/index.php?rest_route=%2Fwp%2Fv2%2Ftags&post=908"}],"curies":[{"name":"wp","href":"https:\/\/api.w.org\/{rel}","templated":true}]}}