{"id":901,"date":"2012-06-28T17:53:18","date_gmt":"2012-06-28T15:53:18","guid":{"rendered":"http:\/\/www.3-ca.org\/?page_id=901"},"modified":"2020-10-20T13:28:15","modified_gmt":"2020-10-20T11:28:15","slug":"alain-bublex","status":"publish","type":"page","link":"https:\/\/www.3-ca.org\/?page_id=901","title":{"rendered":"Alain Bublex"},"content":{"rendered":"\n<h3><span style=\"color: #800000;\">\u00ab&nbsp;\u00eatre utile (quotidiennement) \u00bb 2013<\/span><\/h3>\n\n\n\n<h3><span style=\"color: #888888;\">Union Fraternelle des M\u00e9tallurgistes (UFM),&nbsp; Paris <\/span><\/h3>\n\n\n\n<p class=\"MsoNormal\">Commande dans le cadre de l\u2019action <a href=\"http:\/\/www.3-ca.org\/doc_ext\/NC.htm\">Nouveaux commanditaires<\/a>, soutenue par la Fondation de France.<\/p>\n\n\n\n<p class=\"MsoNormal\">M\u00e9diation\/production : 3CA &#8211; Mari Linnman<\/p>\n\n\n\n<p class=\"MsoNormal\">Soutiens :&nbsp;Fondation de France, CGT, Mairie de Paris, Conseil R\u00e9gional Ile-de-France, Fondation EDF<br>M\u00e9c\u00e8nes :&nbsp;Mutuelle Familiale, Humanis, MACIF, La Solidarit\u00e9 Mutualiste, Cr\u00e9dit Coop\u00e9ratif, COEXCO, S.A.S Peslard, Parflam<\/p>\n\n\n\n<p><strong>La commande<\/strong><\/p>\n\n\n\n<p>L&rsquo;Union Fraternelle des M\u00e9tallurgistes (UFM) est un syndicat qui, lors du Front Populaire en 1936, a cr\u00e9\u00e9 la Maison des M\u00e9tallos, lieu embl\u00e9matique \u00e0 Paris pour le mouvement syndical. Dans les ann\u00e9es 2000 UFM a \u00e9t\u00e9 contrainte de vendre une partie de sa maison qui s&rsquo;est transform\u00e9e en un \u00e9tablissement culturel de la Ville de Paris.<\/p>\n\n\n\n<p class=\"MsoNormal\">Pour manifester leur solidarit\u00e9 avec ce changement et leur engagement culturel, quatre militants de UFM ont pris contact avec Mari Linnman, en 2009 pour travailler \u00e0 la cr\u00e9ation d\u2019une \u0153uvre d\u2019art en lien avec l\u2019action culturelle de la conf\u00e9d\u00e9ration g\u00e9n\u00e9ral des travailleurs (CGT).&nbsp; Ils souhaitaient offrir \u00e0 la cit\u00e9 une \u0153uvre embl\u00e9matique, ambitieuse, capable d\u2019\u00e9voquer l\u2019histoire et d\u2019affirmer une vision d\u2019avenir pour l\u2019action syndicale en terme de \u00ab&nbsp;solidarit\u00e9 et de fraternit\u00e9&nbsp;\u00bb.<\/p>\n\n\n\n<p class=\"MsoNormal\"><strong>L&rsquo;\u0153uvre<\/strong><\/p>\n\n\n\n<p class=\"MsoNormal\">L&rsquo;artiste Alain Bublex a con\u00e7u une \u0153uvre sous forme d&rsquo;\u00e9clairage public, intitul\u00e9e \u00ab\u00a0\u00eatre utile (quotidiennement)\u00a0\u00bb. L&rsquo;\u0153uvre fait r\u00e9f\u00e9rence \u00e0 l&rsquo;architecture et \u00e0 l&rsquo;histoire de la Maison des M\u00e9tallos.&nbsp; Sept appareils d&rsquo;\u00e9clairage sont fix\u00e9s sur la fa\u00e7ade du b\u00e2timent. Chaque potence est dessin\u00e9e individuellement par l&rsquo;artiste et r\u00e9alis\u00e9e par un m\u00e9tallier artisan, chaque appareil diffuse une qualit\u00e9 de lumi\u00e8re particuli\u00e8re. Le soir \u00e0 la tomb\u00e9e de la nuit, les r\u00e9verb\u00e8res articul\u00e9s s&rsquo;abaissent pour \u00e9clairer les passants, le matin ils se rel\u00e8vent. Vari\u00e9, disparate, h\u00e9t\u00e9rog\u00e8ne, et th\u00e9\u00e2tral, le dispositif apporte un \u00e9l\u00e9ment graphique le jour et une atmosph\u00e8re d&rsquo;intimit\u00e9 la nuit.<\/p>\n\n\n\n<figure class=\"is-layout-flex wp-block-gallery-1 wp-block-gallery columns-7 is-cropped\"><ul class=\"blocks-gallery-grid\"><li class=\"blocks-gallery-item\"><figure><a href=\"http:\/\/www.3-ca.org\/wp-content\/uploads\/2020\/10\/01.jpg\"><img decoding=\"async\" loading=\"lazy\" width=\"554\" height=\"702\" src=\"http:\/\/www.3-ca.org\/wp-content\/uploads\/2020\/10\/01.jpg\" alt=\"\" data-id=\"1118\" data-full-url=\"http:\/\/www.3-ca.org\/wp-content\/uploads\/2020\/10\/01.jpg\" data-link=\"http:\/\/3-ca.org\/?attachment_id=1118\" class=\"wp-image-1118\" srcset=\"https:\/\/www.3-ca.org\/wp-content\/uploads\/2020\/10\/01.jpg 554w, https:\/\/www.3-ca.org\/wp-content\/uploads\/2020\/10\/01-237x300.jpg 237w\" sizes=\"(max-width: 554px) 100vw, 554px\" \/><\/a><\/figure><\/li><li class=\"blocks-gallery-item\"><figure><a href=\"http:\/\/www.3-ca.org\/wp-content\/uploads\/2020\/10\/02.jpg\"><img decoding=\"async\" loading=\"lazy\" width=\"471\" height=\"821\" src=\"http:\/\/www.3-ca.org\/wp-content\/uploads\/2020\/10\/02.jpg\" alt=\"\" data-id=\"1119\" data-full-url=\"http:\/\/www.3-ca.org\/wp-content\/uploads\/2020\/10\/02.jpg\" data-link=\"http:\/\/3-ca.org\/?attachment_id=1119\" class=\"wp-image-1119\" srcset=\"https:\/\/www.3-ca.org\/wp-content\/uploads\/2020\/10\/02.jpg 471w, https:\/\/www.3-ca.org\/wp-content\/uploads\/2020\/10\/02-172x300.jpg 172w\" sizes=\"(max-width: 471px) 100vw, 471px\" \/><\/a><\/figure><\/li><li class=\"blocks-gallery-item\"><figure><a href=\"http:\/\/www.3-ca.org\/wp-content\/uploads\/2020\/10\/03.jpg\"><img decoding=\"async\" loading=\"lazy\" width=\"738\" height=\"691\" src=\"http:\/\/www.3-ca.org\/wp-content\/uploads\/2020\/10\/03.jpg\" alt=\"\" data-id=\"1120\" data-full-url=\"http:\/\/www.3-ca.org\/wp-content\/uploads\/2020\/10\/03.jpg\" data-link=\"http:\/\/3-ca.org\/?attachment_id=1120\" class=\"wp-image-1120\" srcset=\"https:\/\/www.3-ca.org\/wp-content\/uploads\/2020\/10\/03.jpg 738w, https:\/\/www.3-ca.org\/wp-content\/uploads\/2020\/10\/03-300x281.jpg 300w\" sizes=\"(max-width: 738px) 100vw, 738px\" \/><\/a><\/figure><\/li><li class=\"blocks-gallery-item\"><figure><a href=\"http:\/\/www.3-ca.org\/wp-content\/uploads\/2020\/10\/04.jpg\"><img decoding=\"async\" loading=\"lazy\" width=\"490\" height=\"692\" src=\"http:\/\/www.3-ca.org\/wp-content\/uploads\/2020\/10\/04.jpg\" alt=\"\" data-id=\"1121\" data-full-url=\"http:\/\/www.3-ca.org\/wp-content\/uploads\/2020\/10\/04.jpg\" data-link=\"http:\/\/3-ca.org\/?attachment_id=1121\" class=\"wp-image-1121\" srcset=\"https:\/\/www.3-ca.org\/wp-content\/uploads\/2020\/10\/04.jpg 490w, https:\/\/www.3-ca.org\/wp-content\/uploads\/2020\/10\/04-212x300.jpg 212w\" sizes=\"(max-width: 490px) 100vw, 490px\" \/><\/a><\/figure><\/li><li class=\"blocks-gallery-item\"><figure><a href=\"http:\/\/www.3-ca.org\/wp-content\/uploads\/2020\/10\/abUFM-site.jpg\"><img decoding=\"async\" loading=\"lazy\" width=\"533\" height=\"400\" src=\"http:\/\/www.3-ca.org\/wp-content\/uploads\/2020\/10\/abUFM-site.jpg\" alt=\"\" data-id=\"1122\" data-full-url=\"http:\/\/www.3-ca.org\/wp-content\/uploads\/2020\/10\/abUFM-site.jpg\" data-link=\"http:\/\/3-ca.org\/?attachment_id=1122\" class=\"wp-image-1122\" srcset=\"https:\/\/www.3-ca.org\/wp-content\/uploads\/2020\/10\/abUFM-site.jpg 533w, https:\/\/www.3-ca.org\/wp-content\/uploads\/2020\/10\/abUFM-site-300x225.jpg 300w\" sizes=\"(max-width: 533px) 100vw, 533px\" \/><\/a><\/figure><\/li><li class=\"blocks-gallery-item\"><figure><a href=\"http:\/\/www.3-ca.org\/wp-content\/uploads\/2020\/10\/ABUFMsite-Photo-Eric-Barbara.jpg\"><img decoding=\"async\" loading=\"lazy\" width=\"600\" height=\"400\" src=\"http:\/\/www.3-ca.org\/wp-content\/uploads\/2020\/10\/ABUFMsite-Photo-Eric-Barbara.jpg\" alt=\"\" data-id=\"1123\" data-full-url=\"http:\/\/www.3-ca.org\/wp-content\/uploads\/2020\/10\/ABUFMsite-Photo-Eric-Barbara.jpg\" data-link=\"http:\/\/3-ca.org\/?attachment_id=1123\" class=\"wp-image-1123\" srcset=\"https:\/\/www.3-ca.org\/wp-content\/uploads\/2020\/10\/ABUFMsite-Photo-Eric-Barbara.jpg 600w, https:\/\/www.3-ca.org\/wp-content\/uploads\/2020\/10\/ABUFMsite-Photo-Eric-Barbara-300x200.jpg 300w\" sizes=\"(max-width: 600px) 100vw, 600px\" \/><\/a><\/figure><\/li><li class=\"blocks-gallery-item\"><figure><a href=\"http:\/\/www.3-ca.org\/wp-content\/uploads\/2020\/10\/ABUFMsite.jpg\"><img decoding=\"async\" loading=\"lazy\" width=\"300\" height=\"400\" src=\"http:\/\/www.3-ca.org\/wp-content\/uploads\/2020\/10\/ABUFMsite.jpg\" alt=\"\" data-id=\"1124\" data-full-url=\"http:\/\/www.3-ca.org\/wp-content\/uploads\/2020\/10\/ABUFMsite.jpg\" data-link=\"http:\/\/3-ca.org\/?attachment_id=1124\" class=\"wp-image-1124\" srcset=\"https:\/\/www.3-ca.org\/wp-content\/uploads\/2020\/10\/ABUFMsite.jpg 300w, https:\/\/www.3-ca.org\/wp-content\/uploads\/2020\/10\/ABUFMsite-225x300.jpg 225w\" sizes=\"(max-width: 300px) 100vw, 300px\" \/><\/a><\/figure><\/li><\/ul><\/figure>\n\n\n\n<p><strong>L&rsquo;artiste<\/strong><\/p>\n\n\n\n<p>Tour \u00e0 tour urbaniste, chercheur et voyageur, Alain Bublex r\u00e9invente l\u2019id\u00e9e du paysage dans la ville, ou de l\u2019architecture. A travers son \u0153uvre, il met en place un dialogue entre les utopies modernistes et leurs possibles et imaginables adaptations \u00e0 la soci\u00e9t\u00e9 actuelle, notamment par un int\u00e9r\u00eat port\u00e9 sur les multiples facettes des pratiques \u201cartistiques\u201d populaires.<br>N\u00e9 en 1961, il a r\u00e9cemment expos\u00e9 au Mus\u00e9e d\u2019Etat d\u2019Architecture de Moscou, au MAMCO de Gen\u00e8ve, au Centre Pompidou de Paris, \u2026<\/p>\n","protected":false},"excerpt":{"rendered":"<p>\u00ab&nbsp;\u00eatre utile (quotidiennement) \u00bb 2013 Union Fraternelle des M\u00e9tallurgistes (UFM),&nbsp; Paris Commande dans le cadre de l\u2019action Nouveaux commanditaires, soutenue par la Fondation de France. M\u00e9diation\/production : 3CA &#8211; Mari Linnman Soutiens :&nbsp;Fondation de France, CGT, Mairie de Paris, Conseil R\u00e9gional Ile-de-France, Fondation EDFM\u00e9c\u00e8nes :&nbsp;Mutuelle Familiale, Humanis, MACIF, La Solidarit\u00e9 Mutualiste, Cr\u00e9dit Coop\u00e9ratif, COEXCO, S.A.S Peslard, Parflam La commande L&rsquo;Union Fraternelle des M\u00e9tallurgistes (UFM) est un syndicat qui, lors du<\/p>\n<div class=\"belowpost\"><a class=\"btnmore\" href=\"https:\/\/www.3-ca.org\/?page_id=901\">Read More<\/a><\/div>\n","protected":false},"author":1,"featured_media":0,"parent":0,"menu_order":0,"comment_status":"closed","ping_status":"closed","template":"","meta":[],"categories":[],"tags":[],"_links":{"self":[{"href":"https:\/\/www.3-ca.org\/index.php?rest_route=\/wp\/v2\/pages\/901"}],"collection":[{"href":"https:\/\/www.3-ca.org\/index.php?rest_route=\/wp\/v2\/pages"}],"about":[{"href":"https:\/\/www.3-ca.org\/index.php?rest_route=\/wp\/v2\/types\/page"}],"author":[{"embeddable":true,"href":"https:\/\/www.3-ca.org\/index.php?rest_route=\/wp\/v2\/users\/1"}],"replies":[{"embeddable":true,"href":"https:\/\/www.3-ca.org\/index.php?rest_route=%2Fwp%2Fv2%2Fcomments&post=901"}],"version-history":[{"count":3,"href":"https:\/\/www.3-ca.org\/index.php?rest_route=\/wp\/v2\/pages\/901\/revisions"}],"predecessor-version":[{"id":1130,"href":"https:\/\/www.3-ca.org\/index.php?rest_route=\/wp\/v2\/pages\/901\/revisions\/1130"}],"wp:attachment":[{"href":"https:\/\/www.3-ca.org\/index.php?rest_route=%2Fwp%2Fv2%2Fmedia&parent=901"}],"wp:term":[{"taxonomy":"category","embeddable":true,"href":"https:\/\/www.3-ca.org\/index.php?rest_route=%2Fwp%2Fv2%2Fcategories&post=901"},{"taxonomy":"post_tag","embeddable":true,"href":"https:\/\/www.3-ca.org\/index.php?rest_route=%2Fwp%2Fv2%2Ftags&post=901"}],"curies":[{"name":"wp","href":"https:\/\/api.w.org\/{rel}","templated":true}]}}