{"id":853,"date":"2010-05-18T15:35:40","date_gmt":"2010-05-18T13:35:40","guid":{"rendered":"http:\/\/www.3-ca.org\/?page_id=853"},"modified":"2020-10-20T14:32:08","modified_gmt":"2020-10-20T12:32:08","slug":"pas-encore","status":"publish","type":"page","link":"https:\/\/www.3-ca.org\/?page_id=853","title":{"rendered":"Pas encore&#8230;"},"content":{"rendered":"\n<p><strong>exposition de Bernard Calet<\/strong><\/p>\n\n\n\n<p>du 20 mai au 15 juillet 2010, mardi au vendredi, 15h-19h et sur rdv le samedi<br>\u00e0 Contexts, 49 rue Ramponeau 75020 Paris (m\u00e9tro Belleville)<\/p>\n\n\n\n<p><strong>vernissage le jeudi 20 mai \u00e0 partir de 18h<\/strong><\/p>\n\n\n\n<figure class=\"is-layout-flex wp-block-gallery-1 wp-block-gallery columns-3 is-cropped\"><ul class=\"blocks-gallery-grid\"><li class=\"blocks-gallery-item\"><figure><a href=\"http:\/\/www.3-ca.org\/wp-content\/uploads\/2020\/10\/pasencore01.jpg\"><img decoding=\"async\" loading=\"lazy\" width=\"567\" height=\"425\" src=\"http:\/\/www.3-ca.org\/wp-content\/uploads\/2020\/10\/pasencore01.jpg\" alt=\"\" data-id=\"1366\" data-full-url=\"http:\/\/www.3-ca.org\/wp-content\/uploads\/2020\/10\/pasencore01.jpg\" data-link=\"http:\/\/3-ca.org\/?attachment_id=1366\" class=\"wp-image-1366\" srcset=\"https:\/\/www.3-ca.org\/wp-content\/uploads\/2020\/10\/pasencore01.jpg 567w, https:\/\/www.3-ca.org\/wp-content\/uploads\/2020\/10\/pasencore01-300x225.jpg 300w\" sizes=\"(max-width: 567px) 100vw, 567px\" \/><\/a><\/figure><\/li><li class=\"blocks-gallery-item\"><figure><a href=\"http:\/\/www.3-ca.org\/wp-content\/uploads\/2020\/10\/pasencore02.jpg\"><img decoding=\"async\" loading=\"lazy\" width=\"1024\" height=\"768\" src=\"http:\/\/www.3-ca.org\/wp-content\/uploads\/2020\/10\/pasencore02-1024x768.jpg\" alt=\"\" data-id=\"1367\" data-full-url=\"http:\/\/www.3-ca.org\/wp-content\/uploads\/2020\/10\/pasencore02.jpg\" data-link=\"http:\/\/3-ca.org\/?attachment_id=1367\" class=\"wp-image-1367\" srcset=\"https:\/\/www.3-ca.org\/wp-content\/uploads\/2020\/10\/pasencore02-1024x768.jpg 1024w, https:\/\/www.3-ca.org\/wp-content\/uploads\/2020\/10\/pasencore02-300x225.jpg 300w, https:\/\/www.3-ca.org\/wp-content\/uploads\/2020\/10\/pasencore02-768x576.jpg 768w, https:\/\/www.3-ca.org\/wp-content\/uploads\/2020\/10\/pasencore02.jpg 1332w\" sizes=\"(max-width: 1024px) 100vw, 1024px\" \/><\/a><\/figure><\/li><li class=\"blocks-gallery-item\"><figure><a href=\"http:\/\/www.3-ca.org\/wp-content\/uploads\/2020\/10\/pasencore03.jpg\"><img decoding=\"async\" loading=\"lazy\" width=\"1024\" height=\"762\" src=\"http:\/\/www.3-ca.org\/wp-content\/uploads\/2020\/10\/pasencore03-1024x762.jpg\" alt=\"\" data-id=\"1368\" data-full-url=\"http:\/\/www.3-ca.org\/wp-content\/uploads\/2020\/10\/pasencore03.jpg\" data-link=\"http:\/\/3-ca.org\/?attachment_id=1368\" class=\"wp-image-1368\" srcset=\"https:\/\/www.3-ca.org\/wp-content\/uploads\/2020\/10\/pasencore03-1024x762.jpg 1024w, https:\/\/www.3-ca.org\/wp-content\/uploads\/2020\/10\/pasencore03-300x223.jpg 300w, https:\/\/www.3-ca.org\/wp-content\/uploads\/2020\/10\/pasencore03-768x571.jpg 768w, https:\/\/www.3-ca.org\/wp-content\/uploads\/2020\/10\/pasencore03.jpg 1344w\" sizes=\"(max-width: 1024px) 100vw, 1024px\" \/><\/a><\/figure><\/li><li class=\"blocks-gallery-item\"><figure><a href=\"http:\/\/www.3-ca.org\/wp-content\/uploads\/2020\/10\/pasencore05.jpg\"><img decoding=\"async\" loading=\"lazy\" width=\"1024\" height=\"759\" src=\"http:\/\/www.3-ca.org\/wp-content\/uploads\/2020\/10\/pasencore05-1024x759.jpg\" alt=\"\" data-id=\"1369\" data-full-url=\"http:\/\/www.3-ca.org\/wp-content\/uploads\/2020\/10\/pasencore05.jpg\" data-link=\"http:\/\/3-ca.org\/?attachment_id=1369\" class=\"wp-image-1369\" srcset=\"https:\/\/www.3-ca.org\/wp-content\/uploads\/2020\/10\/pasencore05-1024x759.jpg 1024w, https:\/\/www.3-ca.org\/wp-content\/uploads\/2020\/10\/pasencore05-300x222.jpg 300w, https:\/\/www.3-ca.org\/wp-content\/uploads\/2020\/10\/pasencore05-768x569.jpg 768w, https:\/\/www.3-ca.org\/wp-content\/uploads\/2020\/10\/pasencore05.jpg 1350w\" sizes=\"(max-width: 1024px) 100vw, 1024px\" \/><\/a><\/figure><\/li><li class=\"blocks-gallery-item\"><figure><a href=\"http:\/\/www.3-ca.org\/wp-content\/uploads\/2020\/10\/pasencore06.jpg\"><img decoding=\"async\" loading=\"lazy\" width=\"1024\" height=\"768\" src=\"http:\/\/www.3-ca.org\/wp-content\/uploads\/2020\/10\/pasencore06-1024x768.jpg\" alt=\"\" data-id=\"1370\" data-full-url=\"http:\/\/www.3-ca.org\/wp-content\/uploads\/2020\/10\/pasencore06.jpg\" data-link=\"http:\/\/3-ca.org\/?attachment_id=1370\" class=\"wp-image-1370\" srcset=\"https:\/\/www.3-ca.org\/wp-content\/uploads\/2020\/10\/pasencore06-1024x768.jpg 1024w, https:\/\/www.3-ca.org\/wp-content\/uploads\/2020\/10\/pasencore06-300x225.jpg 300w, https:\/\/www.3-ca.org\/wp-content\/uploads\/2020\/10\/pasencore06-768x576.jpg 768w, https:\/\/www.3-ca.org\/wp-content\/uploads\/2020\/10\/pasencore06.jpg 1333w\" sizes=\"(max-width: 1024px) 100vw, 1024px\" \/><\/a><\/figure><\/li><li class=\"blocks-gallery-item\"><figure><a href=\"http:\/\/www.3-ca.org\/wp-content\/uploads\/2020\/10\/pasencore07.jpg\"><img decoding=\"async\" loading=\"lazy\" width=\"1024\" height=\"768\" src=\"http:\/\/www.3-ca.org\/wp-content\/uploads\/2020\/10\/pasencore07-1024x768.jpg\" alt=\"\" data-id=\"1371\" data-full-url=\"http:\/\/www.3-ca.org\/wp-content\/uploads\/2020\/10\/pasencore07.jpg\" data-link=\"http:\/\/3-ca.org\/?attachment_id=1371\" class=\"wp-image-1371\" srcset=\"https:\/\/www.3-ca.org\/wp-content\/uploads\/2020\/10\/pasencore07-1024x768.jpg 1024w, https:\/\/www.3-ca.org\/wp-content\/uploads\/2020\/10\/pasencore07-300x225.jpg 300w, https:\/\/www.3-ca.org\/wp-content\/uploads\/2020\/10\/pasencore07-768x576.jpg 768w, https:\/\/www.3-ca.org\/wp-content\/uploads\/2020\/10\/pasencore07.jpg 1333w\" sizes=\"(max-width: 1024px) 100vw, 1024px\" \/><\/a><\/figure><\/li><li class=\"blocks-gallery-item\"><figure><a href=\"http:\/\/www.3-ca.org\/wp-content\/uploads\/2020\/10\/pasencore08.jpg\"><img decoding=\"async\" loading=\"lazy\" width=\"1024\" height=\"768\" src=\"http:\/\/www.3-ca.org\/wp-content\/uploads\/2020\/10\/pasencore08-1024x768.jpg\" alt=\"\" data-id=\"1372\" data-full-url=\"http:\/\/www.3-ca.org\/wp-content\/uploads\/2020\/10\/pasencore08.jpg\" data-link=\"http:\/\/3-ca.org\/?attachment_id=1372\" class=\"wp-image-1372\" srcset=\"https:\/\/www.3-ca.org\/wp-content\/uploads\/2020\/10\/pasencore08-1024x768.jpg 1024w, https:\/\/www.3-ca.org\/wp-content\/uploads\/2020\/10\/pasencore08-300x225.jpg 300w, https:\/\/www.3-ca.org\/wp-content\/uploads\/2020\/10\/pasencore08-768x576.jpg 768w, https:\/\/www.3-ca.org\/wp-content\/uploads\/2020\/10\/pasencore08.jpg 1333w\" sizes=\"(max-width: 1024px) 100vw, 1024px\" \/><\/a><\/figure><\/li><li class=\"blocks-gallery-item\"><figure><a href=\"http:\/\/www.3-ca.org\/wp-content\/uploads\/2020\/10\/pasencore09.jpg\"><img decoding=\"async\" loading=\"lazy\" width=\"768\" height=\"1024\" src=\"http:\/\/www.3-ca.org\/wp-content\/uploads\/2020\/10\/pasencore09-768x1024.jpg\" alt=\"\" data-id=\"1373\" data-full-url=\"http:\/\/www.3-ca.org\/wp-content\/uploads\/2020\/10\/pasencore09.jpg\" data-link=\"http:\/\/3-ca.org\/?attachment_id=1373\" class=\"wp-image-1373\" srcset=\"https:\/\/www.3-ca.org\/wp-content\/uploads\/2020\/10\/pasencore09-768x1024.jpg 768w, https:\/\/www.3-ca.org\/wp-content\/uploads\/2020\/10\/pasencore09-225x300.jpg 225w, https:\/\/www.3-ca.org\/wp-content\/uploads\/2020\/10\/pasencore09.jpg 1000w\" sizes=\"(max-width: 768px) 100vw, 768px\" \/><\/a><\/figure><\/li><li class=\"blocks-gallery-item\"><figure><a href=\"http:\/\/www.3-ca.org\/wp-content\/uploads\/2020\/10\/pasencore10.jpg\"><img decoding=\"async\" loading=\"lazy\" width=\"768\" height=\"1024\" src=\"http:\/\/www.3-ca.org\/wp-content\/uploads\/2020\/10\/pasencore10-768x1024.jpg\" alt=\"\" data-id=\"1374\" data-full-url=\"http:\/\/www.3-ca.org\/wp-content\/uploads\/2020\/10\/pasencore10.jpg\" data-link=\"http:\/\/3-ca.org\/?attachment_id=1374\" class=\"wp-image-1374\" srcset=\"https:\/\/www.3-ca.org\/wp-content\/uploads\/2020\/10\/pasencore10-768x1024.jpg 768w, https:\/\/www.3-ca.org\/wp-content\/uploads\/2020\/10\/pasencore10-225x300.jpg 225w, https:\/\/www.3-ca.org\/wp-content\/uploads\/2020\/10\/pasencore10.jpg 1000w\" sizes=\"(max-width: 768px) 100vw, 768px\" \/><\/a><\/figure><\/li><\/ul><\/figure>\n\n\n\n<p>Le travail de Bernard Calet prend le plus souvent la forme d\u2019installations o\u00f9 sont utilis\u00e9s diff\u00e9rents m\u00e9diums comme la sculpture, l\u2019image photographique ou vid\u00e9o, le son. Le langage dans sa double fonction, d\u00e9finition et m\u00e9taphore, est aussi une composante importante de son oeuvre.<\/p>\n\n\n\n<p>Les recherches de Bernard Calet portent depuis toujours sur la notion de l\u2019espace et la complexit\u00e9 que la modernit\u00e9 a introduite dans notre relation \u00e0 celui-ci, autrement dit la perception fusionnelle de ses multiples aspects : architecture, paysage, fronti\u00e8re, endroit de transit ou encore image c\u00e9r\u00e9brale, point de fuite des flux communicationnels, zone floue de l\u2019imaginaire\u2026 Tous ces \u00ab&nbsp;espaces&nbsp;\u00bb se (re)pr\u00e9sentent en road movies superpos\u00e9s o\u00f9 le r\u00e9el s\u2019imbrique au fictionnel et vice-versa. Ils nous sont contemporains et, par cela m\u00eame, insaisissables et incertains. Pour s\u2019y situer, nous sommes contraints \u00e0 un \u00e9tat de mobilisation non-stop, physique et mentale, entre un ici et un ailleurs, entre un \u00ab&nbsp;d\u00e9j\u00e0\u00bb et un \u00ab&nbsp;pas encore&nbsp;\u00bb*.<\/p>\n\n\n\n<p><em><strong>Construction<\/strong>.<\/em> Pour leur installation, Bernard Calet a privil\u00e9gi\u00e9 la cohabitation plut\u00f4t que la monstration. Les pi\u00e8ces s\u2019infiltrent dans les bureaux comme ramifications amplifiantes du travail de l\u2019agence. Un m\u00e9tissage des usages du lieu qui, encore une fois, questionne l\u2019espace et ses contours.<\/p>\n\n\n\n<p><em><strong>Now here<\/strong> <\/em>est une pi\u00e8ce murale qui hybride diff\u00e9rentes formes. Elle s\u2019apparente autant \u00e0 un mobilier design qu\u2019\u00e0 une enseigne, tout en d\u00e9jouant les fonctions de l\u2019un comme de l\u2019autre. Cette perturbation des codes formels met en sc\u00e8ne un jeu avec le(s) mot(s) now-here (ici-maintenant), nowhere (nulle part). Une mise en boucle, un va et vient visuel et s\u00e9mantique qui construit simplement mais s\u00fbrement le noeud gordien de l&rsquo;oeuvre.<\/p>\n\n\n\n<p><em><strong> Construction<\/strong> <\/em>est une \u00e9tonnante bo\u00eete monde. La pi\u00e8ce, reproduction en taille r\u00e9elle d\u2019un carton d\u2019emballage, de ceux qu\u2019on utilise habituellement lors de d\u00e9m\u00e9nagements, est r\u00e9alis\u00e9e en dibon r\u00e9fl\u00e9chissant. Les effets puissants du miroir sont ici \u00e0 l\u2019oeuvre pour donner forme \u00e0 une tautologie troublante&nbsp;; <strong><em>Construction<\/em><\/strong> \u00ab&nbsp;capte&nbsp;\u00bb tout ce qui l\u2019entoure sans pour autant le contenir. Telle une machine c\u00e9libataire, elle s\u2019adonne \u00e0 un mouvement sans fin et sans finalit\u00e9.<\/p>\n\n\n\n<p>Anastassia Makridou-Bretonneau<\/p>\n\n\n\n<p><em>* <\/em>Voir Giorgio Agamben<em>, Qu&rsquo;est-ce que le contemporain, <\/em>\u00e9d. Rivages, 2008, p.p 25-32.<\/p>\n\n\n\n<p><strong>Bernard Calet<\/strong> est n\u00e9 en 1958 \u00e0 Charenton. Il vit et travaille \u00e0 Tours. Son travail a \u00e9t\u00e9 expos\u00e9 \u00e0 plusieurs reprises en France (Micro Onde-V\u00e9lizy, Emmetrop-Bourges, FRAC Alsace-S\u00e9l\u00e9stat, Galerie-Noisy le Sec, Centre d&rsquo;art de Vassivi\u00e8re, CCC de Tours, Creux de l&rsquo;Enfer-Thiers&#8230;) et \u00e0 l&rsquo;\u00e9tranger. Bernard Calet a r\u00e9alis\u00e9 \u00e9galement plusieurs projets in situ, dans le cadre de commandes artistiques (Sully-sur-Loire, Alen\u00e7on, Ivry-sur-Seine, Chartres, Vassivi\u00e8re, Ch\u00e2tellerault).<\/p>\n","protected":false},"excerpt":{"rendered":"<p>exposition de Bernard Calet du 20 mai au 15 juillet 2010, mardi au vendredi, 15h-19h et sur rdv le samedi\u00e0 Contexts, 49 rue Ramponeau 75020 Paris (m\u00e9tro Belleville) vernissage le jeudi 20 mai \u00e0 partir de 18h Le travail de Bernard Calet prend le plus souvent la forme d\u2019installations o\u00f9 sont utilis\u00e9s diff\u00e9rents m\u00e9diums comme la sculpture, l\u2019image photographique ou vid\u00e9o, le son. Le langage dans sa double fonction, d\u00e9finition<\/p>\n<div class=\"belowpost\"><a class=\"btnmore\" href=\"https:\/\/www.3-ca.org\/?page_id=853\">Read More<\/a><\/div>\n","protected":false},"author":1,"featured_media":0,"parent":0,"menu_order":5,"comment_status":"open","ping_status":"open","template":"","meta":[],"categories":[],"tags":[],"_links":{"self":[{"href":"https:\/\/www.3-ca.org\/index.php?rest_route=\/wp\/v2\/pages\/853"}],"collection":[{"href":"https:\/\/www.3-ca.org\/index.php?rest_route=\/wp\/v2\/pages"}],"about":[{"href":"https:\/\/www.3-ca.org\/index.php?rest_route=\/wp\/v2\/types\/page"}],"author":[{"embeddable":true,"href":"https:\/\/www.3-ca.org\/index.php?rest_route=\/wp\/v2\/users\/1"}],"replies":[{"embeddable":true,"href":"https:\/\/www.3-ca.org\/index.php?rest_route=%2Fwp%2Fv2%2Fcomments&post=853"}],"version-history":[{"count":2,"href":"https:\/\/www.3-ca.org\/index.php?rest_route=\/wp\/v2\/pages\/853\/revisions"}],"predecessor-version":[{"id":1375,"href":"https:\/\/www.3-ca.org\/index.php?rest_route=\/wp\/v2\/pages\/853\/revisions\/1375"}],"wp:attachment":[{"href":"https:\/\/www.3-ca.org\/index.php?rest_route=%2Fwp%2Fv2%2Fmedia&parent=853"}],"wp:term":[{"taxonomy":"category","embeddable":true,"href":"https:\/\/www.3-ca.org\/index.php?rest_route=%2Fwp%2Fv2%2Fcategories&post=853"},{"taxonomy":"post_tag","embeddable":true,"href":"https:\/\/www.3-ca.org\/index.php?rest_route=%2Fwp%2Fv2%2Ftags&post=853"}],"curies":[{"name":"wp","href":"https:\/\/api.w.org\/{rel}","templated":true}]}}