{"id":476,"date":"2009-07-01T17:36:52","date_gmt":"2009-07-01T15:36:52","guid":{"rendered":"http:\/\/www.3-ca.org\/blog\/?page_id=476"},"modified":"2020-10-20T13:11:31","modified_gmt":"2020-10-20T11:11:31","slug":"about","status":"publish","type":"page","link":"https:\/\/www.3-ca.org\/","title":{"rendered":"Accueil"},"content":{"rendered":"\n<h3><strong><span style=\"color: #800000;\">3CA &#8211; m\u00e9diation et production artistiques<br><\/span><\/strong><\/h3>\n\n\n\n<div style=\"height:25px\" aria-hidden=\"true\" class=\"wp-block-spacer\"><\/div>\n\n\n\n<p><\/p>\n\n\n\n<figure class=\"is-layout-flex wp-block-gallery-1 wp-block-gallery columns-6 is-cropped\"><ul class=\"blocks-gallery-grid\"><li class=\"blocks-gallery-item\"><figure><a href=\"http:\/\/www.3-ca.org\/wp-content\/uploads\/2020\/10\/01_friedman.jpg\"><img decoding=\"async\" loading=\"lazy\" width=\"768\" height=\"1024\" src=\"http:\/\/www.3-ca.org\/wp-content\/uploads\/2020\/10\/01_friedman-768x1024.jpg\" alt=\"\" data-id=\"1074\" data-full-url=\"http:\/\/www.3-ca.org\/wp-content\/uploads\/2020\/10\/01_friedman.jpg\" data-link=\"http:\/\/3-ca.org\/?attachment_id=1074\" class=\"wp-image-1074\" srcset=\"https:\/\/www.3-ca.org\/wp-content\/uploads\/2020\/10\/01_friedman-768x1024.jpg 768w, https:\/\/www.3-ca.org\/wp-content\/uploads\/2020\/10\/01_friedman-225x300.jpg 225w, https:\/\/www.3-ca.org\/wp-content\/uploads\/2020\/10\/01_friedman.jpg 1000w\" sizes=\"(max-width: 768px) 100vw, 768px\" \/><\/a><\/figure><\/li><li class=\"blocks-gallery-item\"><figure><a href=\"http:\/\/www.3-ca.org\/wp-content\/uploads\/2020\/10\/02_friedman.jpg\"><img decoding=\"async\" loading=\"lazy\" width=\"480\" height=\"640\" src=\"http:\/\/www.3-ca.org\/wp-content\/uploads\/2020\/10\/02_friedman.jpg\" alt=\"\" data-id=\"1075\" data-full-url=\"http:\/\/www.3-ca.org\/wp-content\/uploads\/2020\/10\/02_friedman.jpg\" data-link=\"http:\/\/3-ca.org\/?attachment_id=1075\" class=\"wp-image-1075\" srcset=\"https:\/\/www.3-ca.org\/wp-content\/uploads\/2020\/10\/02_friedman.jpg 480w, https:\/\/www.3-ca.org\/wp-content\/uploads\/2020\/10\/02_friedman-225x300.jpg 225w\" sizes=\"(max-width: 480px) 100vw, 480px\" \/><\/a><\/figure><\/li><li class=\"blocks-gallery-item\"><figure><a href=\"http:\/\/www.3-ca.org\/wp-content\/uploads\/2020\/10\/03_friedman.jpg\"><img decoding=\"async\" loading=\"lazy\" width=\"1024\" height=\"768\" src=\"http:\/\/www.3-ca.org\/wp-content\/uploads\/2020\/10\/03_friedman-1024x768.jpg\" alt=\"\" data-id=\"1076\" data-full-url=\"http:\/\/www.3-ca.org\/wp-content\/uploads\/2020\/10\/03_friedman.jpg\" data-link=\"http:\/\/3-ca.org\/?attachment_id=1076\" class=\"wp-image-1076\" srcset=\"https:\/\/www.3-ca.org\/wp-content\/uploads\/2020\/10\/03_friedman-1024x768.jpg 1024w, https:\/\/www.3-ca.org\/wp-content\/uploads\/2020\/10\/03_friedman-300x225.jpg 300w, https:\/\/www.3-ca.org\/wp-content\/uploads\/2020\/10\/03_friedman-768x576.jpg 768w, https:\/\/www.3-ca.org\/wp-content\/uploads\/2020\/10\/03_friedman.jpg 1333w\" sizes=\"(max-width: 1024px) 100vw, 1024px\" \/><\/a><\/figure><\/li><li class=\"blocks-gallery-item\"><figure><a href=\"http:\/\/www.3-ca.org\/wp-content\/uploads\/2020\/10\/04_Stockholder.jpg\"><img decoding=\"async\" loading=\"lazy\" width=\"510\" height=\"399\" src=\"http:\/\/www.3-ca.org\/wp-content\/uploads\/2020\/10\/04_Stockholder.jpg\" alt=\"\" data-id=\"1077\" data-full-url=\"http:\/\/www.3-ca.org\/wp-content\/uploads\/2020\/10\/04_Stockholder.jpg\" data-link=\"http:\/\/3-ca.org\/?attachment_id=1077\" class=\"wp-image-1077\" srcset=\"https:\/\/www.3-ca.org\/wp-content\/uploads\/2020\/10\/04_Stockholder.jpg 510w, https:\/\/www.3-ca.org\/wp-content\/uploads\/2020\/10\/04_Stockholder-300x235.jpg 300w\" sizes=\"(max-width: 510px) 100vw, 510px\" \/><\/a><\/figure><\/li><li class=\"blocks-gallery-item\"><figure><a href=\"http:\/\/www.3-ca.org\/wp-content\/uploads\/2020\/10\/05_Stockholder.jpg\"><img decoding=\"async\" loading=\"lazy\" width=\"510\" height=\"400\" src=\"http:\/\/www.3-ca.org\/wp-content\/uploads\/2020\/10\/05_Stockholder.jpg\" alt=\"\" data-id=\"1078\" data-full-url=\"http:\/\/www.3-ca.org\/wp-content\/uploads\/2020\/10\/05_Stockholder.jpg\" data-link=\"http:\/\/3-ca.org\/?attachment_id=1078\" class=\"wp-image-1078\" srcset=\"https:\/\/www.3-ca.org\/wp-content\/uploads\/2020\/10\/05_Stockholder.jpg 510w, https:\/\/www.3-ca.org\/wp-content\/uploads\/2020\/10\/05_Stockholder-300x235.jpg 300w\" sizes=\"(max-width: 510px) 100vw, 510px\" \/><\/a><\/figure><\/li><li class=\"blocks-gallery-item\"><figure><a href=\"http:\/\/www.3-ca.org\/wp-content\/uploads\/2020\/10\/06-lumps.jpg\"><img decoding=\"async\" loading=\"lazy\" width=\"1024\" height=\"758\" src=\"http:\/\/www.3-ca.org\/wp-content\/uploads\/2020\/10\/06-lumps-1024x758.jpg\" alt=\"\" data-id=\"1079\" data-full-url=\"http:\/\/www.3-ca.org\/wp-content\/uploads\/2020\/10\/06-lumps.jpg\" data-link=\"http:\/\/3-ca.org\/?attachment_id=1079\" class=\"wp-image-1079\" srcset=\"https:\/\/www.3-ca.org\/wp-content\/uploads\/2020\/10\/06-lumps-1024x758.jpg 1024w, https:\/\/www.3-ca.org\/wp-content\/uploads\/2020\/10\/06-lumps-300x222.jpg 300w, https:\/\/www.3-ca.org\/wp-content\/uploads\/2020\/10\/06-lumps-768x569.jpg 768w, https:\/\/www.3-ca.org\/wp-content\/uploads\/2020\/10\/06-lumps.jpg 1319w\" sizes=\"(max-width: 1024px) 100vw, 1024px\" \/><\/a><\/figure><\/li><li class=\"blocks-gallery-item\"><figure><a href=\"http:\/\/www.3-ca.org\/wp-content\/uploads\/2020\/10\/07_coating.jpg\"><img decoding=\"async\" loading=\"lazy\" width=\"945\" height=\"943\" src=\"http:\/\/www.3-ca.org\/wp-content\/uploads\/2020\/10\/07_coating.jpg\" alt=\"\" data-id=\"1080\" data-full-url=\"http:\/\/www.3-ca.org\/wp-content\/uploads\/2020\/10\/07_coating.jpg\" data-link=\"http:\/\/3-ca.org\/?attachment_id=1080\" class=\"wp-image-1080\" srcset=\"https:\/\/www.3-ca.org\/wp-content\/uploads\/2020\/10\/07_coating.jpg 945w, https:\/\/www.3-ca.org\/wp-content\/uploads\/2020\/10\/07_coating-300x300.jpg 300w, https:\/\/www.3-ca.org\/wp-content\/uploads\/2020\/10\/07_coating-150x150.jpg 150w, https:\/\/www.3-ca.org\/wp-content\/uploads\/2020\/10\/07_coating-768x766.jpg 768w\" sizes=\"(max-width: 945px) 100vw, 945px\" \/><\/a><\/figure><\/li><li class=\"blocks-gallery-item\"><figure><a href=\"http:\/\/www.3-ca.org\/wp-content\/uploads\/2020\/10\/08_rutault.jpg\"><img decoding=\"async\" loading=\"lazy\" width=\"598\" height=\"900\" src=\"http:\/\/www.3-ca.org\/wp-content\/uploads\/2020\/10\/08_rutault.jpg\" alt=\"\" data-id=\"1081\" data-full-url=\"http:\/\/www.3-ca.org\/wp-content\/uploads\/2020\/10\/08_rutault.jpg\" data-link=\"http:\/\/3-ca.org\/?attachment_id=1081\" class=\"wp-image-1081\" srcset=\"https:\/\/www.3-ca.org\/wp-content\/uploads\/2020\/10\/08_rutault.jpg 598w, https:\/\/www.3-ca.org\/wp-content\/uploads\/2020\/10\/08_rutault-199x300.jpg 199w\" sizes=\"(max-width: 598px) 100vw, 598px\" \/><\/a><\/figure><\/li><li class=\"blocks-gallery-item\"><figure><a href=\"http:\/\/www.3-ca.org\/wp-content\/uploads\/2020\/10\/09_rutault.jpg\"><img decoding=\"async\" loading=\"lazy\" width=\"800\" height=\"600\" src=\"http:\/\/www.3-ca.org\/wp-content\/uploads\/2020\/10\/09_rutault.jpg\" alt=\"\" data-id=\"1082\" data-full-url=\"http:\/\/www.3-ca.org\/wp-content\/uploads\/2020\/10\/09_rutault.jpg\" data-link=\"http:\/\/3-ca.org\/?attachment_id=1082\" class=\"wp-image-1082\" srcset=\"https:\/\/www.3-ca.org\/wp-content\/uploads\/2020\/10\/09_rutault.jpg 800w, https:\/\/www.3-ca.org\/wp-content\/uploads\/2020\/10\/09_rutault-300x225.jpg 300w, https:\/\/www.3-ca.org\/wp-content\/uploads\/2020\/10\/09_rutault-768x576.jpg 768w\" sizes=\"(max-width: 800px) 100vw, 800px\" \/><\/a><\/figure><\/li><li class=\"blocks-gallery-item\"><figure><a href=\"http:\/\/www.3-ca.org\/wp-content\/uploads\/2020\/10\/10_bartas.jpg\"><img decoding=\"async\" loading=\"lazy\" width=\"900\" height=\"732\" src=\"http:\/\/www.3-ca.org\/wp-content\/uploads\/2020\/10\/10_bartas.jpg\" alt=\"\" data-id=\"1083\" data-full-url=\"http:\/\/www.3-ca.org\/wp-content\/uploads\/2020\/10\/10_bartas.jpg\" data-link=\"http:\/\/3-ca.org\/?attachment_id=1083\" class=\"wp-image-1083\" srcset=\"https:\/\/www.3-ca.org\/wp-content\/uploads\/2020\/10\/10_bartas.jpg 900w, https:\/\/www.3-ca.org\/wp-content\/uploads\/2020\/10\/10_bartas-300x244.jpg 300w, https:\/\/www.3-ca.org\/wp-content\/uploads\/2020\/10\/10_bartas-768x625.jpg 768w\" sizes=\"(max-width: 900px) 100vw, 900px\" \/><\/a><\/figure><\/li><li class=\"blocks-gallery-item\"><figure><a href=\"http:\/\/www.3-ca.org\/wp-content\/uploads\/2020\/10\/11_vilmouth.jpg\"><img decoding=\"async\" loading=\"lazy\" width=\"701\" height=\"895\" src=\"http:\/\/www.3-ca.org\/wp-content\/uploads\/2020\/10\/11_vilmouth.jpg\" alt=\"\" data-id=\"1084\" data-full-url=\"http:\/\/www.3-ca.org\/wp-content\/uploads\/2020\/10\/11_vilmouth.jpg\" data-link=\"http:\/\/3-ca.org\/?attachment_id=1084\" class=\"wp-image-1084\" srcset=\"https:\/\/www.3-ca.org\/wp-content\/uploads\/2020\/10\/11_vilmouth.jpg 701w, https:\/\/www.3-ca.org\/wp-content\/uploads\/2020\/10\/11_vilmouth-235x300.jpg 235w\" sizes=\"(max-width: 701px) 100vw, 701px\" \/><\/a><\/figure><\/li><li class=\"blocks-gallery-item\"><figure><a href=\"http:\/\/www.3-ca.org\/wp-content\/uploads\/2020\/10\/12_vilmouth.jpg\"><img decoding=\"async\" loading=\"lazy\" width=\"896\" height=\"707\" src=\"http:\/\/www.3-ca.org\/wp-content\/uploads\/2020\/10\/12_vilmouth.jpg\" alt=\"\" data-id=\"1085\" data-full-url=\"http:\/\/www.3-ca.org\/wp-content\/uploads\/2020\/10\/12_vilmouth.jpg\" data-link=\"http:\/\/3-ca.org\/?attachment_id=1085\" class=\"wp-image-1085\" srcset=\"https:\/\/www.3-ca.org\/wp-content\/uploads\/2020\/10\/12_vilmouth.jpg 896w, https:\/\/www.3-ca.org\/wp-content\/uploads\/2020\/10\/12_vilmouth-300x237.jpg 300w, https:\/\/www.3-ca.org\/wp-content\/uploads\/2020\/10\/12_vilmouth-768x606.jpg 768w\" sizes=\"(max-width: 896px) 100vw, 896px\" \/><\/a><\/figure><\/li><li class=\"blocks-gallery-item\"><figure><a href=\"http:\/\/www.3-ca.org\/wp-content\/uploads\/2020\/10\/13_vilmouth.jpg\"><img decoding=\"async\" loading=\"lazy\" width=\"701\" height=\"896\" src=\"http:\/\/www.3-ca.org\/wp-content\/uploads\/2020\/10\/13_vilmouth.jpg\" alt=\"\" data-id=\"1086\" data-full-url=\"http:\/\/www.3-ca.org\/wp-content\/uploads\/2020\/10\/13_vilmouth.jpg\" data-link=\"http:\/\/3-ca.org\/?attachment_id=1086\" class=\"wp-image-1086\" srcset=\"https:\/\/www.3-ca.org\/wp-content\/uploads\/2020\/10\/13_vilmouth.jpg 701w, https:\/\/www.3-ca.org\/wp-content\/uploads\/2020\/10\/13_vilmouth-235x300.jpg 235w\" sizes=\"(max-width: 701px) 100vw, 701px\" \/><\/a><\/figure><\/li><li class=\"blocks-gallery-item\"><figure><a href=\"http:\/\/www.3-ca.org\/wp-content\/uploads\/2020\/10\/14_arm.jpg\"><img decoding=\"async\" loading=\"lazy\" width=\"300\" height=\"381\" src=\"http:\/\/www.3-ca.org\/wp-content\/uploads\/2020\/10\/14_arm.jpg\" alt=\"\" data-id=\"1087\" data-full-url=\"http:\/\/www.3-ca.org\/wp-content\/uploads\/2020\/10\/14_arm.jpg\" data-link=\"http:\/\/3-ca.org\/?attachment_id=1087\" class=\"wp-image-1087\" srcset=\"https:\/\/www.3-ca.org\/wp-content\/uploads\/2020\/10\/14_arm.jpg 300w, https:\/\/www.3-ca.org\/wp-content\/uploads\/2020\/10\/14_arm-236x300.jpg 236w\" sizes=\"(max-width: 300px) 100vw, 300px\" \/><\/a><\/figure><\/li><li class=\"blocks-gallery-item\"><figure><a href=\"http:\/\/www.3-ca.org\/wp-content\/uploads\/2020\/10\/15_menanteau4.jpg\"><img decoding=\"async\" loading=\"lazy\" width=\"376\" height=\"322\" src=\"http:\/\/www.3-ca.org\/wp-content\/uploads\/2020\/10\/15_menanteau4.jpg\" alt=\"\" data-id=\"1088\" data-full-url=\"http:\/\/www.3-ca.org\/wp-content\/uploads\/2020\/10\/15_menanteau4.jpg\" data-link=\"http:\/\/3-ca.org\/?attachment_id=1088\" class=\"wp-image-1088\" srcset=\"https:\/\/www.3-ca.org\/wp-content\/uploads\/2020\/10\/15_menanteau4.jpg 376w, https:\/\/www.3-ca.org\/wp-content\/uploads\/2020\/10\/15_menanteau4-300x257.jpg 300w\" sizes=\"(max-width: 376px) 100vw, 376px\" \/><\/a><\/figure><\/li><li class=\"blocks-gallery-item\"><figure><a href=\"http:\/\/www.3-ca.org\/wp-content\/uploads\/2020\/10\/16_danse_iwana.jpg\"><img decoding=\"async\" loading=\"lazy\" width=\"397\" height=\"317\" src=\"http:\/\/www.3-ca.org\/wp-content\/uploads\/2020\/10\/16_danse_iwana.jpg\" alt=\"\" data-id=\"1089\" data-full-url=\"http:\/\/www.3-ca.org\/wp-content\/uploads\/2020\/10\/16_danse_iwana.jpg\" data-link=\"http:\/\/3-ca.org\/?attachment_id=1089\" class=\"wp-image-1089\" srcset=\"https:\/\/www.3-ca.org\/wp-content\/uploads\/2020\/10\/16_danse_iwana.jpg 397w, https:\/\/www.3-ca.org\/wp-content\/uploads\/2020\/10\/16_danse_iwana-300x240.jpg 300w\" sizes=\"(max-width: 397px) 100vw, 397px\" \/><\/a><\/figure><\/li><li class=\"blocks-gallery-item\"><figure><a href=\"http:\/\/www.3-ca.org\/wp-content\/uploads\/2020\/10\/17_nakamura.jpg\"><img decoding=\"async\" loading=\"lazy\" width=\"397\" height=\"317\" src=\"http:\/\/www.3-ca.org\/wp-content\/uploads\/2020\/10\/17_nakamura.jpg\" alt=\"\" data-id=\"1090\" data-full-url=\"http:\/\/www.3-ca.org\/wp-content\/uploads\/2020\/10\/17_nakamura.jpg\" data-link=\"http:\/\/3-ca.org\/?attachment_id=1090\" class=\"wp-image-1090\" srcset=\"https:\/\/www.3-ca.org\/wp-content\/uploads\/2020\/10\/17_nakamura.jpg 397w, https:\/\/www.3-ca.org\/wp-content\/uploads\/2020\/10\/17_nakamura-300x240.jpg 300w\" sizes=\"(max-width: 397px) 100vw, 397px\" \/><\/a><\/figure><\/li><li class=\"blocks-gallery-item\"><figure><a href=\"http:\/\/www.3-ca.org\/wp-content\/uploads\/2020\/10\/18_yioshioka.jpg\"><img decoding=\"async\" loading=\"lazy\" width=\"397\" height=\"317\" src=\"http:\/\/www.3-ca.org\/wp-content\/uploads\/2020\/10\/18_yioshioka.jpg\" alt=\"\" data-id=\"1091\" data-full-url=\"http:\/\/www.3-ca.org\/wp-content\/uploads\/2020\/10\/18_yioshioka.jpg\" data-link=\"http:\/\/3-ca.org\/?attachment_id=1091\" class=\"wp-image-1091\" srcset=\"https:\/\/www.3-ca.org\/wp-content\/uploads\/2020\/10\/18_yioshioka.jpg 397w, https:\/\/www.3-ca.org\/wp-content\/uploads\/2020\/10\/18_yioshioka-300x240.jpg 300w\" sizes=\"(max-width: 397px) 100vw, 397px\" \/><\/a><\/figure><\/li><\/ul><\/figure>\n\n\n\n<p>3CA est une association de loi 1901 dont l&rsquo;objet est de d\u00e9velopper la cr\u00e9ation, la production, la diffusion et la r\u00e9ception de projets artistiques.<\/p>\n\n\n\n<p>Cr\u00e9\u00e9e en 1998, 3CA agit dans le domaine de l&rsquo;art contemporain. Elle accompagne des institutions, des collectivit\u00e9s locales, des entreprises, des associations ainsi que des particuliers d\u00e9sireux de mettre en place un projet artistique.<\/p>\n\n\n\n<p><a href=\"http:\/\/www.3-ca.org\/?page_id=2\" target=\"_self\" rel=\"noopener noreferrer\">En savoir plus sur 3CA<\/a><\/p>\n","protected":false},"excerpt":{"rendered":"<p>3CA &#8211; m\u00e9diation et production artistiques 3CA est une association de loi 1901 dont l&rsquo;objet est de d\u00e9velopper la cr\u00e9ation, la production, la diffusion et la r\u00e9ception de projets artistiques. Cr\u00e9\u00e9e en 1998, 3CA agit dans le domaine de l&rsquo;art contemporain. Elle accompagne des institutions, des collectivit\u00e9s locales, des entreprises, des associations ainsi que des particuliers d\u00e9sireux de mettre en place un projet artistique. En savoir plus sur 3CA<\/p>\n","protected":false},"author":1,"featured_media":0,"parent":0,"menu_order":1,"comment_status":"open","ping_status":"open","template":"full-width-page-template.php","meta":[],"categories":[6],"tags":[],"_links":{"self":[{"href":"https:\/\/www.3-ca.org\/index.php?rest_route=\/wp\/v2\/pages\/476"}],"collection":[{"href":"https:\/\/www.3-ca.org\/index.php?rest_route=\/wp\/v2\/pages"}],"about":[{"href":"https:\/\/www.3-ca.org\/index.php?rest_route=\/wp\/v2\/types\/page"}],"author":[{"embeddable":true,"href":"https:\/\/www.3-ca.org\/index.php?rest_route=\/wp\/v2\/users\/1"}],"replies":[{"embeddable":true,"href":"https:\/\/www.3-ca.org\/index.php?rest_route=%2Fwp%2Fv2%2Fcomments&post=476"}],"version-history":[{"count":10,"href":"https:\/\/www.3-ca.org\/index.php?rest_route=\/wp\/v2\/pages\/476\/revisions"}],"predecessor-version":[{"id":1099,"href":"https:\/\/www.3-ca.org\/index.php?rest_route=\/wp\/v2\/pages\/476\/revisions\/1099"}],"wp:attachment":[{"href":"https:\/\/www.3-ca.org\/index.php?rest_route=%2Fwp%2Fv2%2Fmedia&parent=476"}],"wp:term":[{"taxonomy":"category","embeddable":true,"href":"https:\/\/www.3-ca.org\/index.php?rest_route=%2Fwp%2Fv2%2Fcategories&post=476"},{"taxonomy":"post_tag","embeddable":true,"href":"https:\/\/www.3-ca.org\/index.php?rest_route=%2Fwp%2Fv2%2Ftags&post=476"}],"curies":[{"name":"wp","href":"https:\/\/api.w.org\/{rel}","templated":true}]}}