{"id":327,"date":"2009-06-19T17:28:37","date_gmt":"2009-06-19T15:28:37","guid":{"rendered":"http:\/\/www.3-ca.org\/blog\/?page_id=327"},"modified":"2020-10-20T13:46:40","modified_gmt":"2020-10-20T11:46:40","slug":"ohanian","status":"publish","type":"page","link":"https:\/\/www.3-ca.org\/?page_id=327","title":{"rendered":"Melik Ohanian"},"content":{"rendered":"\n<h3><span style=\"color: #993300;\"><strong>C<\/strong><\/span><strong><span style=\"color: #993300;\">adence Modulaire<\/span> &#8211; 2010<br><\/strong><\/h3>\n\n\n\n<h3><strong><span style=\"color: #575757;\">H\u00f4pital Saint-Antoine, Paris 12e<\/span><\/strong><\/h3>\n\n\n\n<p>Oeuvre r\u00e9alis\u00e9e par Melik Ohanian pour l&rsquo;h\u00f4pital Saint-Antoine, dans le cadre d&rsquo;un partenariat entre la Fondation de France-action \u201c<a href=\"http:\/\/www.3-ca.org\/doc_ext\/NC.htm\" target=\"_blank\" rel=\"noopener noreferrer\">Nouveaux commanditaires<\/a>\u201d, le minist\u00e8re de la Culture et de la Communication \/ Direction g\u00e9n\u00e9rale de la cr\u00e9ation artistique \/&nbsp;Direction r\u00e9gionale des affaires culturelles d&rsquo;Ile de France au titre de la Commande publique, et l&rsquo;AP-HP.<\/p>\n\n\n\n<p>M\u00e9diation: association 3CA.<\/p>\n\n\n\n<p><strong>La commande&nbsp;<\/strong><\/p>\n\n\n\n<p>Dans le cadre de la construction du nouveau b\u00e2timent Urgences- Policlinique- R\u00e9animation (UPR), des membres du personnel de l\u2019h\u00f4pital Saint-Antoine ont souhait\u00e9 mettre en place une commande. Pour ce lieu central et sensible, tr\u00e8s fr\u00e9quent\u00e9 et ouvert 24h sur 24, une attention particuli\u00e8re a \u00e9t\u00e9 port\u00e9e \u00e0 la qualit\u00e9 spatiale, visuelle et sonore des b\u00e2timents. L\u2019am\u00e9nagement des espaces et leur dimension ont \u00e9t\u00e9 pens\u00e9s pour favoriser une prise en charge optimale des patients et des conditions de travail de qualit\u00e9. Dans ce contexte, un cahier des charges de la commande&nbsp;a \u00e9t\u00e9 \u00e9labor\u00e9 et c\u2019est une \u0153uvre \u00e0 la fois pr\u00e9sente et discr\u00e8te, non autoritaire, qui concerne autant les personnels que les patients, qui a \u00e9t\u00e9 souhait\u00e9e.<\/p>\n\n\n\n<p><strong>L&rsquo;\u0153uvre<\/strong><\/p>\n\n\n\n<p>L\u2019artiste Melik Ohanian a propos\u00e9 une s\u00e9rie de modules anim\u00e9s \u00e0 suspendre au plafond dans les lieux de circulation. En consultation avec le personnel de l\u2019h\u00f4pital, l\u2019artiste a \u00e9labor\u00e9 une \u00e9tude des d\u00e9placements et parcours du personnel et des patients afin de d\u00e9terminer le nombre de modules et leur implantation d\u00e9finitive.<br>Le module, en inox poli miroir et plexiglas blanc, est compos\u00e9 de deux formes g\u00e9om\u00e9triques simples et figure le croisement de deux parall\u00e9l\u00e9pip\u00e8des rectangles. Sa forme reprend la structure g\u00e9om\u00e9trique de l\u2019architecture du b\u00e2timent UPR. La co-mutation lente des modules cr\u00e9e un paysage sp\u00e9cifique d\u00e9tach\u00e9 du rythme m\u00e9dical du service.<\/p>\n\n\n\n<p><em>\u00ab\u00a0L&rsquo;oeuvre de Melik Ohanian \u00e0 l&rsquo;h\u00f4pital Saint-Antoine marque son a\/position en de fondant dans le blanc des murs, dans le carrelage des sols, dans les yeux des patients. Et si seul le battement suave de ces lumi\u00e8res trahit la pr\u00e9sence de ces modules et indique les flux constants dans ces lieux de passage, ce n&rsquo;est que pour mieux dispara\u00eetre dans un espace o\u00f9 se cristallisent le besoin, l&rsquo;aide, l&rsquo;espoir, le drame et la r\u00e9mission, le tragique et la gu\u00e9risson, en somme, la vie.\u00a0\u00bb <\/em><\/p>\n\n\n\n<p>Mathieu Copeland.<\/p>\n\n\n\n<figure class=\"is-layout-flex wp-block-gallery-1 wp-block-gallery columns-5 is-cropped\"><ul class=\"blocks-gallery-grid\"><li class=\"blocks-gallery-item\"><figure><a href=\"http:\/\/www.3-ca.org\/wp-content\/uploads\/2020\/10\/01-4.jpg\"><img decoding=\"async\" loading=\"lazy\" width=\"887\" height=\"574\" src=\"http:\/\/www.3-ca.org\/wp-content\/uploads\/2020\/10\/01-4.jpg\" alt=\"\" data-id=\"1212\" data-full-url=\"http:\/\/www.3-ca.org\/wp-content\/uploads\/2020\/10\/01-4.jpg\" data-link=\"http:\/\/3-ca.org\/?attachment_id=1212\" class=\"wp-image-1212\" srcset=\"https:\/\/www.3-ca.org\/wp-content\/uploads\/2020\/10\/01-4.jpg 887w, https:\/\/www.3-ca.org\/wp-content\/uploads\/2020\/10\/01-4-300x194.jpg 300w, https:\/\/www.3-ca.org\/wp-content\/uploads\/2020\/10\/01-4-768x497.jpg 768w\" sizes=\"(max-width: 887px) 100vw, 887px\" \/><\/a><\/figure><\/li><li class=\"blocks-gallery-item\"><figure><a href=\"http:\/\/www.3-ca.org\/wp-content\/uploads\/2020\/10\/02-4.jpg\"><img decoding=\"async\" loading=\"lazy\" width=\"893\" height=\"434\" src=\"http:\/\/www.3-ca.org\/wp-content\/uploads\/2020\/10\/02-4.jpg\" alt=\"\" data-id=\"1213\" data-full-url=\"http:\/\/www.3-ca.org\/wp-content\/uploads\/2020\/10\/02-4.jpg\" data-link=\"http:\/\/3-ca.org\/?attachment_id=1213\" class=\"wp-image-1213\" srcset=\"https:\/\/www.3-ca.org\/wp-content\/uploads\/2020\/10\/02-4.jpg 893w, https:\/\/www.3-ca.org\/wp-content\/uploads\/2020\/10\/02-4-300x146.jpg 300w, https:\/\/www.3-ca.org\/wp-content\/uploads\/2020\/10\/02-4-768x373.jpg 768w\" sizes=\"(max-width: 893px) 100vw, 893px\" \/><\/a><\/figure><\/li><li class=\"blocks-gallery-item\"><figure><a href=\"http:\/\/www.3-ca.org\/wp-content\/uploads\/2020\/10\/03-4.jpg\"><img decoding=\"async\" loading=\"lazy\" width=\"893\" height=\"435\" src=\"http:\/\/www.3-ca.org\/wp-content\/uploads\/2020\/10\/03-4.jpg\" alt=\"\" data-id=\"1214\" data-full-url=\"http:\/\/www.3-ca.org\/wp-content\/uploads\/2020\/10\/03-4.jpg\" data-link=\"http:\/\/3-ca.org\/?attachment_id=1214\" class=\"wp-image-1214\" srcset=\"https:\/\/www.3-ca.org\/wp-content\/uploads\/2020\/10\/03-4.jpg 893w, https:\/\/www.3-ca.org\/wp-content\/uploads\/2020\/10\/03-4-300x146.jpg 300w, https:\/\/www.3-ca.org\/wp-content\/uploads\/2020\/10\/03-4-768x374.jpg 768w\" sizes=\"(max-width: 893px) 100vw, 893px\" \/><\/a><\/figure><\/li><li class=\"blocks-gallery-item\"><figure><a href=\"http:\/\/www.3-ca.org\/wp-content\/uploads\/2020\/10\/04-4.jpg\"><img decoding=\"async\" loading=\"lazy\" width=\"893\" height=\"434\" src=\"http:\/\/www.3-ca.org\/wp-content\/uploads\/2020\/10\/04-4.jpg\" alt=\"\" data-id=\"1215\" data-full-url=\"http:\/\/www.3-ca.org\/wp-content\/uploads\/2020\/10\/04-4.jpg\" data-link=\"http:\/\/3-ca.org\/?attachment_id=1215\" class=\"wp-image-1215\" srcset=\"https:\/\/www.3-ca.org\/wp-content\/uploads\/2020\/10\/04-4.jpg 893w, https:\/\/www.3-ca.org\/wp-content\/uploads\/2020\/10\/04-4-300x146.jpg 300w, https:\/\/www.3-ca.org\/wp-content\/uploads\/2020\/10\/04-4-768x373.jpg 768w\" sizes=\"(max-width: 893px) 100vw, 893px\" \/><\/a><\/figure><\/li><li class=\"blocks-gallery-item\"><figure><a href=\"http:\/\/www.3-ca.org\/wp-content\/uploads\/2020\/10\/05-3.jpg\"><img decoding=\"async\" loading=\"lazy\" width=\"896\" height=\"628\" src=\"http:\/\/www.3-ca.org\/wp-content\/uploads\/2020\/10\/05-3.jpg\" alt=\"\" data-id=\"1216\" data-full-url=\"http:\/\/www.3-ca.org\/wp-content\/uploads\/2020\/10\/05-3.jpg\" data-link=\"http:\/\/3-ca.org\/?attachment_id=1216\" class=\"wp-image-1216\" srcset=\"https:\/\/www.3-ca.org\/wp-content\/uploads\/2020\/10\/05-3.jpg 896w, https:\/\/www.3-ca.org\/wp-content\/uploads\/2020\/10\/05-3-300x210.jpg 300w, https:\/\/www.3-ca.org\/wp-content\/uploads\/2020\/10\/05-3-768x538.jpg 768w\" sizes=\"(max-width: 896px) 100vw, 896px\" \/><\/a><\/figure><\/li><li class=\"blocks-gallery-item\"><figure><a href=\"http:\/\/www.3-ca.org\/wp-content\/uploads\/2020\/10\/06-3.jpg\"><img decoding=\"async\" loading=\"lazy\" width=\"896\" height=\"626\" src=\"http:\/\/www.3-ca.org\/wp-content\/uploads\/2020\/10\/06-3.jpg\" alt=\"\" data-id=\"1217\" data-full-url=\"http:\/\/www.3-ca.org\/wp-content\/uploads\/2020\/10\/06-3.jpg\" data-link=\"http:\/\/3-ca.org\/?attachment_id=1217\" class=\"wp-image-1217\" srcset=\"https:\/\/www.3-ca.org\/wp-content\/uploads\/2020\/10\/06-3.jpg 896w, https:\/\/www.3-ca.org\/wp-content\/uploads\/2020\/10\/06-3-300x210.jpg 300w, https:\/\/www.3-ca.org\/wp-content\/uploads\/2020\/10\/06-3-768x537.jpg 768w\" sizes=\"(max-width: 896px) 100vw, 896px\" \/><\/a><\/figure><\/li><li class=\"blocks-gallery-item\"><figure><a href=\"http:\/\/www.3-ca.org\/wp-content\/uploads\/2020\/10\/7.jpg\"><img decoding=\"async\" loading=\"lazy\" width=\"896\" height=\"624\" src=\"http:\/\/www.3-ca.org\/wp-content\/uploads\/2020\/10\/7.jpg\" alt=\"\" data-id=\"1218\" data-full-url=\"http:\/\/www.3-ca.org\/wp-content\/uploads\/2020\/10\/7.jpg\" data-link=\"http:\/\/3-ca.org\/?attachment_id=1218\" class=\"wp-image-1218\" srcset=\"https:\/\/www.3-ca.org\/wp-content\/uploads\/2020\/10\/7.jpg 896w, https:\/\/www.3-ca.org\/wp-content\/uploads\/2020\/10\/7-300x209.jpg 300w, https:\/\/www.3-ca.org\/wp-content\/uploads\/2020\/10\/7-768x535.jpg 768w\" sizes=\"(max-width: 896px) 100vw, 896px\" \/><\/a><\/figure><\/li><li class=\"blocks-gallery-item\"><figure><a href=\"http:\/\/www.3-ca.org\/wp-content\/uploads\/2020\/10\/08-2.jpg\"><img decoding=\"async\" loading=\"lazy\" width=\"903\" height=\"631\" src=\"http:\/\/www.3-ca.org\/wp-content\/uploads\/2020\/10\/08-2.jpg\" alt=\"\" data-id=\"1219\" data-full-url=\"http:\/\/www.3-ca.org\/wp-content\/uploads\/2020\/10\/08-2.jpg\" data-link=\"http:\/\/3-ca.org\/?attachment_id=1219\" class=\"wp-image-1219\" srcset=\"https:\/\/www.3-ca.org\/wp-content\/uploads\/2020\/10\/08-2.jpg 903w, https:\/\/www.3-ca.org\/wp-content\/uploads\/2020\/10\/08-2-300x210.jpg 300w, https:\/\/www.3-ca.org\/wp-content\/uploads\/2020\/10\/08-2-768x537.jpg 768w\" sizes=\"(max-width: 903px) 100vw, 903px\" \/><\/a><\/figure><\/li><li class=\"blocks-gallery-item\"><figure><a href=\"http:\/\/www.3-ca.org\/wp-content\/uploads\/2020\/10\/09-2.jpg\"><img decoding=\"async\" loading=\"lazy\" width=\"903\" height=\"632\" src=\"http:\/\/www.3-ca.org\/wp-content\/uploads\/2020\/10\/09-2.jpg\" alt=\"\" data-id=\"1220\" data-full-url=\"http:\/\/www.3-ca.org\/wp-content\/uploads\/2020\/10\/09-2.jpg\" data-link=\"http:\/\/3-ca.org\/?attachment_id=1220\" class=\"wp-image-1220\" srcset=\"https:\/\/www.3-ca.org\/wp-content\/uploads\/2020\/10\/09-2.jpg 903w, https:\/\/www.3-ca.org\/wp-content\/uploads\/2020\/10\/09-2-300x210.jpg 300w, https:\/\/www.3-ca.org\/wp-content\/uploads\/2020\/10\/09-2-768x538.jpg 768w\" sizes=\"(max-width: 903px) 100vw, 903px\" \/><\/a><\/figure><\/li><li class=\"blocks-gallery-item\"><figure><a href=\"http:\/\/www.3-ca.org\/wp-content\/uploads\/2020\/10\/10-2.jpg\"><img decoding=\"async\" loading=\"lazy\" width=\"415\" height=\"625\" src=\"http:\/\/www.3-ca.org\/wp-content\/uploads\/2020\/10\/10-2.jpg\" alt=\"\" data-id=\"1221\" data-full-url=\"http:\/\/www.3-ca.org\/wp-content\/uploads\/2020\/10\/10-2.jpg\" data-link=\"http:\/\/3-ca.org\/?attachment_id=1221\" class=\"wp-image-1221\" srcset=\"https:\/\/www.3-ca.org\/wp-content\/uploads\/2020\/10\/10-2.jpg 415w, https:\/\/www.3-ca.org\/wp-content\/uploads\/2020\/10\/10-2-199x300.jpg 199w\" sizes=\"(max-width: 415px) 100vw, 415px\" \/><\/a><\/figure><\/li><li class=\"blocks-gallery-item\"><figure><a href=\"http:\/\/www.3-ca.org\/wp-content\/uploads\/2020\/10\/11-2.jpg\"><img decoding=\"async\" loading=\"lazy\" width=\"670\" height=\"671\" src=\"http:\/\/www.3-ca.org\/wp-content\/uploads\/2020\/10\/11-2.jpg\" alt=\"\" data-id=\"1222\" data-full-url=\"http:\/\/www.3-ca.org\/wp-content\/uploads\/2020\/10\/11-2.jpg\" data-link=\"http:\/\/3-ca.org\/?attachment_id=1222\" class=\"wp-image-1222\" srcset=\"https:\/\/www.3-ca.org\/wp-content\/uploads\/2020\/10\/11-2.jpg 670w, https:\/\/www.3-ca.org\/wp-content\/uploads\/2020\/10\/11-2-300x300.jpg 300w, https:\/\/www.3-ca.org\/wp-content\/uploads\/2020\/10\/11-2-150x150.jpg 150w\" sizes=\"(max-width: 670px) 100vw, 670px\" \/><\/a><\/figure><\/li><li class=\"blocks-gallery-item\"><figure><a href=\"http:\/\/www.3-ca.org\/wp-content\/uploads\/2020\/10\/12-1.jpg\"><img decoding=\"async\" loading=\"lazy\" width=\"561\" height=\"375\" src=\"http:\/\/www.3-ca.org\/wp-content\/uploads\/2020\/10\/12-1.jpg\" alt=\"\" data-id=\"1223\" data-full-url=\"http:\/\/www.3-ca.org\/wp-content\/uploads\/2020\/10\/12-1.jpg\" data-link=\"http:\/\/3-ca.org\/?attachment_id=1223\" class=\"wp-image-1223\" srcset=\"https:\/\/www.3-ca.org\/wp-content\/uploads\/2020\/10\/12-1.jpg 561w, https:\/\/www.3-ca.org\/wp-content\/uploads\/2020\/10\/12-1-300x201.jpg 300w\" sizes=\"(max-width: 561px) 100vw, 561px\" \/><\/a><\/figure><\/li><li class=\"blocks-gallery-item\"><figure><a href=\"http:\/\/www.3-ca.org\/wp-content\/uploads\/2020\/10\/Ohanian_site_1.jpg\"><img decoding=\"async\" loading=\"lazy\" width=\"448\" height=\"600\" src=\"http:\/\/www.3-ca.org\/wp-content\/uploads\/2020\/10\/Ohanian_site_1.jpg\" alt=\"\" data-id=\"1224\" data-full-url=\"http:\/\/www.3-ca.org\/wp-content\/uploads\/2020\/10\/Ohanian_site_1.jpg\" data-link=\"http:\/\/3-ca.org\/?attachment_id=1224\" class=\"wp-image-1224\" srcset=\"https:\/\/www.3-ca.org\/wp-content\/uploads\/2020\/10\/Ohanian_site_1.jpg 448w, https:\/\/www.3-ca.org\/wp-content\/uploads\/2020\/10\/Ohanian_site_1-224x300.jpg 224w\" sizes=\"(max-width: 448px) 100vw, 448px\" \/><\/a><\/figure><\/li><\/ul><\/figure>\n\n\n\n<p><strong>L&rsquo;artiste<\/strong><\/p>\n\n\n\n<p>Melik Ohanian, n\u00e9 en France en 1969, vit et travaille entre Paris et New York.<br>Son travail s\u2019entend en terme de territoires physiques et conceptuels dont le point central serait la notion de temps. Nourrie de recherches, de m\u00e9thodes scientifiques et de philosophie, son oeuvre se d\u00e9veloppe au travers d\u2019une multiplicit\u00e9 de m\u00e9diums. Les dispositifs r\u00e9alis\u00e9s interrogent les modes de repr\u00e9sentation de l\u2019exposition et d\u00e9passent les cadres habituels de l\u2019image dans ses dimensions spatiales et temporelles (photographie, film, vid\u00e9o etc.). Les projets de l\u2019artiste sont sp\u00e9cifiques \u00e0 leurs contextes de production et d\u2019exposition tout en s\u2019interrogeant l\u2019un l\u2019autre.<\/p>\n\n\n\n<p>Melik Ohanian &nbsp;:&nbsp;http:\/\/melikohanian.com\/<b><br><\/b><\/p>\n","protected":false},"excerpt":{"rendered":"<p>Cadence Modulaire &#8211; 2010 H\u00f4pital Saint-Antoine, Paris 12e Oeuvre r\u00e9alis\u00e9e par Melik Ohanian pour l&rsquo;h\u00f4pital Saint-Antoine, dans le cadre d&rsquo;un partenariat entre la Fondation de France-action \u201cNouveaux commanditaires\u201d, le minist\u00e8re de la Culture et de la Communication \/ Direction g\u00e9n\u00e9rale de la cr\u00e9ation artistique \/&nbsp;Direction r\u00e9gionale des affaires culturelles d&rsquo;Ile de France au titre de la Commande publique, et l&rsquo;AP-HP. M\u00e9diation: association 3CA. La commande&nbsp; Dans le cadre de la<\/p>\n<div class=\"belowpost\"><a class=\"btnmore\" href=\"https:\/\/www.3-ca.org\/?page_id=327\">Read More<\/a><\/div>\n","protected":false},"author":1,"featured_media":0,"parent":0,"menu_order":100,"comment_status":"open","ping_status":"open","template":"","meta":[],"categories":[],"tags":[],"_links":{"self":[{"href":"https:\/\/www.3-ca.org\/index.php?rest_route=\/wp\/v2\/pages\/327"}],"collection":[{"href":"https:\/\/www.3-ca.org\/index.php?rest_route=\/wp\/v2\/pages"}],"about":[{"href":"https:\/\/www.3-ca.org\/index.php?rest_route=\/wp\/v2\/types\/page"}],"author":[{"embeddable":true,"href":"https:\/\/www.3-ca.org\/index.php?rest_route=\/wp\/v2\/users\/1"}],"replies":[{"embeddable":true,"href":"https:\/\/www.3-ca.org\/index.php?rest_route=%2Fwp%2Fv2%2Fcomments&post=327"}],"version-history":[{"count":2,"href":"https:\/\/www.3-ca.org\/index.php?rest_route=\/wp\/v2\/pages\/327\/revisions"}],"predecessor-version":[{"id":1226,"href":"https:\/\/www.3-ca.org\/index.php?rest_route=\/wp\/v2\/pages\/327\/revisions\/1226"}],"wp:attachment":[{"href":"https:\/\/www.3-ca.org\/index.php?rest_route=%2Fwp%2Fv2%2Fmedia&parent=327"}],"wp:term":[{"taxonomy":"category","embeddable":true,"href":"https:\/\/www.3-ca.org\/index.php?rest_route=%2Fwp%2Fv2%2Fcategories&post=327"},{"taxonomy":"post_tag","embeddable":true,"href":"https:\/\/www.3-ca.org\/index.php?rest_route=%2Fwp%2Fv2%2Ftags&post=327"}],"curies":[{"name":"wp","href":"https:\/\/api.w.org\/{rel}","templated":true}]}}