{"id":294,"date":"2009-06-19T14:52:28","date_gmt":"2009-06-19T12:52:28","guid":{"rendered":"http:\/\/www.3-ca.org\/blog\/?page_id=294"},"modified":"2020-10-20T13:57:05","modified_gmt":"2020-10-20T11:57:05","slug":"stockholder-rennes","status":"publish","type":"page","link":"https:\/\/www.3-ca.org\/?page_id=294","title":{"rendered":"Jessica Stockholder \/ Rennes"},"content":{"rendered":"\n<h3><strong><span style=\"color: #800000;\">Lumps Bumps &amp; Windy Figures Too<\/span><\/strong><\/h3>\n\n\n\n<h3><span style=\"color: #808080;\">Galerie Art &amp; Essai, Universit\u00e9 Rennes 2<\/span><\/h3>\n\n\n\n<p>Exposition \u00e0 la Galerie Art &amp; Essai \u00e0 Rennes du 12 novembre au 19 d\u00e9cembre 2008<br>Commissariat : Mari Linnman &#8211; 3CA<\/p>\n\n\n\n<figure class=\"is-layout-flex wp-block-gallery-1 wp-block-gallery columns-4 is-cropped\"><ul class=\"blocks-gallery-grid\"><li class=\"blocks-gallery-item\"><figure><a href=\"http:\/\/www.3-ca.org\/wp-content\/uploads\/2020\/10\/01-6.jpg\"><img decoding=\"async\" loading=\"lazy\" width=\"1024\" height=\"758\" src=\"http:\/\/www.3-ca.org\/wp-content\/uploads\/2020\/10\/01-6-1024x758.jpg\" alt=\"\" data-id=\"1267\" data-full-url=\"http:\/\/www.3-ca.org\/wp-content\/uploads\/2020\/10\/01-6.jpg\" data-link=\"http:\/\/3-ca.org\/?attachment_id=1267\" class=\"wp-image-1267\" srcset=\"https:\/\/www.3-ca.org\/wp-content\/uploads\/2020\/10\/01-6-1024x758.jpg 1024w, https:\/\/www.3-ca.org\/wp-content\/uploads\/2020\/10\/01-6-300x222.jpg 300w, https:\/\/www.3-ca.org\/wp-content\/uploads\/2020\/10\/01-6-768x569.jpg 768w, https:\/\/www.3-ca.org\/wp-content\/uploads\/2020\/10\/01-6.jpg 1319w\" sizes=\"(max-width: 1024px) 100vw, 1024px\" \/><\/a><\/figure><\/li><li class=\"blocks-gallery-item\"><figure><a href=\"http:\/\/www.3-ca.org\/wp-content\/uploads\/2020\/10\/02-6-scaled.jpg\"><img decoding=\"async\" loading=\"lazy\" width=\"752\" height=\"1024\" src=\"http:\/\/www.3-ca.org\/wp-content\/uploads\/2020\/10\/02-6-752x1024.jpg\" alt=\"\" data-id=\"1268\" data-full-url=\"http:\/\/www.3-ca.org\/wp-content\/uploads\/2020\/10\/02-6-scaled.jpg\" data-link=\"http:\/\/3-ca.org\/?attachment_id=1268\" class=\"wp-image-1268\" srcset=\"https:\/\/www.3-ca.org\/wp-content\/uploads\/2020\/10\/02-6-752x1024.jpg 752w, https:\/\/www.3-ca.org\/wp-content\/uploads\/2020\/10\/02-6-220x300.jpg 220w, https:\/\/www.3-ca.org\/wp-content\/uploads\/2020\/10\/02-6-768x1045.jpg 768w, https:\/\/www.3-ca.org\/wp-content\/uploads\/2020\/10\/02-6-1129x1536.jpg 1129w, https:\/\/www.3-ca.org\/wp-content\/uploads\/2020\/10\/02-6-1505x2048.jpg 1505w, https:\/\/www.3-ca.org\/wp-content\/uploads\/2020\/10\/02-6-scaled.jpg 1881w\" sizes=\"(max-width: 752px) 100vw, 752px\" \/><\/a><\/figure><\/li><li class=\"blocks-gallery-item\"><figure><a href=\"http:\/\/www.3-ca.org\/wp-content\/uploads\/2020\/10\/03-6.jpg\"><img decoding=\"async\" loading=\"lazy\" width=\"1024\" height=\"765\" src=\"http:\/\/www.3-ca.org\/wp-content\/uploads\/2020\/10\/03-6-1024x765.jpg\" alt=\"\" data-id=\"1269\" data-full-url=\"http:\/\/www.3-ca.org\/wp-content\/uploads\/2020\/10\/03-6.jpg\" data-link=\"http:\/\/3-ca.org\/?attachment_id=1269\" class=\"wp-image-1269\" srcset=\"https:\/\/www.3-ca.org\/wp-content\/uploads\/2020\/10\/03-6-1024x765.jpg 1024w, https:\/\/www.3-ca.org\/wp-content\/uploads\/2020\/10\/03-6-300x224.jpg 300w, https:\/\/www.3-ca.org\/wp-content\/uploads\/2020\/10\/03-6-768x574.jpg 768w, https:\/\/www.3-ca.org\/wp-content\/uploads\/2020\/10\/03-6.jpg 1316w\" sizes=\"(max-width: 1024px) 100vw, 1024px\" \/><\/a><\/figure><\/li><li class=\"blocks-gallery-item\"><figure><a href=\"http:\/\/www.3-ca.org\/wp-content\/uploads\/2020\/10\/05-5.jpg\"><img decoding=\"async\" loading=\"lazy\" width=\"640\" height=\"480\" src=\"http:\/\/www.3-ca.org\/wp-content\/uploads\/2020\/10\/05-5.jpg\" alt=\"\" data-id=\"1270\" data-full-url=\"http:\/\/www.3-ca.org\/wp-content\/uploads\/2020\/10\/05-5.jpg\" data-link=\"http:\/\/3-ca.org\/?attachment_id=1270\" class=\"wp-image-1270\" srcset=\"https:\/\/www.3-ca.org\/wp-content\/uploads\/2020\/10\/05-5.jpg 640w, https:\/\/www.3-ca.org\/wp-content\/uploads\/2020\/10\/05-5-300x225.jpg 300w\" sizes=\"(max-width: 640px) 100vw, 640px\" \/><\/a><\/figure><\/li><li class=\"blocks-gallery-item\"><figure><a href=\"http:\/\/www.3-ca.org\/wp-content\/uploads\/2020\/10\/06-5.jpg\"><img decoding=\"async\" loading=\"lazy\" width=\"640\" height=\"480\" src=\"http:\/\/www.3-ca.org\/wp-content\/uploads\/2020\/10\/06-5.jpg\" alt=\"\" data-id=\"1271\" data-full-url=\"http:\/\/www.3-ca.org\/wp-content\/uploads\/2020\/10\/06-5.jpg\" data-link=\"http:\/\/3-ca.org\/?attachment_id=1271\" class=\"wp-image-1271\" srcset=\"https:\/\/www.3-ca.org\/wp-content\/uploads\/2020\/10\/06-5.jpg 640w, https:\/\/www.3-ca.org\/wp-content\/uploads\/2020\/10\/06-5-300x225.jpg 300w\" sizes=\"(max-width: 640px) 100vw, 640px\" \/><\/a><\/figure><\/li><li class=\"blocks-gallery-item\"><figure><a href=\"http:\/\/www.3-ca.org\/wp-content\/uploads\/2020\/10\/07-4.jpg\"><img decoding=\"async\" loading=\"lazy\" width=\"640\" height=\"480\" src=\"http:\/\/www.3-ca.org\/wp-content\/uploads\/2020\/10\/07-4.jpg\" alt=\"\" data-id=\"1272\" data-full-url=\"http:\/\/www.3-ca.org\/wp-content\/uploads\/2020\/10\/07-4.jpg\" data-link=\"http:\/\/3-ca.org\/?attachment_id=1272\" class=\"wp-image-1272\" srcset=\"https:\/\/www.3-ca.org\/wp-content\/uploads\/2020\/10\/07-4.jpg 640w, https:\/\/www.3-ca.org\/wp-content\/uploads\/2020\/10\/07-4-300x225.jpg 300w\" sizes=\"(max-width: 640px) 100vw, 640px\" \/><\/a><\/figure><\/li><li class=\"blocks-gallery-item\"><figure><a href=\"http:\/\/www.3-ca.org\/wp-content\/uploads\/2020\/10\/08-4.jpg\"><img decoding=\"async\" loading=\"lazy\" width=\"1024\" height=\"753\" src=\"http:\/\/www.3-ca.org\/wp-content\/uploads\/2020\/10\/08-4-1024x753.jpg\" alt=\"\" data-id=\"1273\" data-full-url=\"http:\/\/www.3-ca.org\/wp-content\/uploads\/2020\/10\/08-4.jpg\" data-link=\"http:\/\/3-ca.org\/?attachment_id=1273\" class=\"wp-image-1273\" srcset=\"https:\/\/www.3-ca.org\/wp-content\/uploads\/2020\/10\/08-4-1024x753.jpg 1024w, https:\/\/www.3-ca.org\/wp-content\/uploads\/2020\/10\/08-4-300x221.jpg 300w, https:\/\/www.3-ca.org\/wp-content\/uploads\/2020\/10\/08-4-768x565.jpg 768w, https:\/\/www.3-ca.org\/wp-content\/uploads\/2020\/10\/08-4.jpg 1360w\" sizes=\"(max-width: 1024px) 100vw, 1024px\" \/><\/a><\/figure><\/li><li class=\"blocks-gallery-item\"><figure><a href=\"http:\/\/www.3-ca.org\/wp-content\/uploads\/2020\/10\/09-4.jpg\"><img decoding=\"async\" loading=\"lazy\" width=\"1024\" height=\"683\" src=\"http:\/\/www.3-ca.org\/wp-content\/uploads\/2020\/10\/09-4-1024x683.jpg\" alt=\"\" data-id=\"1274\" data-full-url=\"http:\/\/www.3-ca.org\/wp-content\/uploads\/2020\/10\/09-4.jpg\" data-link=\"http:\/\/3-ca.org\/?attachment_id=1274\" class=\"wp-image-1274\" srcset=\"https:\/\/www.3-ca.org\/wp-content\/uploads\/2020\/10\/09-4-1024x683.jpg 1024w, https:\/\/www.3-ca.org\/wp-content\/uploads\/2020\/10\/09-4-300x200.jpg 300w, https:\/\/www.3-ca.org\/wp-content\/uploads\/2020\/10\/09-4-768x512.jpg 768w, https:\/\/www.3-ca.org\/wp-content\/uploads\/2020\/10\/09-4.jpg 1500w\" sizes=\"(max-width: 1024px) 100vw, 1024px\" \/><\/a><\/figure><\/li><li class=\"blocks-gallery-item\"><figure><a href=\"http:\/\/www.3-ca.org\/wp-content\/uploads\/2020\/10\/10-4.jpg\"><img decoding=\"async\" loading=\"lazy\" width=\"1024\" height=\"680\" src=\"http:\/\/www.3-ca.org\/wp-content\/uploads\/2020\/10\/10-4-1024x680.jpg\" alt=\"\" data-id=\"1275\" data-full-url=\"http:\/\/www.3-ca.org\/wp-content\/uploads\/2020\/10\/10-4.jpg\" data-link=\"http:\/\/3-ca.org\/?attachment_id=1275\" class=\"wp-image-1275\" srcset=\"https:\/\/www.3-ca.org\/wp-content\/uploads\/2020\/10\/10-4-1024x680.jpg 1024w, https:\/\/www.3-ca.org\/wp-content\/uploads\/2020\/10\/10-4-300x199.jpg 300w, https:\/\/www.3-ca.org\/wp-content\/uploads\/2020\/10\/10-4-768x510.jpg 768w, https:\/\/www.3-ca.org\/wp-content\/uploads\/2020\/10\/10-4.jpg 1237w\" sizes=\"(max-width: 1024px) 100vw, 1024px\" \/><\/a><\/figure><\/li><li class=\"blocks-gallery-item\"><figure><a href=\"http:\/\/www.3-ca.org\/wp-content\/uploads\/2020\/10\/11-4.jpg\"><img decoding=\"async\" loading=\"lazy\" width=\"1024\" height=\"680\" src=\"http:\/\/www.3-ca.org\/wp-content\/uploads\/2020\/10\/11-4-1024x680.jpg\" alt=\"\" data-id=\"1276\" data-full-url=\"http:\/\/www.3-ca.org\/wp-content\/uploads\/2020\/10\/11-4.jpg\" data-link=\"http:\/\/3-ca.org\/?attachment_id=1276\" class=\"wp-image-1276\" srcset=\"https:\/\/www.3-ca.org\/wp-content\/uploads\/2020\/10\/11-4-1024x680.jpg 1024w, https:\/\/www.3-ca.org\/wp-content\/uploads\/2020\/10\/11-4-300x199.jpg 300w, https:\/\/www.3-ca.org\/wp-content\/uploads\/2020\/10\/11-4-768x510.jpg 768w, https:\/\/www.3-ca.org\/wp-content\/uploads\/2020\/10\/11-4.jpg 1237w\" sizes=\"(max-width: 1024px) 100vw, 1024px\" \/><\/a><\/figure><\/li><li class=\"blocks-gallery-item\"><figure><a href=\"http:\/\/www.3-ca.org\/wp-content\/uploads\/2020\/10\/12-3.jpg\"><img decoding=\"async\" loading=\"lazy\" width=\"680\" height=\"1024\" src=\"http:\/\/www.3-ca.org\/wp-content\/uploads\/2020\/10\/12-3-680x1024.jpg\" alt=\"\" data-id=\"1277\" data-full-url=\"http:\/\/www.3-ca.org\/wp-content\/uploads\/2020\/10\/12-3.jpg\" data-link=\"http:\/\/3-ca.org\/?attachment_id=1277\" class=\"wp-image-1277\" srcset=\"https:\/\/www.3-ca.org\/wp-content\/uploads\/2020\/10\/12-3-680x1024.jpg 680w, https:\/\/www.3-ca.org\/wp-content\/uploads\/2020\/10\/12-3-199x300.jpg 199w, https:\/\/www.3-ca.org\/wp-content\/uploads\/2020\/10\/12-3-768x1156.jpg 768w, https:\/\/www.3-ca.org\/wp-content\/uploads\/2020\/10\/12-3.jpg 822w\" sizes=\"(max-width: 680px) 100vw, 680px\" \/><\/a><\/figure><\/li><li class=\"blocks-gallery-item\"><figure><a href=\"http:\/\/www.3-ca.org\/wp-content\/uploads\/2020\/10\/13-1.jpg\"><img decoding=\"async\" loading=\"lazy\" width=\"1024\" height=\"680\" src=\"http:\/\/www.3-ca.org\/wp-content\/uploads\/2020\/10\/13-1-1024x680.jpg\" alt=\"\" data-id=\"1278\" data-full-url=\"http:\/\/www.3-ca.org\/wp-content\/uploads\/2020\/10\/13-1.jpg\" data-link=\"http:\/\/3-ca.org\/?attachment_id=1278\" class=\"wp-image-1278\" srcset=\"https:\/\/www.3-ca.org\/wp-content\/uploads\/2020\/10\/13-1-1024x680.jpg 1024w, https:\/\/www.3-ca.org\/wp-content\/uploads\/2020\/10\/13-1-300x199.jpg 300w, https:\/\/www.3-ca.org\/wp-content\/uploads\/2020\/10\/13-1-768x510.jpg 768w, https:\/\/www.3-ca.org\/wp-content\/uploads\/2020\/10\/13-1.jpg 1237w\" sizes=\"(max-width: 1024px) 100vw, 1024px\" \/><\/a><\/figure><\/li><\/ul><\/figure>\n\n\n\n<p>L&rsquo;exposition <em>Lumps Bumps &amp; Windy Figures Too<\/em> a montr\u00e9 pour la premi\u00e8re fois le travail photographique de l&rsquo;artiste Jessica Stockholder. La s\u00e9rie de photographies \u00e9tait accompagn\u00e9e de l&rsquo;installation&nbsp; \u2013 <em>Lumps Bumps &amp; Windy Figures Too <\/em>\u2013 \u0153uvre qui permet d&rsquo;aborder les sujets math\u00e9matique et artistique \u00e0 travers le jeu.<\/p>\n\n\n\n<p>Un livre d&rsquo;artiste intitul\u00e9 <em><a href=\"http:\/\/www.3-ca.org\/?page_id=257\" target=\"_self\" rel=\"noopener noreferrer\">Coating<\/a><\/em><em>,<\/em> r\u00e9alis\u00e9 sous la direction de Mari Linnman, a \u00e9t\u00e9 publi\u00e9 aux Editions Incertain Sens et&nbsp; avec le soutien du FRAC Bretagne et de la galerie Nathalie Obadia.<\/p>\n","protected":false},"excerpt":{"rendered":"<p>Lumps Bumps &amp; Windy Figures Too Galerie Art &amp; Essai, Universit\u00e9 Rennes 2 Exposition \u00e0 la Galerie Art &amp; Essai \u00e0 Rennes du 12 novembre au 19 d\u00e9cembre 2008Commissariat : Mari Linnman &#8211; 3CA L&rsquo;exposition Lumps Bumps &amp; Windy Figures Too a montr\u00e9 pour la premi\u00e8re fois le travail photographique de l&rsquo;artiste Jessica Stockholder. La s\u00e9rie de photographies \u00e9tait accompagn\u00e9e de l&rsquo;installation&nbsp; \u2013 Lumps Bumps &amp; Windy Figures Too \u2013<\/p>\n<div class=\"belowpost\"><a class=\"btnmore\" href=\"https:\/\/www.3-ca.org\/?page_id=294\">Read More<\/a><\/div>\n","protected":false},"author":1,"featured_media":0,"parent":0,"menu_order":132,"comment_status":"open","ping_status":"open","template":"","meta":[],"categories":[],"tags":[],"_links":{"self":[{"href":"https:\/\/www.3-ca.org\/index.php?rest_route=\/wp\/v2\/pages\/294"}],"collection":[{"href":"https:\/\/www.3-ca.org\/index.php?rest_route=\/wp\/v2\/pages"}],"about":[{"href":"https:\/\/www.3-ca.org\/index.php?rest_route=\/wp\/v2\/types\/page"}],"author":[{"embeddable":true,"href":"https:\/\/www.3-ca.org\/index.php?rest_route=\/wp\/v2\/users\/1"}],"replies":[{"embeddable":true,"href":"https:\/\/www.3-ca.org\/index.php?rest_route=%2Fwp%2Fv2%2Fcomments&post=294"}],"version-history":[{"count":1,"href":"https:\/\/www.3-ca.org\/index.php?rest_route=\/wp\/v2\/pages\/294\/revisions"}],"predecessor-version":[{"id":1279,"href":"https:\/\/www.3-ca.org\/index.php?rest_route=\/wp\/v2\/pages\/294\/revisions\/1279"}],"wp:attachment":[{"href":"https:\/\/www.3-ca.org\/index.php?rest_route=%2Fwp%2Fv2%2Fmedia&parent=294"}],"wp:term":[{"taxonomy":"category","embeddable":true,"href":"https:\/\/www.3-ca.org\/index.php?rest_route=%2Fwp%2Fv2%2Fcategories&post=294"},{"taxonomy":"post_tag","embeddable":true,"href":"https:\/\/www.3-ca.org\/index.php?rest_route=%2Fwp%2Fv2%2Ftags&post=294"}],"curies":[{"name":"wp","href":"https:\/\/api.w.org\/{rel}","templated":true}]}}