{"id":276,"date":"2009-06-18T01:36:05","date_gmt":"2009-06-17T23:36:05","guid":{"rendered":"http:\/\/www.3-ca.org\/blog\/?page_id=276"},"modified":"2009-06-18T01:36:05","modified_gmt":"2009-06-17T23:36:05","slug":"partenaires","status":"publish","type":"page","link":"https:\/\/www.3-ca.org\/?page_id=276","title":{"rendered":"Partenaires"},"content":{"rendered":"<p>Assistance Publique &#8211; H\u00f4pitaux de Paris <a href=\"http:\/\/www.aphp.fr\">http:\/\/www.aphp.fr<\/a><\/p>\n<p><span>Banlieues Bleues <a href=\"http:\/\/www.banlieuesbleues.org\">http:\/\/www.banlieuesbleues.org<\/a><\/span><\/p>\n<p>Caisse d&rsquo;Allocations Familiales <a href=\"http:\/\/www.caf.fr\">http:\/\/www.caf.fr<\/a><\/p>\n<p><span>Caisse d&rsquo;\u00e9pargne <a href=\"http:\/\/www.groupe.caisse-epargne.com\">http:\/\/www.groupe.caisse-epargne.com<\/a><\/span><\/p>\n<p>Caisse des d\u00e9p\u00f4ts et consignations <a href=\"http:\/\/www.caissedesdepots.fr\">http:\/\/www.caissedesdepots.fr<\/a><\/p>\n<p>Centre national des arts plastiques <a href=\"http:\/\/www.cnap.fr\">http:\/\/www.cnap.fr<\/a><\/p>\n<p><span>CentrumKompaniet <a href=\"http:\/\/www.centrumkompaniet.se\/\">http:\/\/www.centrumkompaniet.se\/<\/a><\/span><\/p>\n<p>Communaut\u00e9 d&rsquo;Agglom\u00e9ration du Plateau de Saclay <a href=\"http:\/\/www.saclay-scientipole.org\/\">http:\/\/www.saclay-scientipole.org\/<\/a><\/p>\n<p>Conseil G\u00e9n\u00e9ral de l&rsquo;Essonne <a href=\"http:\/\/www.essonne.fr\/\">http:\/\/www.essonne.fr\/<\/a><\/p>\n<p>Conseil G\u00e9n\u00e9ral du Val-de-Marne <a href=\"http:\/\/www.cg94.fr\">http:\/\/www.cg94.fr<\/a><\/p>\n<p>Conseil R\u00e9gional d\u2019Ile-de-France <a href=\"http:\/\/www.iledefrance.fr\">http:\/\/www.iledefrance.fr<\/a><\/p>\n<p>D\u00e9l\u00e9gation R\u00e9gionale \u00e0 la Recherche Technologie Ile-de-France <a href=\"http:\/\/www.drrt-ile-de-france.fr\/\">http:\/\/www.drrt-ile-de-france.fr\/<\/a><\/p>\n<p>Direction r\u00e9gionale des affaires culturelles d&rsquo;Ile-de-France <a href=\"http:\/\/www.ile-de-france.culture.gouv.fr\/\">http:\/\/www.ile-de-france.culture.gouv.fr\/<\/a><\/p>\n<p><span>F\u00e4lt\u00f6versten <a href=\"http:\/\/www.faltoversten.se\">http:\/\/www.faltoversten.se<\/a><\/span><\/p>\n<p>Fondation de France <a href=\"http:\/\/www.fdf.org\"><span>http:\/\/www.fdf.org<\/span><\/a><\/p>\n<p>Action Nouveaux commanditaires <a href=\"http:\/\/www.nouveauxcommanditaires.org\"><span>www.nouveauxcommanditaires.org<\/span><\/a><\/p>\n<p><span> <\/span><\/p>\n<p><span>Fondation EDF <a href=\"http:\/\/www.edf.fr\/index.php4?coe_i_id=211\">http:\/\/www.edf.fr\/index.php4?coe_i_id=211<\/a><\/span><\/p>\n<p><span>Helsinki Business Campus <a href=\"http:\/\/www.helsinkibusinesscampus.fi\/entrance\/\">http:\/\/www.helsinkibusinesscampus.fi\/entrance\/<\/a><\/span><\/p>\n<p>Helsinki School of Economics <a href=\"http:\/\/www.hkkk.fi\/english\/\">http:\/\/www.hkkk.fi\/english\/<\/a><\/p>\n<p>International Curatorial Program, University College of Art, Craft and Design, Konstfac\u00a0<a href=\"http:\/\/www.konstfack.se\/konstfack\/jsp\/polopoly.jsp?d=10&amp;t=2\">http:\/\/www.konstfack.se\/konstfack\/jsp\/polopoly.jsp?d=10&amp;t=2<\/a><\/p>\n<p><span>Les Amis de l&rsquo;IH\u00c9S <a href=\"http:\/\/www.ihes.fr\/IHES\/AmisIHES\/amisIHES.html\">http:\/\/www.ihes.fr\/IHES\/AmisIHES\/amisIHES.html<\/a><\/span><\/p>\n<p>MAC\/VAL Mus\u00e9e d&rsquo;art contemporain du Val-de-Marne <a href=\"http:\/\/www.macval.fr\/\"><span>http:\/\/www.macval.fr\/<\/span><\/a><\/p>\n<p><span>Mairie de Paris <a href=\"http:\/\/www.paris.fr\">http:\/\/www.paris.fr<\/a><\/span><\/p>\n<p>Minist\u00e8re de la Culture et de la Communication <a href=\"http:\/\/www.culture.gouv.fr\/\">http:\/\/www.culture.gouv.fr\/<\/a><\/p>\n<p><span>Paris Habitat OPH <a href=\"http:\/\/www.parishabitatoph.fr\/\">http:\/\/www.parishabitatoph.fr\/<\/a><\/span><\/p>\n<p><span>Pr\u00e9fecture de Paris <a href=\"http:\/\/www.paris.pref.gouv.fr\/\">http:\/\/www.paris.pref.gouv.fr\/<\/a><\/span><\/p>\n<p><span>Soci\u00e9t\u00e9 Lafarge <a href=\"http:\/\/www.lafarge-betons.fr\">http:\/\/www.lafarge.com\/<\/a><\/span><\/p>\n<p>Stiftelsen f\u00f6r Framtidens Kultur <a href=\"http:\/\/www.framtidenskultur.se\/\">http:\/\/www.framtidenskultur.se\/<\/a><\/p>\n","protected":false},"excerpt":{"rendered":"<p>Assistance Publique &#8211; H\u00f4pitaux de Paris http:\/\/www.aphp.fr Banlieues Bleues http:\/\/www.banlieuesbleues.org Caisse d&rsquo;Allocations Familiales http:\/\/www.caf.fr Caisse d&rsquo;\u00e9pargne http:\/\/www.groupe.caisse-epargne.com Caisse des d\u00e9p\u00f4ts et consignations http:\/\/www.caissedesdepots.fr Centre national des arts plastiques http:\/\/www.cnap.fr CentrumKompaniet http:\/\/www.centrumkompaniet.se\/ Communaut\u00e9 d&rsquo;Agglom\u00e9ration du Plateau de Saclay http:\/\/www.saclay-scientipole.org\/ Conseil G\u00e9n\u00e9ral de l&rsquo;Essonne http:\/\/www.essonne.fr\/ Conseil G\u00e9n\u00e9ral du Val-de-Marne http:\/\/www.cg94.fr Conseil R\u00e9gional d\u2019Ile-de-France http:\/\/www.iledefrance.fr D\u00e9l\u00e9gation R\u00e9gionale \u00e0 la Recherche Technologie Ile-de-France http:\/\/www.drrt-ile-de-france.fr\/ Direction r\u00e9gionale des affaires culturelles d&rsquo;Ile-de-France http:\/\/www.ile-de-france.culture.gouv.fr\/ F\u00e4lt\u00f6versten http:\/\/www.faltoversten.se Fondation<\/p>\n<div class=\"belowpost\"><a class=\"btnmore\" href=\"https:\/\/www.3-ca.org\/?page_id=276\">Read More<\/a><\/div>\n","protected":false},"author":1,"featured_media":0,"parent":0,"menu_order":30,"comment_status":"open","ping_status":"open","template":"","meta":[],"categories":[],"tags":[],"_links":{"self":[{"href":"https:\/\/www.3-ca.org\/index.php?rest_route=\/wp\/v2\/pages\/276"}],"collection":[{"href":"https:\/\/www.3-ca.org\/index.php?rest_route=\/wp\/v2\/pages"}],"about":[{"href":"https:\/\/www.3-ca.org\/index.php?rest_route=\/wp\/v2\/types\/page"}],"author":[{"embeddable":true,"href":"https:\/\/www.3-ca.org\/index.php?rest_route=\/wp\/v2\/users\/1"}],"replies":[{"embeddable":true,"href":"https:\/\/www.3-ca.org\/index.php?rest_route=%2Fwp%2Fv2%2Fcomments&post=276"}],"version-history":[{"count":0,"href":"https:\/\/www.3-ca.org\/index.php?rest_route=\/wp\/v2\/pages\/276\/revisions"}],"wp:attachment":[{"href":"https:\/\/www.3-ca.org\/index.php?rest_route=%2Fwp%2Fv2%2Fmedia&parent=276"}],"wp:term":[{"taxonomy":"category","embeddable":true,"href":"https:\/\/www.3-ca.org\/index.php?rest_route=%2Fwp%2Fv2%2Fcategories&post=276"},{"taxonomy":"post_tag","embeddable":true,"href":"https:\/\/www.3-ca.org\/index.php?rest_route=%2Fwp%2Fv2%2Ftags&post=276"}],"curies":[{"name":"wp","href":"https:\/\/api.w.org\/{rel}","templated":true}]}}