{"id":266,"date":"2009-06-18T01:26:26","date_gmt":"2009-06-17T23:26:26","guid":{"rendered":"http:\/\/www.3-ca.org\/blog\/?page_id=266"},"modified":"2020-10-20T14:07:03","modified_gmt":"2020-10-20T12:07:03","slug":"sources","status":"publish","type":"page","link":"https:\/\/www.3-ca.org\/?page_id=266","title":{"rendered":"Volet SouRCEs"},"content":{"rendered":"\n<h3><strong><span style=\"color: #800000;\">1\u00e8re \u00e9dition de la biennale d&rsquo;art contemporain Les Ateliers de Rennes &#8211; 2008<br><\/span><\/strong><\/h3>\n\n\n\n<p>Commissariat : Rapha\u00eble Jeune &#8211; Art to be<br>Commissariat adjoint pour le volet SouRCEs :\u00a0 Mari Linnman &#8211; 3CA<\/p>\n\n\n\n<figure class=\"is-layout-flex wp-block-gallery-1 wp-block-gallery columns-4 is-cropped\"><ul class=\"blocks-gallery-grid\"><li class=\"blocks-gallery-item\"><figure><a href=\"http:\/\/www.3-ca.org\/wp-content\/uploads\/2020\/10\/103_mat_hd_03.jpg\"><img decoding=\"async\" loading=\"lazy\" width=\"1024\" height=\"768\" src=\"http:\/\/www.3-ca.org\/wp-content\/uploads\/2020\/10\/103_mat_hd_03-1024x768.jpg\" alt=\"\" data-id=\"1326\" data-full-url=\"http:\/\/www.3-ca.org\/wp-content\/uploads\/2020\/10\/103_mat_hd_03.jpg\" data-link=\"http:\/\/3-ca.org\/?attachment_id=1326\" class=\"wp-image-1326\" srcset=\"https:\/\/www.3-ca.org\/wp-content\/uploads\/2020\/10\/103_mat_hd_03-1024x768.jpg 1024w, https:\/\/www.3-ca.org\/wp-content\/uploads\/2020\/10\/103_mat_hd_03-300x225.jpg 300w, https:\/\/www.3-ca.org\/wp-content\/uploads\/2020\/10\/103_mat_hd_03-768x576.jpg 768w, https:\/\/www.3-ca.org\/wp-content\/uploads\/2020\/10\/103_mat_hd_03.jpg 1067w\" sizes=\"(max-width: 1024px) 100vw, 1024px\" \/><\/a><\/figure><\/li><li class=\"blocks-gallery-item\"><figure><a href=\"http:\/\/www.3-ca.org\/wp-content\/uploads\/2020\/10\/achour_mat_hd01.jpg\"><img decoding=\"async\" loading=\"lazy\" width=\"1024\" height=\"768\" src=\"http:\/\/www.3-ca.org\/wp-content\/uploads\/2020\/10\/achour_mat_hd01-1024x768.jpg\" alt=\"\" data-id=\"1327\" data-full-url=\"http:\/\/www.3-ca.org\/wp-content\/uploads\/2020\/10\/achour_mat_hd01.jpg\" data-link=\"http:\/\/3-ca.org\/?attachment_id=1327\" class=\"wp-image-1327\" srcset=\"https:\/\/www.3-ca.org\/wp-content\/uploads\/2020\/10\/achour_mat_hd01-1024x768.jpg 1024w, https:\/\/www.3-ca.org\/wp-content\/uploads\/2020\/10\/achour_mat_hd01-300x225.jpg 300w, https:\/\/www.3-ca.org\/wp-content\/uploads\/2020\/10\/achour_mat_hd01-768x576.jpg 768w, https:\/\/www.3-ca.org\/wp-content\/uploads\/2020\/10\/achour_mat_hd01.jpg 1067w\" sizes=\"(max-width: 1024px) 100vw, 1024px\" \/><\/a><\/figure><\/li><li class=\"blocks-gallery-item\"><figure><a href=\"http:\/\/www.3-ca.org\/wp-content\/uploads\/2020\/10\/beguet_mat_hd02-copie.jpg\"><img decoding=\"async\" loading=\"lazy\" width=\"1024\" height=\"756\" src=\"http:\/\/www.3-ca.org\/wp-content\/uploads\/2020\/10\/beguet_mat_hd02-copie-1024x756.jpg\" alt=\"\" data-id=\"1328\" data-full-url=\"http:\/\/www.3-ca.org\/wp-content\/uploads\/2020\/10\/beguet_mat_hd02-copie.jpg\" data-link=\"http:\/\/3-ca.org\/?attachment_id=1328\" class=\"wp-image-1328\" srcset=\"https:\/\/www.3-ca.org\/wp-content\/uploads\/2020\/10\/beguet_mat_hd02-copie-1024x756.jpg 1024w, https:\/\/www.3-ca.org\/wp-content\/uploads\/2020\/10\/beguet_mat_hd02-copie-300x221.jpg 300w, https:\/\/www.3-ca.org\/wp-content\/uploads\/2020\/10\/beguet_mat_hd02-copie-768x567.jpg 768w, https:\/\/www.3-ca.org\/wp-content\/uploads\/2020\/10\/beguet_mat_hd02-copie.jpg 1084w\" sizes=\"(max-width: 1024px) 100vw, 1024px\" \/><\/a><\/figure><\/li><li class=\"blocks-gallery-item\"><figure><a href=\"http:\/\/www.3-ca.org\/wp-content\/uploads\/2020\/10\/bernardini_mat_hd04.jpg\"><img decoding=\"async\" loading=\"lazy\" width=\"1024\" height=\"768\" src=\"http:\/\/www.3-ca.org\/wp-content\/uploads\/2020\/10\/bernardini_mat_hd04-1024x768.jpg\" alt=\"\" data-id=\"1329\" data-full-url=\"http:\/\/www.3-ca.org\/wp-content\/uploads\/2020\/10\/bernardini_mat_hd04.jpg\" data-link=\"http:\/\/3-ca.org\/?attachment_id=1329\" class=\"wp-image-1329\" srcset=\"https:\/\/www.3-ca.org\/wp-content\/uploads\/2020\/10\/bernardini_mat_hd04-1024x768.jpg 1024w, https:\/\/www.3-ca.org\/wp-content\/uploads\/2020\/10\/bernardini_mat_hd04-300x225.jpg 300w, https:\/\/www.3-ca.org\/wp-content\/uploads\/2020\/10\/bernardini_mat_hd04-768x576.jpg 768w, https:\/\/www.3-ca.org\/wp-content\/uploads\/2020\/10\/bernardini_mat_hd04.jpg 1067w\" sizes=\"(max-width: 1024px) 100vw, 1024px\" \/><\/a><\/figure><\/li><li class=\"blocks-gallery-item\"><figure><a href=\"http:\/\/www.3-ca.org\/wp-content\/uploads\/2020\/10\/bianchini_mat_hd11b.jpg\"><img decoding=\"async\" loading=\"lazy\" width=\"1024\" height=\"768\" src=\"http:\/\/www.3-ca.org\/wp-content\/uploads\/2020\/10\/bianchini_mat_hd11b-1024x768.jpg\" alt=\"\" data-id=\"1330\" data-full-url=\"http:\/\/www.3-ca.org\/wp-content\/uploads\/2020\/10\/bianchini_mat_hd11b.jpg\" data-link=\"http:\/\/3-ca.org\/?attachment_id=1330\" class=\"wp-image-1330\" srcset=\"https:\/\/www.3-ca.org\/wp-content\/uploads\/2020\/10\/bianchini_mat_hd11b-1024x768.jpg 1024w, https:\/\/www.3-ca.org\/wp-content\/uploads\/2020\/10\/bianchini_mat_hd11b-300x225.jpg 300w, https:\/\/www.3-ca.org\/wp-content\/uploads\/2020\/10\/bianchini_mat_hd11b-768x576.jpg 768w, https:\/\/www.3-ca.org\/wp-content\/uploads\/2020\/10\/bianchini_mat_hd11b.jpg 1067w\" sizes=\"(max-width: 1024px) 100vw, 1024px\" \/><\/a><\/figure><\/li><li class=\"blocks-gallery-item\"><figure><a href=\"http:\/\/www.3-ca.org\/wp-content\/uploads\/2020\/10\/floch_mat_hd44.jpg\"><img decoding=\"async\" loading=\"lazy\" width=\"1024\" height=\"768\" src=\"http:\/\/www.3-ca.org\/wp-content\/uploads\/2020\/10\/floch_mat_hd44-1024x768.jpg\" alt=\"\" data-id=\"1331\" data-full-url=\"http:\/\/www.3-ca.org\/wp-content\/uploads\/2020\/10\/floch_mat_hd44.jpg\" data-link=\"http:\/\/3-ca.org\/?attachment_id=1331\" class=\"wp-image-1331\" srcset=\"https:\/\/www.3-ca.org\/wp-content\/uploads\/2020\/10\/floch_mat_hd44-1024x768.jpg 1024w, https:\/\/www.3-ca.org\/wp-content\/uploads\/2020\/10\/floch_mat_hd44-300x225.jpg 300w, https:\/\/www.3-ca.org\/wp-content\/uploads\/2020\/10\/floch_mat_hd44-768x576.jpg 768w, https:\/\/www.3-ca.org\/wp-content\/uploads\/2020\/10\/floch_mat_hd44.jpg 1067w\" sizes=\"(max-width: 1024px) 100vw, 1024px\" \/><\/a><\/figure><\/li><li class=\"blocks-gallery-item\"><figure><a href=\"http:\/\/www.3-ca.org\/wp-content\/uploads\/2020\/10\/renert_mat_hd_05.jpg\"><img decoding=\"async\" loading=\"lazy\" width=\"1024\" height=\"768\" src=\"http:\/\/www.3-ca.org\/wp-content\/uploads\/2020\/10\/renert_mat_hd_05-1024x768.jpg\" alt=\"\" data-id=\"1332\" data-full-url=\"http:\/\/www.3-ca.org\/wp-content\/uploads\/2020\/10\/renert_mat_hd_05.jpg\" data-link=\"http:\/\/3-ca.org\/?attachment_id=1332\" class=\"wp-image-1332\" srcset=\"https:\/\/www.3-ca.org\/wp-content\/uploads\/2020\/10\/renert_mat_hd_05-1024x768.jpg 1024w, https:\/\/www.3-ca.org\/wp-content\/uploads\/2020\/10\/renert_mat_hd_05-300x225.jpg 300w, https:\/\/www.3-ca.org\/wp-content\/uploads\/2020\/10\/renert_mat_hd_05-768x576.jpg 768w, https:\/\/www.3-ca.org\/wp-content\/uploads\/2020\/10\/renert_mat_hd_05.jpg 1067w\" sizes=\"(max-width: 1024px) 100vw, 1024px\" \/><\/a><\/figure><\/li><li class=\"blocks-gallery-item\"><figure><a href=\"http:\/\/www.3-ca.org\/wp-content\/uploads\/2020\/10\/solomoukha_mat_hd09.jpg\"><img decoding=\"async\" loading=\"lazy\" width=\"1024\" height=\"768\" src=\"http:\/\/www.3-ca.org\/wp-content\/uploads\/2020\/10\/solomoukha_mat_hd09-1024x768.jpg\" alt=\"\" data-id=\"1333\" data-full-url=\"http:\/\/www.3-ca.org\/wp-content\/uploads\/2020\/10\/solomoukha_mat_hd09.jpg\" data-link=\"http:\/\/3-ca.org\/?attachment_id=1333\" class=\"wp-image-1333\" srcset=\"https:\/\/www.3-ca.org\/wp-content\/uploads\/2020\/10\/solomoukha_mat_hd09-1024x768.jpg 1024w, https:\/\/www.3-ca.org\/wp-content\/uploads\/2020\/10\/solomoukha_mat_hd09-300x225.jpg 300w, https:\/\/www.3-ca.org\/wp-content\/uploads\/2020\/10\/solomoukha_mat_hd09-768x576.jpg 768w, https:\/\/www.3-ca.org\/wp-content\/uploads\/2020\/10\/solomoukha_mat_hd09.jpg 1067w\" sizes=\"(max-width: 1024px) 100vw, 1024px\" \/><\/a><\/figure><\/li><\/ul><\/figure>\n\n\n\n<p>Dans le cadre de la biennale Les Ateliers de Rennes, quatorze artistes ont r\u00e9alis\u00e9 un S\u00e9jour de Recherche et de Cr\u00e9ation en Entreprise (SouRCEs).&nbsp; Ces s\u00e9jours se sont d\u00e9roul\u00e9s entre novembre 2007 \u00e0 avril 2008 et ont permis aux artistes d&rsquo;\u00e9laborer une oeuvre lors d&rsquo;une r\u00e9sidence dans une entreprise de la r\u00e9gion Bretagne. Boris Achour, Damien Beguet, Alain Bernardini, Samuel Bianchini, Alain Bublex, Collectif 1.0.3, courants faibles, Nicolas Floc&rsquo;h, Nadia Lichtig, Mathieu Mercier, Marie Reinert, Kristina Solomoukha, Claudia Triozzi et Work on Stage ont particip\u00e9 au volet SouRCEs.<\/p>\n\n\n\n<p>Les \u0153uvres \u00e9manant des SouRCEs ont \u00e9t\u00e9 montr\u00e9es lors de l&rsquo;exposition <em>Valeurs crois\u00e9es<\/em> qui s&rsquo;est d\u00e9roul\u00e9e du 16 mai au 20 juillet 2008 dans plusieurs lieux prestigieux de Rennes et rassemblait plus de soixante artistes fran\u00e7ais et \u00e9trangers.<\/p>\n\n\n\n<p>Le <a href=\"http:\/\/www.3-ca.org\/?page_id=264\" target=\"_self\" rel=\"noopener noreferrer\">catalogue<em> Valeurs crois\u00e9es<\/em><\/a> a \u00e9t\u00e9 publi\u00e9 en mars 2009 avec un texte de Mari Linnman et Anne-Laure Zini portant sur le d\u00e9roulement de ce volet.<\/p>\n\n\n\n<p><span style=\"color: #ffffff;\">d<\/span><br>Les Ateliers de Rennes <a href=\"http:\/\/www.lesateliersderennes.fr\/\" target=\"_blank\" rel=\"noopener noreferrer\">www.lesateliersderennes.fr<\/a><\/p>\n","protected":false},"excerpt":{"rendered":"<p>1\u00e8re \u00e9dition de la biennale d&rsquo;art contemporain Les Ateliers de Rennes &#8211; 2008 Commissariat : Rapha\u00eble Jeune &#8211; Art to beCommissariat adjoint pour le volet SouRCEs :\u00a0 Mari Linnman &#8211; 3CA Dans le cadre de la biennale Les Ateliers de Rennes, quatorze artistes ont r\u00e9alis\u00e9 un S\u00e9jour de Recherche et de Cr\u00e9ation en Entreprise (SouRCEs).&nbsp; Ces s\u00e9jours se sont d\u00e9roul\u00e9s entre novembre 2007 \u00e0 avril 2008 et ont permis aux<\/p>\n<div class=\"belowpost\"><a class=\"btnmore\" href=\"https:\/\/www.3-ca.org\/?page_id=266\">Read More<\/a><\/div>\n","protected":false},"author":1,"featured_media":0,"parent":0,"menu_order":40,"comment_status":"open","ping_status":"open","template":"","meta":[],"categories":[],"tags":[],"_links":{"self":[{"href":"https:\/\/www.3-ca.org\/index.php?rest_route=\/wp\/v2\/pages\/266"}],"collection":[{"href":"https:\/\/www.3-ca.org\/index.php?rest_route=\/wp\/v2\/pages"}],"about":[{"href":"https:\/\/www.3-ca.org\/index.php?rest_route=\/wp\/v2\/types\/page"}],"author":[{"embeddable":true,"href":"https:\/\/www.3-ca.org\/index.php?rest_route=\/wp\/v2\/users\/1"}],"replies":[{"embeddable":true,"href":"https:\/\/www.3-ca.org\/index.php?rest_route=%2Fwp%2Fv2%2Fcomments&post=266"}],"version-history":[{"count":1,"href":"https:\/\/www.3-ca.org\/index.php?rest_route=\/wp\/v2\/pages\/266\/revisions"}],"predecessor-version":[{"id":1334,"href":"https:\/\/www.3-ca.org\/index.php?rest_route=\/wp\/v2\/pages\/266\/revisions\/1334"}],"wp:attachment":[{"href":"https:\/\/www.3-ca.org\/index.php?rest_route=%2Fwp%2Fv2%2Fmedia&parent=266"}],"wp:term":[{"taxonomy":"category","embeddable":true,"href":"https:\/\/www.3-ca.org\/index.php?rest_route=%2Fwp%2Fv2%2Fcategories&post=266"},{"taxonomy":"post_tag","embeddable":true,"href":"https:\/\/www.3-ca.org\/index.php?rest_route=%2Fwp%2Fv2%2Ftags&post=266"}],"curies":[{"name":"wp","href":"https:\/\/api.w.org\/{rel}","templated":true}]}}