{"id":264,"date":"2009-06-18T01:26:08","date_gmt":"2009-06-17T23:26:08","guid":{"rendered":"http:\/\/www.3-ca.org\/blog\/?page_id=264"},"modified":"2020-10-20T14:06:00","modified_gmt":"2020-10-20T12:06:00","slug":"valeurs-croisees","status":"publish","type":"page","link":"https:\/\/www.3-ca.org\/?page_id=264","title":{"rendered":"Catalogue Valeurs crois\u00e9es"},"content":{"rendered":"\n<h3><strong><span style=\"color: #800000;\">Le d\u00e9roulement des SouRCEs<\/span><\/strong><\/h3>\n\n\n\n<p>Texte de : Mari Linnman &amp; Anne-Laure Zini &#8211; 3CA<br>Livre publi\u00e9 aux \u00e9ditions Les presses du r\u00e9el &#8211; 2009<\/p>\n\n\n\n<div class=\"wp-block-image\"><figure class=\"alignleft size-large is-resized\"><img decoding=\"async\" loading=\"lazy\" src=\"http:\/\/www.3-ca.org\/wp-content\/uploads\/2020\/10\/contributions_valeurs-croisees-765x1024.jpg\" alt=\"\" class=\"wp-image-1322\" width=\"236\" height=\"316\" srcset=\"https:\/\/www.3-ca.org\/wp-content\/uploads\/2020\/10\/contributions_valeurs-croisees-765x1024.jpg 765w, https:\/\/www.3-ca.org\/wp-content\/uploads\/2020\/10\/contributions_valeurs-croisees-224x300.jpg 224w, https:\/\/www.3-ca.org\/wp-content\/uploads\/2020\/10\/contributions_valeurs-croisees-768x1027.jpg 768w, https:\/\/www.3-ca.org\/wp-content\/uploads\/2020\/10\/contributions_valeurs-croisees.jpg 903w\" sizes=\"(max-width: 236px) 100vw, 236px\" \/><\/figure><\/div>\n\n\n\n<p>Le texte intitul\u00e9 \u00ab\u00a0Le d\u00e9roulement des SouRCEs\u00a0\u00bb pr\u00e9sente un point de vue sur le d\u00e9veloppement du volet SouRCEs &#8211; S\u00e9jours de recherche et de cr\u00e9ation en entreprise &#8211; dans le cadre de la premi\u00e8re biennale d&rsquo;art contemporain de Rennes. Le texte se concentre sur les diff\u00e9rentes mani\u00e8res de travailler des artistes lors de ces r\u00e9sidences en entreprise. Le texte concerne 13 pratiques d&rsquo;artistes et autant d&rsquo;entreprises.<\/p>\n\n\n\n<p>L&rsquo;ouvrage <em>Valeurs crois\u00e9es<\/em> propose \u00e0 la fois un compte-rendu et un prolongement des exp\u00e9riences men\u00e9es \u00e0 Rennes durant la premi\u00e8re biennale d&rsquo;art contemporain de Rennes (16 mai &#8211; 20 juillet 2008). Il regroupe les analyses de critiques d&rsquo;art, d&rsquo;artistes, de philosophes, de sociologues, d&rsquo;acteurs du monde syndical et de l&rsquo;entreprise, ainsi qu&rsquo;une documentation compl\u00e8te sur les projets r\u00e9alis\u00e9s et les \u0153uvres pr\u00e9sent\u00e9es.<\/p>\n\n\n\n<p><a href=\"http:\/\/www.3-ca.org\/doc_ext\/1-VCT_linnman_FR.pdf\" target=\"_blank\" rel=\"noopener noreferrer\">Le d\u00e9roulement des SouRCEs<\/a><br><a href=\"http:\/\/www.3-ca.org\/doc_ext\/1-VCT_linnman_ENG.pdf\">Focus on the SouRCE Programme<\/a><\/p>\n","protected":false},"excerpt":{"rendered":"<p>Le d\u00e9roulement des SouRCEs Texte de : Mari Linnman &amp; Anne-Laure Zini &#8211; 3CALivre publi\u00e9 aux \u00e9ditions Les presses du r\u00e9el &#8211; 2009 Le texte intitul\u00e9 \u00ab\u00a0Le d\u00e9roulement des SouRCEs\u00a0\u00bb pr\u00e9sente un point de vue sur le d\u00e9veloppement du volet SouRCEs &#8211; S\u00e9jours de recherche et de cr\u00e9ation en entreprise &#8211; dans le cadre de la premi\u00e8re biennale d&rsquo;art contemporain de Rennes. Le texte se concentre sur les diff\u00e9rentes mani\u00e8res<\/p>\n<div class=\"belowpost\"><a class=\"btnmore\" href=\"https:\/\/www.3-ca.org\/?page_id=264\">Read More<\/a><\/div>\n","protected":false},"author":1,"featured_media":0,"parent":0,"menu_order":30,"comment_status":"open","ping_status":"open","template":"","meta":[],"categories":[],"tags":[],"_links":{"self":[{"href":"https:\/\/www.3-ca.org\/index.php?rest_route=\/wp\/v2\/pages\/264"}],"collection":[{"href":"https:\/\/www.3-ca.org\/index.php?rest_route=\/wp\/v2\/pages"}],"about":[{"href":"https:\/\/www.3-ca.org\/index.php?rest_route=\/wp\/v2\/types\/page"}],"author":[{"embeddable":true,"href":"https:\/\/www.3-ca.org\/index.php?rest_route=\/wp\/v2\/users\/1"}],"replies":[{"embeddable":true,"href":"https:\/\/www.3-ca.org\/index.php?rest_route=%2Fwp%2Fv2%2Fcomments&post=264"}],"version-history":[{"count":4,"href":"https:\/\/www.3-ca.org\/index.php?rest_route=\/wp\/v2\/pages\/264\/revisions"}],"predecessor-version":[{"id":1325,"href":"https:\/\/www.3-ca.org\/index.php?rest_route=\/wp\/v2\/pages\/264\/revisions\/1325"}],"wp:attachment":[{"href":"https:\/\/www.3-ca.org\/index.php?rest_route=%2Fwp%2Fv2%2Fmedia&parent=264"}],"wp:term":[{"taxonomy":"category","embeddable":true,"href":"https:\/\/www.3-ca.org\/index.php?rest_route=%2Fwp%2Fv2%2Fcategories&post=264"},{"taxonomy":"post_tag","embeddable":true,"href":"https:\/\/www.3-ca.org\/index.php?rest_route=%2Fwp%2Fv2%2Ftags&post=264"}],"curies":[{"name":"wp","href":"https:\/\/api.w.org\/{rel}","templated":true}]}}