{"id":260,"date":"2009-06-18T01:22:44","date_gmt":"2009-06-17T23:22:44","guid":{"rendered":"http:\/\/www.3-ca.org\/blog\/?page_id=260"},"modified":"2020-10-19T17:45:36","modified_gmt":"2020-10-19T15:45:36","slug":"nuovi-committenti","status":"publish","type":"page","link":"https:\/\/www.3-ca.org\/?page_id=260","title":{"rendered":"Nuovi Committenti"},"content":{"rendered":"<h3><strong><span style=\"color: #800000;\">Question de m\u00e9diateurs<\/span><\/strong><\/h3>\n<p>Contribution de Mari Linnman &#8211; 3CA<br \/>\nOuvrage sous la direction de <a href=\"http:\/\/www.atitolo.it\/\" target=\"_blank\" rel=\"noopener noreferrer\">a.titolo<\/a> publi\u00e9 aux \u00e9ditions Silvana Editoriale, 2008<\/p>\n<p><img decoding=\"async\" loading=\"lazy\" class=\"alignnone\" src=\"http:\/\/www.3-ca.org\/wp\/wp-content\/photos\/contributions_nuovi.jpg\" alt=\"\" width=\"202\" height=\"285\" \/><\/p>\n<p style=\"text-align: left;\">\n","protected":false},"excerpt":{"rendered":"<p>Question de m\u00e9diateurs Contribution de Mari Linnman &#8211; 3CA Ouvrage sous la direction de a.titolo publi\u00e9 aux \u00e9ditions Silvana Editoriale, 2008<\/p>\n","protected":false},"author":1,"featured_media":0,"parent":0,"menu_order":0,"comment_status":"open","ping_status":"open","template":"full-width-page-template.php","meta":[],"categories":[],"tags":[],"_links":{"self":[{"href":"https:\/\/www.3-ca.org\/index.php?rest_route=\/wp\/v2\/pages\/260"}],"collection":[{"href":"https:\/\/www.3-ca.org\/index.php?rest_route=\/wp\/v2\/pages"}],"about":[{"href":"https:\/\/www.3-ca.org\/index.php?rest_route=\/wp\/v2\/types\/page"}],"author":[{"embeddable":true,"href":"https:\/\/www.3-ca.org\/index.php?rest_route=\/wp\/v2\/users\/1"}],"replies":[{"embeddable":true,"href":"https:\/\/www.3-ca.org\/index.php?rest_route=%2Fwp%2Fv2%2Fcomments&post=260"}],"version-history":[{"count":1,"href":"https:\/\/www.3-ca.org\/index.php?rest_route=\/wp\/v2\/pages\/260\/revisions"}],"predecessor-version":[{"id":995,"href":"https:\/\/www.3-ca.org\/index.php?rest_route=\/wp\/v2\/pages\/260\/revisions\/995"}],"wp:attachment":[{"href":"https:\/\/www.3-ca.org\/index.php?rest_route=%2Fwp%2Fv2%2Fmedia&parent=260"}],"wp:term":[{"taxonomy":"category","embeddable":true,"href":"https:\/\/www.3-ca.org\/index.php?rest_route=%2Fwp%2Fv2%2Fcategories&post=260"},{"taxonomy":"post_tag","embeddable":true,"href":"https:\/\/www.3-ca.org\/index.php?rest_route=%2Fwp%2Fv2%2Ftags&post=260"}],"curies":[{"name":"wp","href":"https:\/\/api.w.org\/{rel}","templated":true}]}}