{"id":257,"date":"2009-06-18T01:15:18","date_gmt":"2009-06-17T23:15:18","guid":{"rendered":"http:\/\/www.3-ca.org\/blog\/?page_id=257"},"modified":"2020-10-20T13:59:04","modified_gmt":"2020-10-20T11:59:04","slug":"stockholder-coating","status":"publish","type":"page","link":"https:\/\/www.3-ca.org\/?page_id=257","title":{"rendered":"Jessica Stockholder \/ Coating"},"content":{"rendered":"\n<h3><strong><span style=\"color: #800000;\">Coating<br><\/span><\/strong><\/h3>\n\n\n\n<p>Direction de publication : Mari Linnman &#8211; 3CA<br>Livre publi\u00e9 aux Editions Incertain Sens, Rennes, avec le soutien du FRAC Bretagne, Ch\u00e2teaugiron, et de la galerie Nathalie Obadia &#8211; 2009<br>Prix : 12 \u20ac<br>Pour commander le livre, nous contacter : <a rel=\"noopener noreferrer\" href=\"mailto:info@3-ca.org\" target=\"_blank\">info@3-ca.org<\/a><\/p>\n\n\n\n<figure class=\"is-layout-flex wp-block-gallery-1 wp-block-gallery columns-3 is-cropped\"><ul class=\"blocks-gallery-grid\"><li class=\"blocks-gallery-item\"><figure><a href=\"http:\/\/www.3-ca.org\/wp-content\/uploads\/2020\/10\/01-7.jpg\"><img decoding=\"async\" loading=\"lazy\" width=\"945\" height=\"943\" src=\"http:\/\/www.3-ca.org\/wp-content\/uploads\/2020\/10\/01-7.jpg\" alt=\"\" data-id=\"1280\" data-full-url=\"http:\/\/www.3-ca.org\/wp-content\/uploads\/2020\/10\/01-7.jpg\" data-link=\"http:\/\/3-ca.org\/?attachment_id=1280\" class=\"wp-image-1280\" srcset=\"https:\/\/www.3-ca.org\/wp-content\/uploads\/2020\/10\/01-7.jpg 945w, https:\/\/www.3-ca.org\/wp-content\/uploads\/2020\/10\/01-7-300x300.jpg 300w, https:\/\/www.3-ca.org\/wp-content\/uploads\/2020\/10\/01-7-150x150.jpg 150w, https:\/\/www.3-ca.org\/wp-content\/uploads\/2020\/10\/01-7-768x766.jpg 768w\" sizes=\"(max-width: 945px) 100vw, 945px\" \/><\/a><\/figure><\/li><li class=\"blocks-gallery-item\"><figure><a href=\"http:\/\/www.3-ca.org\/wp-content\/uploads\/2020\/10\/02-7.jpg\"><img decoding=\"async\" loading=\"lazy\" width=\"1024\" height=\"512\" src=\"http:\/\/www.3-ca.org\/wp-content\/uploads\/2020\/10\/02-7-1024x512.jpg\" alt=\"\" data-id=\"1281\" data-full-url=\"http:\/\/www.3-ca.org\/wp-content\/uploads\/2020\/10\/02-7.jpg\" data-link=\"http:\/\/3-ca.org\/?attachment_id=1281\" class=\"wp-image-1281\" srcset=\"https:\/\/www.3-ca.org\/wp-content\/uploads\/2020\/10\/02-7-1024x512.jpg 1024w, https:\/\/www.3-ca.org\/wp-content\/uploads\/2020\/10\/02-7-300x150.jpg 300w, https:\/\/www.3-ca.org\/wp-content\/uploads\/2020\/10\/02-7-768x384.jpg 768w, https:\/\/www.3-ca.org\/wp-content\/uploads\/2020\/10\/02-7-1536x768.jpg 1536w, https:\/\/www.3-ca.org\/wp-content\/uploads\/2020\/10\/02-7.jpg 2000w\" sizes=\"(max-width: 1024px) 100vw, 1024px\" \/><\/a><\/figure><\/li><li class=\"blocks-gallery-item\"><figure><a href=\"http:\/\/www.3-ca.org\/wp-content\/uploads\/2020\/10\/03-7.jpg\"><img decoding=\"async\" loading=\"lazy\" width=\"1024\" height=\"512\" src=\"http:\/\/www.3-ca.org\/wp-content\/uploads\/2020\/10\/03-7-1024x512.jpg\" alt=\"\" data-id=\"1282\" data-full-url=\"http:\/\/www.3-ca.org\/wp-content\/uploads\/2020\/10\/03-7.jpg\" data-link=\"http:\/\/3-ca.org\/?attachment_id=1282\" class=\"wp-image-1282\" srcset=\"https:\/\/www.3-ca.org\/wp-content\/uploads\/2020\/10\/03-7-1024x512.jpg 1024w, https:\/\/www.3-ca.org\/wp-content\/uploads\/2020\/10\/03-7-300x150.jpg 300w, https:\/\/www.3-ca.org\/wp-content\/uploads\/2020\/10\/03-7-768x384.jpg 768w, https:\/\/www.3-ca.org\/wp-content\/uploads\/2020\/10\/03-7-1536x768.jpg 1536w, https:\/\/www.3-ca.org\/wp-content\/uploads\/2020\/10\/03-7.jpg 2000w\" sizes=\"(max-width: 1024px) 100vw, 1024px\" \/><\/a><\/figure><\/li><li class=\"blocks-gallery-item\"><figure><a href=\"http:\/\/www.3-ca.org\/wp-content\/uploads\/2020\/10\/04-6.jpg\"><img decoding=\"async\" loading=\"lazy\" width=\"1024\" height=\"512\" src=\"http:\/\/www.3-ca.org\/wp-content\/uploads\/2020\/10\/04-6-1024x512.jpg\" alt=\"\" data-id=\"1283\" data-full-url=\"http:\/\/www.3-ca.org\/wp-content\/uploads\/2020\/10\/04-6.jpg\" data-link=\"http:\/\/3-ca.org\/?attachment_id=1283\" class=\"wp-image-1283\" srcset=\"https:\/\/www.3-ca.org\/wp-content\/uploads\/2020\/10\/04-6-1024x512.jpg 1024w, https:\/\/www.3-ca.org\/wp-content\/uploads\/2020\/10\/04-6-300x150.jpg 300w, https:\/\/www.3-ca.org\/wp-content\/uploads\/2020\/10\/04-6-768x384.jpg 768w, https:\/\/www.3-ca.org\/wp-content\/uploads\/2020\/10\/04-6-1536x768.jpg 1536w, https:\/\/www.3-ca.org\/wp-content\/uploads\/2020\/10\/04-6.jpg 2000w\" sizes=\"(max-width: 1024px) 100vw, 1024px\" \/><\/a><\/figure><\/li><li class=\"blocks-gallery-item\"><figure><a href=\"http:\/\/www.3-ca.org\/wp-content\/uploads\/2020\/10\/05-6.jpg\"><img decoding=\"async\" loading=\"lazy\" width=\"1024\" height=\"512\" src=\"http:\/\/www.3-ca.org\/wp-content\/uploads\/2020\/10\/05-6-1024x512.jpg\" alt=\"\" data-id=\"1284\" data-full-url=\"http:\/\/www.3-ca.org\/wp-content\/uploads\/2020\/10\/05-6.jpg\" data-link=\"http:\/\/3-ca.org\/?attachment_id=1284\" class=\"wp-image-1284\" srcset=\"https:\/\/www.3-ca.org\/wp-content\/uploads\/2020\/10\/05-6-1024x512.jpg 1024w, https:\/\/www.3-ca.org\/wp-content\/uploads\/2020\/10\/05-6-300x150.jpg 300w, https:\/\/www.3-ca.org\/wp-content\/uploads\/2020\/10\/05-6-768x384.jpg 768w, https:\/\/www.3-ca.org\/wp-content\/uploads\/2020\/10\/05-6-1536x768.jpg 1536w, https:\/\/www.3-ca.org\/wp-content\/uploads\/2020\/10\/05-6.jpg 2000w\" sizes=\"(max-width: 1024px) 100vw, 1024px\" \/><\/a><\/figure><\/li><\/ul><\/figure>\n\n\n\n<p><em><span style=\"color: #888888;\">English translation below<\/span><\/em><\/p>\n\n\n\n<p><em>Coating<\/em> est un livre compos\u00e9 par Jessica Stockholder \u00e0 partir d&rsquo;une s\u00e9rie de photographies num\u00e9riques r\u00e9alis\u00e9es entre 2006 et 2008 et dont une s\u00e9lection* a \u00e9t\u00e9 montr\u00e9e, pour la premi\u00e8re fois, dans l&rsquo;exposition&nbsp;<em>Lumps Bumps &amp; Windy Figures Too<\/em> \u00e0 la galerie Art &amp; Essai de l&rsquo;universit\u00e9 de Rennes 2 en 2008, sous la direction de Mari Linnman.<\/p>\n\n\n\n<p><em>Coating<\/em>, titre \u00e0 la fois du livre et de la s\u00e9rie de photographies, signifie en anglais le fait de recouvrir quelque chose d&rsquo;une fine couche.&nbsp;Plus connue est l\u2019\u0153uvre \u00e0 la fois picturale et spatiale de Jessica Stockholder qui propose une exploration infinie de points de vue aux spectateurs qui se d\u00e9placent autour et \u00e0 travers ses installations. Ici, c&rsquo;est l&rsquo;artiste qui a recouvert de son regard des objets, des fragments d&rsquo;oeuvres, des choses et d&rsquo;autres, situ\u00e9s dans un espace donn\u00e9, pour offrir une image mat\u00e9riellement faite d&rsquo;une fine couche.<\/p>\n\n\n\n<p>Le livre a permis \u00e0 l&rsquo;artiste de montrer les images de mani\u00e8re hybride, m\u00ealant photographies et plages de couleurs \u00e0 la pr\u00e9sence de mots. Quand les images sont pr\u00e9sent\u00e9es par deux, l&rsquo;artiste joue avec leur format et leur disposition, d&rsquo;autres sont montr\u00e9es face \u00e0 l&rsquo;image d&rsquo;une couleur qui, de mani\u00e8re d\u00e9grad\u00e9e, s&rsquo;\u00e9vanouit dans le blanc du papier glac\u00e9. L\u2019usage des mots est sporadique et \u00e9nigmatique, il participe \u00e0 l\u2019image, \u00e0 sa lecture, mais aussi \u00e0 son brouillage.<\/p>\n\n\n\n<p>La s\u00e9rie <em>Coating<\/em> nous montre que l&rsquo;oeuvre de Jessica Stockholder ne donne pas seulement \u00e0 voir mais qu\u2019elle est aussi un outil de perception, voire un outil critique. Son recours \u00e0 la photographie &#8211; un m\u00e9dium \u00ab&nbsp;conventionnel&nbsp;\u00bb &#8211; nous aide \u00e0 comprendre que ce travail n&rsquo;invite pas seulement \u00e0 regarder, mais propose aussi une mani\u00e8re de le faire &#8211; une mani\u00e8re de regarder les choses concr\u00e8tes et les structures abstraites du monde dont les images sont issues.<\/p>\n\n\n\n<p>* Cette s\u00e9lection a \u00e9galement \u00e9t\u00e9 montr\u00e9e \u00e0 Paris en septembre-octobre 2009, \u00e0 la galerie Obadia, rue du Clo\u00eetre Saint Merri (espace II).<\/p>\n\n\n\n<p><span style=\"color: #ffffff;\">*<\/span><\/p>\n\n\n\n<p><span style=\"color: #808080;\"><strong>Coating<\/strong><br><\/span><\/p>\n\n\n\n<p><span style=\"color: #808080;\"><em>Coating<\/em> is a book compiled by Jessica Stockholder based on a series of digital photographs taken between 2006 and 2008, a selection* of which was first shown in the exhibition&nbsp;<em>Lumps Bumps &amp; Windy Figures Too<\/em>, curated by myself, in the Art &amp; Essai gallery at Rennes 2 University in 2008.<\/span><\/p>\n\n\n\n<p><span style=\"color: #808080;\"><em>Coating<\/em> is the title of both the book and the series of photographs.&nbsp;Jessica Stockholder\u2019s pictorial and spatial work is better known, proposing as it does an endless exploration of viewpoints for viewers moving around and through her installations. Here, it is the artist who has \u201ccoated\u201d with her own eye objects, bits and pieces of works, things and so on, situated in a given space, to offer an image materially made of a fine coating.<\/span><\/p>\n\n\n\n<p><span style=\"color: #808080;\">The book has enabled the artist to show the images in a hybrid way, mixing photographs and areas of colours with the presence of words. When the images are presented in twos, the artist plays with their format and their arrangement, while others are shown facing the image of a colour which, in a faded way, vanishes in the whiteness of the glossy paper. The use of words is sporadic and enigmatic, part and parcel of the image and our reading thereof, as well as its blurredness.<\/span><\/p>\n\n\n\n<p><span style=\"color: #808080;\">The <em>Coating<\/em> series shows us that Jessica Stockholder\u2019s work does not just &nbsp;present things, but is also a tool of perception, not to say a critical tool. Her use of photography &#8211; a \u201cconventional\u201d medium &#8211; helps us to understand that this work does not just invite us to look at it, but also proposes a way of doing so &#8211; a way of looking at the concrete things and abstract structures of the world from which the images come.<\/span><\/p>\n\n\n\n<p><span style=\"color: #808080;\">*Selection also shown in Paris in September-October 2009 at the Obadia gallery, rue du Clo\u00eetre Saint Merri.<\/span><\/p>\n","protected":false},"excerpt":{"rendered":"<p>Coating Direction de publication : Mari Linnman &#8211; 3CALivre publi\u00e9 aux Editions Incertain Sens, Rennes, avec le soutien du FRAC Bretagne, Ch\u00e2teaugiron, et de la galerie Nathalie Obadia &#8211; 2009Prix : 12 \u20acPour commander le livre, nous contacter : info@3-ca.org English translation below Coating est un livre compos\u00e9 par Jessica Stockholder \u00e0 partir d&rsquo;une s\u00e9rie de photographies num\u00e9riques r\u00e9alis\u00e9es entre 2006 et 2008 et dont une s\u00e9lection* a \u00e9t\u00e9 montr\u00e9e,<\/p>\n<div class=\"belowpost\"><a class=\"btnmore\" href=\"https:\/\/www.3-ca.org\/?page_id=257\">Read More<\/a><\/div>\n","protected":false},"author":1,"featured_media":0,"parent":0,"menu_order":131,"comment_status":"open","ping_status":"open","template":"","meta":[],"categories":[],"tags":[],"_links":{"self":[{"href":"https:\/\/www.3-ca.org\/index.php?rest_route=\/wp\/v2\/pages\/257"}],"collection":[{"href":"https:\/\/www.3-ca.org\/index.php?rest_route=\/wp\/v2\/pages"}],"about":[{"href":"https:\/\/www.3-ca.org\/index.php?rest_route=\/wp\/v2\/types\/page"}],"author":[{"embeddable":true,"href":"https:\/\/www.3-ca.org\/index.php?rest_route=\/wp\/v2\/users\/1"}],"replies":[{"embeddable":true,"href":"https:\/\/www.3-ca.org\/index.php?rest_route=%2Fwp%2Fv2%2Fcomments&post=257"}],"version-history":[{"count":1,"href":"https:\/\/www.3-ca.org\/index.php?rest_route=\/wp\/v2\/pages\/257\/revisions"}],"predecessor-version":[{"id":1286,"href":"https:\/\/www.3-ca.org\/index.php?rest_route=\/wp\/v2\/pages\/257\/revisions\/1286"}],"wp:attachment":[{"href":"https:\/\/www.3-ca.org\/index.php?rest_route=%2Fwp%2Fv2%2Fmedia&parent=257"}],"wp:term":[{"taxonomy":"category","embeddable":true,"href":"https:\/\/www.3-ca.org\/index.php?rest_route=%2Fwp%2Fv2%2Fcategories&post=257"},{"taxonomy":"post_tag","embeddable":true,"href":"https:\/\/www.3-ca.org\/index.php?rest_route=%2Fwp%2Fv2%2Ftags&post=257"}],"curies":[{"name":"wp","href":"https:\/\/api.w.org\/{rel}","templated":true}]}}