{"id":232,"date":"2009-05-29T01:10:48","date_gmt":"2009-05-28T23:10:48","guid":{"rendered":"http:\/\/www.3-ca.org\/blog\/?page_id=232"},"modified":"2020-10-20T14:04:20","modified_gmt":"2020-10-20T12:04:20","slug":"pour-de-vrai","status":"publish","type":"page","link":"https:\/\/www.3-ca.org\/?page_id=232","title":{"rendered":"Pour de Vrai"},"content":{"rendered":"\n<h3><strong><span style=\"color: #575757;\">Exposition au Mus\u00e9e des Beaux-arts de Nancy du 21 octobre au 31 d\u00e9cembre 2005<\/span><\/strong><\/h3>\n\n\n\n<p>Commissariat : Xavier Douroux et Anne Pont\u00e9gnie<br>Production de l&rsquo;oeuvre de Jessica Stockholder : 3CA &#8211; Mari Linnman<\/p>\n\n\n\n<figure class=\"is-layout-flex wp-block-gallery-1 wp-block-gallery columns-2 is-cropped\"><ul class=\"blocks-gallery-grid\"><li class=\"blocks-gallery-item\"><figure><a href=\"http:\/\/www.3-ca.org\/wp-content\/uploads\/2020\/10\/01-8.jpg\"><img decoding=\"async\" loading=\"lazy\" width=\"900\" height=\"616\" src=\"http:\/\/www.3-ca.org\/wp-content\/uploads\/2020\/10\/01-8.jpg\" alt=\"\" data-id=\"1317\" data-full-url=\"http:\/\/www.3-ca.org\/wp-content\/uploads\/2020\/10\/01-8.jpg\" data-link=\"http:\/\/3-ca.org\/?attachment_id=1317\" class=\"wp-image-1317\" srcset=\"https:\/\/www.3-ca.org\/wp-content\/uploads\/2020\/10\/01-8.jpg 900w, https:\/\/www.3-ca.org\/wp-content\/uploads\/2020\/10\/01-8-300x205.jpg 300w, https:\/\/www.3-ca.org\/wp-content\/uploads\/2020\/10\/01-8-768x526.jpg 768w\" sizes=\"(max-width: 900px) 100vw, 900px\" \/><\/a><\/figure><\/li><li class=\"blocks-gallery-item\"><figure><a href=\"http:\/\/www.3-ca.org\/wp-content\/uploads\/2020\/10\/02-8.jpg\"><img decoding=\"async\" loading=\"lazy\" width=\"900\" height=\"616\" src=\"http:\/\/www.3-ca.org\/wp-content\/uploads\/2020\/10\/02-8.jpg\" alt=\"\" data-id=\"1318\" data-full-url=\"http:\/\/www.3-ca.org\/wp-content\/uploads\/2020\/10\/02-8.jpg\" data-link=\"http:\/\/3-ca.org\/?attachment_id=1318\" class=\"wp-image-1318\" srcset=\"https:\/\/www.3-ca.org\/wp-content\/uploads\/2020\/10\/02-8.jpg 900w, https:\/\/www.3-ca.org\/wp-content\/uploads\/2020\/10\/02-8-300x205.jpg 300w, https:\/\/www.3-ca.org\/wp-content\/uploads\/2020\/10\/02-8-768x526.jpg 768w\" sizes=\"(max-width: 900px) 100vw, 900px\" \/><\/a><\/figure><\/li><li class=\"blocks-gallery-item\"><figure><a href=\"http:\/\/www.3-ca.org\/wp-content\/uploads\/2020\/10\/03-8.jpg\"><img decoding=\"async\" loading=\"lazy\" width=\"900\" height=\"616\" src=\"http:\/\/www.3-ca.org\/wp-content\/uploads\/2020\/10\/03-8.jpg\" alt=\"\" data-id=\"1319\" data-full-url=\"http:\/\/www.3-ca.org\/wp-content\/uploads\/2020\/10\/03-8.jpg\" data-link=\"http:\/\/3-ca.org\/?attachment_id=1319\" class=\"wp-image-1319\" srcset=\"https:\/\/www.3-ca.org\/wp-content\/uploads\/2020\/10\/03-8.jpg 900w, https:\/\/www.3-ca.org\/wp-content\/uploads\/2020\/10\/03-8-300x205.jpg 300w, https:\/\/www.3-ca.org\/wp-content\/uploads\/2020\/10\/03-8-768x526.jpg 768w\" sizes=\"(max-width: 900px) 100vw, 900px\" \/><\/a><\/figure><\/li><li class=\"blocks-gallery-item\"><figure><a href=\"http:\/\/www.3-ca.org\/wp-content\/uploads\/2020\/10\/04-7.jpg\"><img decoding=\"async\" loading=\"lazy\" width=\"900\" height=\"616\" src=\"http:\/\/www.3-ca.org\/wp-content\/uploads\/2020\/10\/04-7.jpg\" alt=\"\" data-id=\"1320\" data-full-url=\"http:\/\/www.3-ca.org\/wp-content\/uploads\/2020\/10\/04-7.jpg\" data-link=\"http:\/\/3-ca.org\/?attachment_id=1320\" class=\"wp-image-1320\" srcset=\"https:\/\/www.3-ca.org\/wp-content\/uploads\/2020\/10\/04-7.jpg 900w, https:\/\/www.3-ca.org\/wp-content\/uploads\/2020\/10\/04-7-300x205.jpg 300w, https:\/\/www.3-ca.org\/wp-content\/uploads\/2020\/10\/04-7-768x526.jpg 768w\" sizes=\"(max-width: 900px) 100vw, 900px\" \/><\/a><\/figure><\/li><\/ul><\/figure>\n\n\n\n<p><em>Pour de Vrai<\/em> est la premi\u00e8re exposition consacr\u00e9e \u00e0 la pr\u00e9sentation d&rsquo;\u0153uvres produites dans le cadre de l&rsquo;action Nouveaux commanditaires.<\/p>\n\n\n\n<p>Pour l&rsquo;exposition, 3CA a produit l&rsquo;\u0153uvre <em>Lumps Bumps &amp; Windy Figures Too<\/em> de Jessica Stockholder. Cette oeuvre reprend le m\u00eame principe et les m\u00eames dimensions que l&rsquo;oeuvre <a href=\"http:\/\/www.3-ca.org\/?page_id=71\" target=\"_self\" rel=\"noopener noreferrer\"><em>Choc de blocs &amp; chiffres au vent<\/em><\/a> qui est install\u00e9e \u00e0 l&rsquo;Institut des Hautes \u00c9tudes Scientifiques \u00e0 Bures-sur-Yvette. Seuls les mat\u00e9riaux diff\u00e8rent.<\/p>\n\n\n\n<p><a href=\"http:\/\/www.leconsortium.com\/?Art_%26amp%3B_Soci%26eacute%3Bt%26eacute%3B:Pour_de_vrai_%26agrave%3B_Nancy:L%27exposition\" target=\"_blank\" rel=\"noopener noreferrer\">Pour en savoir plus sur l&rsquo;exposition Pour de Vrai<\/a><\/p>\n","protected":false},"excerpt":{"rendered":"<p>Exposition au Mus\u00e9e des Beaux-arts de Nancy du 21 octobre au 31 d\u00e9cembre 2005 Commissariat : Xavier Douroux et Anne Pont\u00e9gnieProduction de l&rsquo;oeuvre de Jessica Stockholder : 3CA &#8211; Mari Linnman Pour de Vrai est la premi\u00e8re exposition consacr\u00e9e \u00e0 la pr\u00e9sentation d&rsquo;\u0153uvres produites dans le cadre de l&rsquo;action Nouveaux commanditaires. Pour l&rsquo;exposition, 3CA a produit l&rsquo;\u0153uvre Lumps Bumps &amp; Windy Figures Too de Jessica Stockholder. Cette oeuvre reprend le<\/p>\n<div class=\"belowpost\"><a class=\"btnmore\" href=\"https:\/\/www.3-ca.org\/?page_id=232\">Read More<\/a><\/div>\n","protected":false},"author":1,"featured_media":0,"parent":0,"menu_order":10,"comment_status":"open","ping_status":"open","template":"","meta":[],"categories":[],"tags":[],"_links":{"self":[{"href":"https:\/\/www.3-ca.org\/index.php?rest_route=\/wp\/v2\/pages\/232"}],"collection":[{"href":"https:\/\/www.3-ca.org\/index.php?rest_route=\/wp\/v2\/pages"}],"about":[{"href":"https:\/\/www.3-ca.org\/index.php?rest_route=\/wp\/v2\/types\/page"}],"author":[{"embeddable":true,"href":"https:\/\/www.3-ca.org\/index.php?rest_route=\/wp\/v2\/users\/1"}],"replies":[{"embeddable":true,"href":"https:\/\/www.3-ca.org\/index.php?rest_route=%2Fwp%2Fv2%2Fcomments&post=232"}],"version-history":[{"count":2,"href":"https:\/\/www.3-ca.org\/index.php?rest_route=\/wp\/v2\/pages\/232\/revisions"}],"predecessor-version":[{"id":1321,"href":"https:\/\/www.3-ca.org\/index.php?rest_route=\/wp\/v2\/pages\/232\/revisions\/1321"}],"wp:attachment":[{"href":"https:\/\/www.3-ca.org\/index.php?rest_route=%2Fwp%2Fv2%2Fmedia&parent=232"}],"wp:term":[{"taxonomy":"category","embeddable":true,"href":"https:\/\/www.3-ca.org\/index.php?rest_route=%2Fwp%2Fv2%2Fcategories&post=232"},{"taxonomy":"post_tag","embeddable":true,"href":"https:\/\/www.3-ca.org\/index.php?rest_route=%2Fwp%2Fv2%2Ftags&post=232"}],"curies":[{"name":"wp","href":"https:\/\/api.w.org\/{rel}","templated":true}]}}