{"id":226,"date":"2009-05-29T00:56:23","date_gmt":"2009-05-28T22:56:23","guid":{"rendered":"http:\/\/www.3-ca.org\/blog\/?page_id=226"},"modified":"2020-10-20T13:54:44","modified_gmt":"2020-10-20T11:54:44","slug":"rutault-aj","status":"publish","type":"page","link":"https:\/\/www.3-ca.org\/?page_id=226","title":{"rendered":"Claude Rutault \/ AJ"},"content":{"rendered":"\n<h3><strong><span style=\"color: #800000;\">C&rsquo;est pratique d&rsquo;avoir un titre &#8211; 2007<br><\/span><\/strong><\/h3>\n\n\n\n<h3><span style=\"color: #808080;\"><strong>Antennes Jeunes Olympiades, Paris 13e<\/strong><\/span><\/h3>\n\n\n\n<p>Dans le cadre de l&rsquo;action <a rel=\"noopener noreferrer\" href=\"http:\/\/www.3-ca.org\/doc_ext\/NC.htm\" target=\"_blank\">Nouveaux commanditaires<\/a>, soutenue par la Fondation de France, en partenariat avec la Direction de la Jeunesse et des Sports et de la D\u00e9l\u00e9gation \u00e0 la Politique de la Ville et \u00e0 l&rsquo;Int\u00e9gration de la Ville de Paris et l&rsquo;Opac.<br>M\u00e9diation\/production : 3CA &#8211; Mari Linnman<\/p>\n\n\n\n<figure class=\"is-layout-flex wp-block-gallery-1 wp-block-gallery columns-4 is-cropped\"><ul class=\"blocks-gallery-grid\"><li class=\"blocks-gallery-item\"><figure><a href=\"http:\/\/www.3-ca.org\/wp-content\/uploads\/2020\/10\/01-5.jpg\"><img decoding=\"async\" loading=\"lazy\" width=\"600\" height=\"800\" src=\"http:\/\/www.3-ca.org\/wp-content\/uploads\/2020\/10\/01-5.jpg\" alt=\"\" data-id=\"1238\" data-full-url=\"http:\/\/www.3-ca.org\/wp-content\/uploads\/2020\/10\/01-5.jpg\" data-link=\"http:\/\/3-ca.org\/?attachment_id=1238\" class=\"wp-image-1238\" srcset=\"https:\/\/www.3-ca.org\/wp-content\/uploads\/2020\/10\/01-5.jpg 600w, https:\/\/www.3-ca.org\/wp-content\/uploads\/2020\/10\/01-5-225x300.jpg 225w\" sizes=\"(max-width: 600px) 100vw, 600px\" \/><\/a><\/figure><\/li><li class=\"blocks-gallery-item\"><figure><a href=\"http:\/\/www.3-ca.org\/wp-content\/uploads\/2020\/10\/02-5.jpg\"><img decoding=\"async\" loading=\"lazy\" width=\"800\" height=\"600\" src=\"http:\/\/www.3-ca.org\/wp-content\/uploads\/2020\/10\/02-5.jpg\" alt=\"\" data-id=\"1239\" data-full-url=\"http:\/\/www.3-ca.org\/wp-content\/uploads\/2020\/10\/02-5.jpg\" data-link=\"http:\/\/3-ca.org\/?attachment_id=1239\" class=\"wp-image-1239\" srcset=\"https:\/\/www.3-ca.org\/wp-content\/uploads\/2020\/10\/02-5.jpg 800w, https:\/\/www.3-ca.org\/wp-content\/uploads\/2020\/10\/02-5-300x225.jpg 300w, https:\/\/www.3-ca.org\/wp-content\/uploads\/2020\/10\/02-5-768x576.jpg 768w\" sizes=\"(max-width: 800px) 100vw, 800px\" \/><\/a><\/figure><\/li><li class=\"blocks-gallery-item\"><figure><a href=\"http:\/\/www.3-ca.org\/wp-content\/uploads\/2020\/10\/03-5.jpg\"><img decoding=\"async\" loading=\"lazy\" width=\"598\" height=\"900\" src=\"http:\/\/www.3-ca.org\/wp-content\/uploads\/2020\/10\/03-5.jpg\" alt=\"\" data-id=\"1240\" data-full-url=\"http:\/\/www.3-ca.org\/wp-content\/uploads\/2020\/10\/03-5.jpg\" data-link=\"http:\/\/3-ca.org\/?attachment_id=1240\" class=\"wp-image-1240\" srcset=\"https:\/\/www.3-ca.org\/wp-content\/uploads\/2020\/10\/03-5.jpg 598w, https:\/\/www.3-ca.org\/wp-content\/uploads\/2020\/10\/03-5-199x300.jpg 199w\" sizes=\"(max-width: 598px) 100vw, 598px\" \/><\/a><\/figure><\/li><li class=\"blocks-gallery-item\"><figure><a href=\"http:\/\/www.3-ca.org\/wp-content\/uploads\/2020\/10\/04-5.jpg\"><img decoding=\"async\" loading=\"lazy\" width=\"900\" height=\"598\" src=\"http:\/\/www.3-ca.org\/wp-content\/uploads\/2020\/10\/04-5.jpg\" alt=\"\" data-id=\"1241\" data-full-url=\"http:\/\/www.3-ca.org\/wp-content\/uploads\/2020\/10\/04-5.jpg\" data-link=\"http:\/\/3-ca.org\/?attachment_id=1241\" class=\"wp-image-1241\" srcset=\"https:\/\/www.3-ca.org\/wp-content\/uploads\/2020\/10\/04-5.jpg 900w, https:\/\/www.3-ca.org\/wp-content\/uploads\/2020\/10\/04-5-300x199.jpg 300w, https:\/\/www.3-ca.org\/wp-content\/uploads\/2020\/10\/04-5-768x510.jpg 768w\" sizes=\"(max-width: 900px) 100vw, 900px\" \/><\/a><\/figure><\/li><li class=\"blocks-gallery-item\"><figure><a href=\"http:\/\/www.3-ca.org\/wp-content\/uploads\/2020\/10\/05-4.jpg\"><img decoding=\"async\" loading=\"lazy\" width=\"600\" height=\"800\" src=\"http:\/\/www.3-ca.org\/wp-content\/uploads\/2020\/10\/05-4.jpg\" alt=\"\" data-id=\"1242\" data-full-url=\"http:\/\/www.3-ca.org\/wp-content\/uploads\/2020\/10\/05-4.jpg\" data-link=\"http:\/\/3-ca.org\/?attachment_id=1242\" class=\"wp-image-1242\" srcset=\"https:\/\/www.3-ca.org\/wp-content\/uploads\/2020\/10\/05-4.jpg 600w, https:\/\/www.3-ca.org\/wp-content\/uploads\/2020\/10\/05-4-225x300.jpg 225w\" sizes=\"(max-width: 600px) 100vw, 600px\" \/><\/a><\/figure><\/li><li class=\"blocks-gallery-item\"><figure><a href=\"http:\/\/www.3-ca.org\/wp-content\/uploads\/2020\/10\/06-4.jpg\"><img decoding=\"async\" loading=\"lazy\" width=\"800\" height=\"600\" src=\"http:\/\/www.3-ca.org\/wp-content\/uploads\/2020\/10\/06-4.jpg\" alt=\"\" data-id=\"1243\" data-full-url=\"http:\/\/www.3-ca.org\/wp-content\/uploads\/2020\/10\/06-4.jpg\" data-link=\"http:\/\/3-ca.org\/?attachment_id=1243\" class=\"wp-image-1243\" srcset=\"https:\/\/www.3-ca.org\/wp-content\/uploads\/2020\/10\/06-4.jpg 800w, https:\/\/www.3-ca.org\/wp-content\/uploads\/2020\/10\/06-4-300x225.jpg 300w, https:\/\/www.3-ca.org\/wp-content\/uploads\/2020\/10\/06-4-768x576.jpg 768w\" sizes=\"(max-width: 800px) 100vw, 800px\" \/><\/a><\/figure><\/li><li class=\"blocks-gallery-item\"><figure><a href=\"http:\/\/www.3-ca.org\/wp-content\/uploads\/2020\/10\/07-3.jpg\"><img decoding=\"async\" loading=\"lazy\" width=\"900\" height=\"598\" src=\"http:\/\/www.3-ca.org\/wp-content\/uploads\/2020\/10\/07-3.jpg\" alt=\"\" data-id=\"1244\" data-full-url=\"http:\/\/www.3-ca.org\/wp-content\/uploads\/2020\/10\/07-3.jpg\" data-link=\"http:\/\/3-ca.org\/?attachment_id=1244\" class=\"wp-image-1244\" srcset=\"https:\/\/www.3-ca.org\/wp-content\/uploads\/2020\/10\/07-3.jpg 900w, https:\/\/www.3-ca.org\/wp-content\/uploads\/2020\/10\/07-3-300x199.jpg 300w, https:\/\/www.3-ca.org\/wp-content\/uploads\/2020\/10\/07-3-768x510.jpg 768w\" sizes=\"(max-width: 900px) 100vw, 900px\" \/><\/a><\/figure><\/li><li class=\"blocks-gallery-item\"><figure><a href=\"http:\/\/www.3-ca.org\/wp-content\/uploads\/2020\/10\/08-3.jpg\"><img decoding=\"async\" loading=\"lazy\" width=\"600\" height=\"800\" src=\"http:\/\/www.3-ca.org\/wp-content\/uploads\/2020\/10\/08-3.jpg\" alt=\"\" data-id=\"1245\" data-full-url=\"http:\/\/www.3-ca.org\/wp-content\/uploads\/2020\/10\/08-3.jpg\" data-link=\"http:\/\/3-ca.org\/?attachment_id=1245\" class=\"wp-image-1245\" srcset=\"https:\/\/www.3-ca.org\/wp-content\/uploads\/2020\/10\/08-3.jpg 600w, https:\/\/www.3-ca.org\/wp-content\/uploads\/2020\/10\/08-3-225x300.jpg 225w\" sizes=\"(max-width: 600px) 100vw, 600px\" \/><\/a><\/figure><\/li><li class=\"blocks-gallery-item\"><figure><a href=\"http:\/\/www.3-ca.org\/wp-content\/uploads\/2020\/10\/09-3.jpg\"><img decoding=\"async\" loading=\"lazy\" width=\"800\" height=\"600\" src=\"http:\/\/www.3-ca.org\/wp-content\/uploads\/2020\/10\/09-3.jpg\" alt=\"\" data-id=\"1246\" data-full-url=\"http:\/\/www.3-ca.org\/wp-content\/uploads\/2020\/10\/09-3.jpg\" data-link=\"http:\/\/3-ca.org\/?attachment_id=1246\" class=\"wp-image-1246\" srcset=\"https:\/\/www.3-ca.org\/wp-content\/uploads\/2020\/10\/09-3.jpg 800w, https:\/\/www.3-ca.org\/wp-content\/uploads\/2020\/10\/09-3-300x225.jpg 300w, https:\/\/www.3-ca.org\/wp-content\/uploads\/2020\/10\/09-3-768x576.jpg 768w\" sizes=\"(max-width: 800px) 100vw, 800px\" \/><\/a><\/figure><\/li><li class=\"blocks-gallery-item\"><figure><a href=\"http:\/\/www.3-ca.org\/wp-content\/uploads\/2020\/10\/10-3.jpg\"><img decoding=\"async\" loading=\"lazy\" width=\"800\" height=\"600\" src=\"http:\/\/www.3-ca.org\/wp-content\/uploads\/2020\/10\/10-3.jpg\" alt=\"\" data-id=\"1247\" data-full-url=\"http:\/\/www.3-ca.org\/wp-content\/uploads\/2020\/10\/10-3.jpg\" data-link=\"http:\/\/3-ca.org\/?attachment_id=1247\" class=\"wp-image-1247\" srcset=\"https:\/\/www.3-ca.org\/wp-content\/uploads\/2020\/10\/10-3.jpg 800w, https:\/\/www.3-ca.org\/wp-content\/uploads\/2020\/10\/10-3-300x225.jpg 300w, https:\/\/www.3-ca.org\/wp-content\/uploads\/2020\/10\/10-3-768x576.jpg 768w\" sizes=\"(max-width: 800px) 100vw, 800px\" \/><\/a><\/figure><\/li><li class=\"blocks-gallery-item\"><figure><a href=\"http:\/\/www.3-ca.org\/wp-content\/uploads\/2020\/10\/11-3.jpg\"><img decoding=\"async\" loading=\"lazy\" width=\"800\" height=\"600\" src=\"http:\/\/www.3-ca.org\/wp-content\/uploads\/2020\/10\/11-3.jpg\" alt=\"\" data-id=\"1248\" data-full-url=\"http:\/\/www.3-ca.org\/wp-content\/uploads\/2020\/10\/11-3.jpg\" data-link=\"http:\/\/3-ca.org\/?attachment_id=1248\" class=\"wp-image-1248\" srcset=\"https:\/\/www.3-ca.org\/wp-content\/uploads\/2020\/10\/11-3.jpg 800w, https:\/\/www.3-ca.org\/wp-content\/uploads\/2020\/10\/11-3-300x225.jpg 300w, https:\/\/www.3-ca.org\/wp-content\/uploads\/2020\/10\/11-3-768x576.jpg 768w\" sizes=\"(max-width: 800px) 100vw, 800px\" \/><\/a><\/figure><\/li><li class=\"blocks-gallery-item\"><figure><a href=\"http:\/\/www.3-ca.org\/wp-content\/uploads\/2020\/10\/12-2.jpg\"><img decoding=\"async\" loading=\"lazy\" width=\"800\" height=\"600\" src=\"http:\/\/www.3-ca.org\/wp-content\/uploads\/2020\/10\/12-2.jpg\" alt=\"\" data-id=\"1249\" data-full-url=\"http:\/\/www.3-ca.org\/wp-content\/uploads\/2020\/10\/12-2.jpg\" data-link=\"http:\/\/3-ca.org\/?attachment_id=1249\" class=\"wp-image-1249\" srcset=\"https:\/\/www.3-ca.org\/wp-content\/uploads\/2020\/10\/12-2.jpg 800w, https:\/\/www.3-ca.org\/wp-content\/uploads\/2020\/10\/12-2-300x225.jpg 300w, https:\/\/www.3-ca.org\/wp-content\/uploads\/2020\/10\/12-2-768x576.jpg 768w\" sizes=\"(max-width: 800px) 100vw, 800px\" \/><\/a><\/figure><\/li><li class=\"blocks-gallery-item\"><figure><a href=\"http:\/\/www.3-ca.org\/wp-content\/uploads\/2020\/10\/13.jpg\"><img decoding=\"async\" loading=\"lazy\" width=\"800\" height=\"600\" src=\"http:\/\/www.3-ca.org\/wp-content\/uploads\/2020\/10\/13.jpg\" alt=\"\" data-id=\"1250\" data-full-url=\"http:\/\/www.3-ca.org\/wp-content\/uploads\/2020\/10\/13.jpg\" data-link=\"http:\/\/3-ca.org\/?attachment_id=1250\" class=\"wp-image-1250\" srcset=\"https:\/\/www.3-ca.org\/wp-content\/uploads\/2020\/10\/13.jpg 800w, https:\/\/www.3-ca.org\/wp-content\/uploads\/2020\/10\/13-300x225.jpg 300w, https:\/\/www.3-ca.org\/wp-content\/uploads\/2020\/10\/13-768x576.jpg 768w\" sizes=\"(max-width: 800px) 100vw, 800px\" \/><\/a><\/figure><\/li><li class=\"blocks-gallery-item\"><figure><a href=\"http:\/\/www.3-ca.org\/wp-content\/uploads\/2020\/10\/14.jpg\"><img decoding=\"async\" loading=\"lazy\" width=\"800\" height=\"600\" src=\"http:\/\/www.3-ca.org\/wp-content\/uploads\/2020\/10\/14.jpg\" alt=\"\" data-id=\"1251\" data-full-url=\"http:\/\/www.3-ca.org\/wp-content\/uploads\/2020\/10\/14.jpg\" data-link=\"http:\/\/3-ca.org\/?attachment_id=1251\" class=\"wp-image-1251\" srcset=\"https:\/\/www.3-ca.org\/wp-content\/uploads\/2020\/10\/14.jpg 800w, https:\/\/www.3-ca.org\/wp-content\/uploads\/2020\/10\/14-300x225.jpg 300w, https:\/\/www.3-ca.org\/wp-content\/uploads\/2020\/10\/14-768x576.jpg 768w\" sizes=\"(max-width: 800px) 100vw, 800px\" \/><\/a><\/figure><\/li><li class=\"blocks-gallery-item\"><figure><a href=\"http:\/\/www.3-ca.org\/wp-content\/uploads\/2020\/10\/15.jpg\"><img decoding=\"async\" loading=\"lazy\" width=\"800\" height=\"600\" src=\"http:\/\/www.3-ca.org\/wp-content\/uploads\/2020\/10\/15.jpg\" alt=\"\" data-id=\"1252\" data-full-url=\"http:\/\/www.3-ca.org\/wp-content\/uploads\/2020\/10\/15.jpg\" data-link=\"http:\/\/3-ca.org\/?attachment_id=1252\" class=\"wp-image-1252\" srcset=\"https:\/\/www.3-ca.org\/wp-content\/uploads\/2020\/10\/15.jpg 800w, https:\/\/www.3-ca.org\/wp-content\/uploads\/2020\/10\/15-300x225.jpg 300w, https:\/\/www.3-ca.org\/wp-content\/uploads\/2020\/10\/15-768x576.jpg 768w\" sizes=\"(max-width: 800px) 100vw, 800px\" \/><\/a><\/figure><\/li><li class=\"blocks-gallery-item\"><figure><a href=\"http:\/\/www.3-ca.org\/wp-content\/uploads\/2020\/10\/16.jpg\"><img decoding=\"async\" loading=\"lazy\" width=\"800\" height=\"600\" src=\"http:\/\/www.3-ca.org\/wp-content\/uploads\/2020\/10\/16.jpg\" alt=\"\" data-id=\"1253\" data-full-url=\"http:\/\/www.3-ca.org\/wp-content\/uploads\/2020\/10\/16.jpg\" data-link=\"http:\/\/3-ca.org\/?attachment_id=1253\" class=\"wp-image-1253\" srcset=\"https:\/\/www.3-ca.org\/wp-content\/uploads\/2020\/10\/16.jpg 800w, https:\/\/www.3-ca.org\/wp-content\/uploads\/2020\/10\/16-300x225.jpg 300w, https:\/\/www.3-ca.org\/wp-content\/uploads\/2020\/10\/16-768x576.jpg 768w\" sizes=\"(max-width: 800px) 100vw, 800px\" \/><\/a><\/figure><\/li><\/ul><\/figure>\n\n\n\n<p>L\u2019\u00e9quipe de l\u2019antenne Jeunes Olympiades a souhait\u00e9 r\u00e9fl\u00e9chir avec un artiste sur le r\u00f4le et les possibilit\u00e9s du lieu. L\u2019oeuvre <em>c\u2019est pratique d\u2019avoir un titre<\/em> est le fruit d\u2019une n\u00e9gociation entre Claude Rutault et le personnel porteur de la commande. L\u2019artiste expose aux jeunes sa m\u00e9thode de travail qui favorise le processus de cr\u00e9ation au d\u00e9triment de la conservation d\u2019un r\u00e9sultat obtenu.<\/p>\n\n\n\n<p><em>c\u2019est pratique d\u2019avoir un titre<\/em> est une oeuvre de Claude Rutault compos\u00e9e de 292 toiles peintes de la m\u00eame couleur que le mur sur lequel elles sont accroch\u00e9es. Les toiles sont dispos\u00e9es dans chacune des salles de l\u2019antenne Jeunes selon plusieurs d\u00e9finitions\/m\u00e9thodes. Le principe de l\u2019oeuvre repose sur la possibilit\u00e9 offerte aux publics de l\u2019antenne de se servir de ces toiles pour peindre. L\u2019espace de l\u2019antenne devient un lieu d\u2019emprunt de toiles \u00e0 peindre \u00e0 l\u2019image d\u2019une biblioth\u00e8que. \u00c0 la restitution, l\u2019emprunteur peut exposer sa peinture pendant quelque temps \u00e0 l\u2019antenne, la toile sera ensuite repeinte de la m\u00eame couleur que le mur et remise en circulation.<\/p>\n","protected":false},"excerpt":{"rendered":"<p>C&rsquo;est pratique d&rsquo;avoir un titre &#8211; 2007 Antennes Jeunes Olympiades, Paris 13e Dans le cadre de l&rsquo;action Nouveaux commanditaires, soutenue par la Fondation de France, en partenariat avec la Direction de la Jeunesse et des Sports et de la D\u00e9l\u00e9gation \u00e0 la Politique de la Ville et \u00e0 l&rsquo;Int\u00e9gration de la Ville de Paris et l&rsquo;Opac.M\u00e9diation\/production : 3CA &#8211; Mari Linnman L\u2019\u00e9quipe de l\u2019antenne Jeunes Olympiades a souhait\u00e9 r\u00e9fl\u00e9chir avec<\/p>\n<div class=\"belowpost\"><a class=\"btnmore\" href=\"https:\/\/www.3-ca.org\/?page_id=226\">Read More<\/a><\/div>\n","protected":false},"author":1,"featured_media":0,"parent":0,"menu_order":120,"comment_status":"open","ping_status":"open","template":"","meta":[],"categories":[],"tags":[],"_links":{"self":[{"href":"https:\/\/www.3-ca.org\/index.php?rest_route=\/wp\/v2\/pages\/226"}],"collection":[{"href":"https:\/\/www.3-ca.org\/index.php?rest_route=\/wp\/v2\/pages"}],"about":[{"href":"https:\/\/www.3-ca.org\/index.php?rest_route=\/wp\/v2\/types\/page"}],"author":[{"embeddable":true,"href":"https:\/\/www.3-ca.org\/index.php?rest_route=\/wp\/v2\/users\/1"}],"replies":[{"embeddable":true,"href":"https:\/\/www.3-ca.org\/index.php?rest_route=%2Fwp%2Fv2%2Fcomments&post=226"}],"version-history":[{"count":1,"href":"https:\/\/www.3-ca.org\/index.php?rest_route=\/wp\/v2\/pages\/226\/revisions"}],"predecessor-version":[{"id":1254,"href":"https:\/\/www.3-ca.org\/index.php?rest_route=\/wp\/v2\/pages\/226\/revisions\/1254"}],"wp:attachment":[{"href":"https:\/\/www.3-ca.org\/index.php?rest_route=%2Fwp%2Fv2%2Fmedia&parent=226"}],"wp:term":[{"taxonomy":"category","embeddable":true,"href":"https:\/\/www.3-ca.org\/index.php?rest_route=%2Fwp%2Fv2%2Fcategories&post=226"},{"taxonomy":"post_tag","embeddable":true,"href":"https:\/\/www.3-ca.org\/index.php?rest_route=%2Fwp%2Fv2%2Ftags&post=226"}],"curies":[{"name":"wp","href":"https:\/\/api.w.org\/{rel}","templated":true}]}}