{"id":212,"date":"2009-05-29T00:02:37","date_gmt":"2009-05-28T22:02:37","guid":{"rendered":"http:\/\/www.3-ca.org\/blog\/?page_id=212"},"modified":"2020-10-20T14:24:28","modified_gmt":"2020-10-20T12:24:28","slug":"judith-amicabile","status":"publish","type":"page","link":"https:\/\/www.3-ca.org\/?page_id=212","title":{"rendered":"Judith Amicabile"},"content":{"rendered":"\n<p>Etude dans le cadre de l&rsquo;action <a rel=\"noopener noreferrer\" href=\"http:\/\/www.3-ca.org\/doc_ext\/NC.htm\" target=\"_blank\">Nouveaux commanditaires<\/a>, soutenue par la Fondation de France<br>M\u00e9diation : 3CA &#8211; Mari Linnman<\/p>\n\n\n\n<figure class=\"is-layout-flex wp-block-gallery-1 wp-block-gallery columns-5 is-cropped\"><ul class=\"blocks-gallery-grid\"><li class=\"blocks-gallery-item\"><figure><a href=\"http:\/\/www.3-ca.org\/wp-content\/uploads\/2020\/10\/Amicabile-01.jpg\"><img decoding=\"async\" loading=\"lazy\" width=\"790\" height=\"790\" src=\"http:\/\/www.3-ca.org\/wp-content\/uploads\/2020\/10\/Amicabile-01.jpg\" alt=\"\" data-id=\"1339\" data-full-url=\"http:\/\/www.3-ca.org\/wp-content\/uploads\/2020\/10\/Amicabile-01.jpg\" data-link=\"http:\/\/3-ca.org\/?attachment_id=1339\" class=\"wp-image-1339\" srcset=\"https:\/\/www.3-ca.org\/wp-content\/uploads\/2020\/10\/Amicabile-01.jpg 790w, https:\/\/www.3-ca.org\/wp-content\/uploads\/2020\/10\/Amicabile-01-300x300.jpg 300w, https:\/\/www.3-ca.org\/wp-content\/uploads\/2020\/10\/Amicabile-01-150x150.jpg 150w, https:\/\/www.3-ca.org\/wp-content\/uploads\/2020\/10\/Amicabile-01-768x768.jpg 768w\" sizes=\"(max-width: 790px) 100vw, 790px\" \/><\/a><\/figure><\/li><li class=\"blocks-gallery-item\"><figure><a href=\"http:\/\/www.3-ca.org\/wp-content\/uploads\/2020\/10\/Amicabile-02.jpg\"><img decoding=\"async\" loading=\"lazy\" width=\"607\" height=\"536\" src=\"http:\/\/www.3-ca.org\/wp-content\/uploads\/2020\/10\/Amicabile-02.jpg\" alt=\"\" data-id=\"1340\" data-full-url=\"http:\/\/www.3-ca.org\/wp-content\/uploads\/2020\/10\/Amicabile-02.jpg\" data-link=\"http:\/\/3-ca.org\/?attachment_id=1340\" class=\"wp-image-1340\" srcset=\"https:\/\/www.3-ca.org\/wp-content\/uploads\/2020\/10\/Amicabile-02.jpg 607w, https:\/\/www.3-ca.org\/wp-content\/uploads\/2020\/10\/Amicabile-02-300x265.jpg 300w\" sizes=\"(max-width: 607px) 100vw, 607px\" \/><\/a><\/figure><\/li><li class=\"blocks-gallery-item\"><figure><a href=\"http:\/\/www.3-ca.org\/wp-content\/uploads\/2020\/10\/Amicabile-03.jpg\"><img decoding=\"async\" loading=\"lazy\" width=\"797\" height=\"599\" src=\"http:\/\/www.3-ca.org\/wp-content\/uploads\/2020\/10\/Amicabile-03.jpg\" alt=\"\" data-id=\"1341\" data-full-url=\"http:\/\/www.3-ca.org\/wp-content\/uploads\/2020\/10\/Amicabile-03.jpg\" data-link=\"http:\/\/3-ca.org\/?attachment_id=1341\" class=\"wp-image-1341\" srcset=\"https:\/\/www.3-ca.org\/wp-content\/uploads\/2020\/10\/Amicabile-03.jpg 797w, https:\/\/www.3-ca.org\/wp-content\/uploads\/2020\/10\/Amicabile-03-300x225.jpg 300w, https:\/\/www.3-ca.org\/wp-content\/uploads\/2020\/10\/Amicabile-03-768x577.jpg 768w\" sizes=\"(max-width: 797px) 100vw, 797px\" \/><\/a><\/figure><\/li><li class=\"blocks-gallery-item\"><figure><a href=\"http:\/\/www.3-ca.org\/wp-content\/uploads\/2020\/10\/Amicabile-04.jpg\"><img decoding=\"async\" loading=\"lazy\" width=\"573\" height=\"519\" src=\"http:\/\/www.3-ca.org\/wp-content\/uploads\/2020\/10\/Amicabile-04.jpg\" alt=\"\" data-id=\"1342\" data-full-url=\"http:\/\/www.3-ca.org\/wp-content\/uploads\/2020\/10\/Amicabile-04.jpg\" data-link=\"http:\/\/3-ca.org\/?attachment_id=1342\" class=\"wp-image-1342\" srcset=\"https:\/\/www.3-ca.org\/wp-content\/uploads\/2020\/10\/Amicabile-04.jpg 573w, https:\/\/www.3-ca.org\/wp-content\/uploads\/2020\/10\/Amicabile-04-300x272.jpg 300w\" sizes=\"(max-width: 573px) 100vw, 573px\" \/><\/a><\/figure><\/li><li class=\"blocks-gallery-item\"><figure><a href=\"http:\/\/www.3-ca.org\/wp-content\/uploads\/2020\/10\/Amicabile-05.jpg\"><img decoding=\"async\" loading=\"lazy\" width=\"567\" height=\"224\" src=\"http:\/\/www.3-ca.org\/wp-content\/uploads\/2020\/10\/Amicabile-05.jpg\" alt=\"\" data-id=\"1343\" data-full-url=\"http:\/\/www.3-ca.org\/wp-content\/uploads\/2020\/10\/Amicabile-05.jpg\" data-link=\"http:\/\/3-ca.org\/?attachment_id=1343\" class=\"wp-image-1343\" srcset=\"https:\/\/www.3-ca.org\/wp-content\/uploads\/2020\/10\/Amicabile-05.jpg 567w, https:\/\/www.3-ca.org\/wp-content\/uploads\/2020\/10\/Amicabile-05-300x119.jpg 300w\" sizes=\"(max-width: 567px) 100vw, 567px\" \/><\/a><\/figure><\/li><\/ul><\/figure>\n\n\n\n<p>L\u2019\u00e9tude de l\u2019artiste Judith Amicabile est compos\u00e9e d\u2019un site web dont la navigation prend la forme d\u2019une \u0153uvre d\u2019art qui incite \u00e0 l\u2019exp\u00e9rience et l\u2019exp\u00e9rimentation. Le site propose une navigation totalement intuitive, offrant une place \u00e0 la subjectivit\u00e9 de l\u2019internaute, regardeur. Cette approche sensible est bas\u00e9e sur une relation \u00ab&nbsp;tactile&nbsp;\u00bb \u00e0 l\u2019\u00e9cran de l\u2019ordinateur.<\/p>\n\n\n\n<p>Le curseur usuel figurant une fl\u00e8che est ici remplac\u00e9 par un onglet circulant \u00e0 la lisi\u00e8re d\u2019un cercle. La premi\u00e8re page s\u2019ouvre sur un cercle de couleur qui n&rsquo;est jamais la m\u00eame. La premi\u00e8re intervention de l\u2019utilisateur a pour effet de r\u00e9v\u00e9ler que ce cercle fonctionne comme un nuancier : chaque mouvement de la main de l\u2019utilisateur faisant graduellement \u00e9voluer la couleur initiale. Le d\u00e9placement se fait \u00e0 la circonf\u00e9rence du cercle. Il a pour effet de proposer de cliquer sans d\u00e9voiler l\u2019\u00e9ventail des liens propos\u00e9s. Le clic op\u00e8re un changement bref mais d\u00e9finitif puisqu\u2019il nous fait p\u00e9n\u00e9trer dans la couleur choisie : le cercle initial s\u2019agrandit jusqu\u2019\u00e0 former une page. A c\u00f4t\u00e9 du cercle-nuancier, un lien \u201cplan du site\u201d permet au visiteur de se rendre directement \u00e0 l\u2019information recherch\u00e9e (description du projet, pr\u00e9sentation de l\u2019association, des locataires, des habitants etc.).<\/p>\n\n\n\n<p>Le site propose des renseignements pratiques ou des informations sur IGLOO qui est un programme europ\u00e9en d\u2019insertion global par le logement. Ce programme est fond\u00e9 sur la participation active des personnes d\u00e9favoris\u00e9es \u00e0 la production de leur habitat. Le projet de construction dans la rue des poissonniers (Paris 19e), pour lequel ce site a \u00e9t\u00e9 r\u00e9alis\u00e9, est la premi\u00e8re op\u00e9ration IGLOO \u00e0 Paris. Le site est \u00e9galement un outil tr\u00e8s concret \u00e0 l\u2019adresse des habitants et des internautes.<\/p>\n\n\n\n<p>Judith Amicabile <a href=\"http:\/\/judith.amicabile.free.fr\">http:\/\/judith.amicabile.free.fr<\/a><\/p>\n\n\n\n<p><span style=\"color: #ffffff;\">1<\/span><\/p>\n\n\n\n<p><span style=\"color: #808080;\">Judith Amicabile&rsquo;s study consists of a web site whose navigation looks like a piece of artwork that has to be experienced. The web site proposes a total intuitive navigation, offering a room for the watcher and allowing for the internaute&rsquo;s subjectivity. This sensitive approach is based on tactile relationships with the screen of the computer.<\/span><\/p>\n\n\n\n<p><span style=\"color: #808080;\">The usual sign of the cursor is replaced by a button circulating around a circle. Each first page can be opened with a new circle and a new color.The first intervention of the user has the effect of revealing the fact that the circle works as a sample card. Each movement of the user&rsquo;s hand makes the initial color graduate in evolution. This displacement is possible on the boundaries of the circle. It has the effect of clicking without revealing the different links that are possible. That clicking proposes a quick but definitive shift because it allows us to penetrate into the selected color. The&nbsp; initial circle grows up in order to form a new page. Close to the sample card, the link \u00ab\u00a0plan du site\u00a0\u00bb allows the visitor to go directly to the searched information (description of the project, presentation of the association, of the renters, of the residents, etc&#8230;)<\/span><\/p>\n\n\n\n<p><span style=\"color: #808080;\">The site offers useful informations about IGLOO, which concerns an European program of global integration through housing. This program is based on sharing housing production for underprivileged people. The project concerning building housing in the Poissoneries street (19th arrondissement, Paris),&nbsp; which the site is dedicated to, is the first operation of IGLOO, in Paris. The site is also a tool made for internauts&rsquo; and residents&rsquo; emails.<\/span><\/p>\n","protected":false},"excerpt":{"rendered":"<p>Etude dans le cadre de l&rsquo;action Nouveaux commanditaires, soutenue par la Fondation de FranceM\u00e9diation : 3CA &#8211; Mari Linnman L\u2019\u00e9tude de l\u2019artiste Judith Amicabile est compos\u00e9e d\u2019un site web dont la navigation prend la forme d\u2019une \u0153uvre d\u2019art qui incite \u00e0 l\u2019exp\u00e9rience et l\u2019exp\u00e9rimentation. Le site propose une navigation totalement intuitive, offrant une place \u00e0 la subjectivit\u00e9 de l\u2019internaute, regardeur. Cette approche sensible est bas\u00e9e sur une relation \u00ab&nbsp;tactile&nbsp;\u00bb \u00e0<\/p>\n<div class=\"belowpost\"><a class=\"btnmore\" href=\"https:\/\/www.3-ca.org\/?page_id=212\">Read More<\/a><\/div>\n","protected":false},"author":1,"featured_media":0,"parent":0,"menu_order":0,"comment_status":"open","ping_status":"open","template":"","meta":[],"categories":[],"tags":[],"_links":{"self":[{"href":"https:\/\/www.3-ca.org\/index.php?rest_route=\/wp\/v2\/pages\/212"}],"collection":[{"href":"https:\/\/www.3-ca.org\/index.php?rest_route=\/wp\/v2\/pages"}],"about":[{"href":"https:\/\/www.3-ca.org\/index.php?rest_route=\/wp\/v2\/types\/page"}],"author":[{"embeddable":true,"href":"https:\/\/www.3-ca.org\/index.php?rest_route=\/wp\/v2\/users\/1"}],"replies":[{"embeddable":true,"href":"https:\/\/www.3-ca.org\/index.php?rest_route=%2Fwp%2Fv2%2Fcomments&post=212"}],"version-history":[{"count":2,"href":"https:\/\/www.3-ca.org\/index.php?rest_route=\/wp\/v2\/pages\/212\/revisions"}],"predecessor-version":[{"id":1344,"href":"https:\/\/www.3-ca.org\/index.php?rest_route=\/wp\/v2\/pages\/212\/revisions\/1344"}],"wp:attachment":[{"href":"https:\/\/www.3-ca.org\/index.php?rest_route=%2Fwp%2Fv2%2Fmedia&parent=212"}],"wp:term":[{"taxonomy":"category","embeddable":true,"href":"https:\/\/www.3-ca.org\/index.php?rest_route=%2Fwp%2Fv2%2Fcategories&post=212"},{"taxonomy":"post_tag","embeddable":true,"href":"https:\/\/www.3-ca.org\/index.php?rest_route=%2Fwp%2Fv2%2Ftags&post=212"}],"curies":[{"name":"wp","href":"https:\/\/api.w.org\/{rel}","templated":true}]}}