{"id":2,"date":"2006-07-28T19:09:20","date_gmt":"2006-07-28T17:09:20","guid":{"rendered":"http:\/\/mig2020.3-ca.org\/?page_id=2"},"modified":"2020-10-19T18:11:19","modified_gmt":"2020-10-19T16:11:19","slug":"presentation","status":"publish","type":"page","link":"https:\/\/www.3-ca.org\/?page_id=2","title":{"rendered":"Pr\u00e9sentation"},"content":{"rendered":"<p><span style=\"color: #ffffff;\">h<\/span><\/p>\n<p>Cr\u00e9\u00e9e en 1998, 3CA est une association de loi 1901 dont l&rsquo;objet est de d\u00e9velopper la cr\u00e9ation, la production, la diffusion et la r\u00e9ception d&rsquo;\u0153uvres d&rsquo;art.<\/p>\n<p>\u00c0 travers une mission de m\u00e9diation, 3CA \u00e9tablit un dialogue entre citoyens et artistes autour de questions de soci\u00e9t\u00e9 : sant\u00e9, \u00e9ducation, \u00e9conomie, \u00e9cologie, sciences\u2026 qui aboutit sur la production d&rsquo;oeuvres s&rsquo;inscrivant dans des contextes vari\u00e9s : scolaire, hospitalier, social&#8230;<\/p>\n<p>3CA apporte des comp\u00e9tences en termes de montage de projets et accompagne, dans toutes les \u00e9tapes du processus, les acteurs qui souhaitent initier et porter un projet artistique.<\/p>\n<p>3CA est m\u00e9diateur agr\u00e9\u00e9 pour la r\u00e9gion Ile-de-France de l&rsquo;<a href=\"http:\/\/www.3-ca.org\/doc_ext\/NC.htm\" target=\"_blank\" rel=\"noopener noreferrer\">action Nouveaux commanditaires<\/a>, soutenue par la Fondation de France.<\/p>\n<p>Reconnue d&rsquo;int\u00e9r\u00eat g\u00e9n\u00e9ral, 3CA est habilit\u00e9e \u00e0 recevoir des dons \u00e9ligibles au r\u00e9gime fiscal du m\u00e9c\u00e9nat.<\/p>\n","protected":false},"excerpt":{"rendered":"<p>h Cr\u00e9\u00e9e en 1998, 3CA est une association de loi 1901 dont l&rsquo;objet est de d\u00e9velopper la cr\u00e9ation, la production, la diffusion et la r\u00e9ception d&rsquo;\u0153uvres d&rsquo;art. \u00c0 travers une mission de m\u00e9diation, 3CA \u00e9tablit un dialogue entre citoyens et artistes autour de questions de soci\u00e9t\u00e9 : sant\u00e9, \u00e9ducation, \u00e9conomie, \u00e9cologie, sciences\u2026 qui aboutit sur la production d&rsquo;oeuvres s&rsquo;inscrivant dans des contextes vari\u00e9s : scolaire, hospitalier, social&#8230; 3CA apporte des<\/p>\n<div class=\"belowpost\"><a class=\"btnmore\" href=\"https:\/\/www.3-ca.org\/?page_id=2\">Read More<\/a><\/div>\n","protected":false},"author":1,"featured_media":0,"parent":0,"menu_order":5,"comment_status":"closed","ping_status":"closed","template":"full-width-page-template.php","meta":[],"categories":[6],"tags":[],"_links":{"self":[{"href":"https:\/\/www.3-ca.org\/index.php?rest_route=\/wp\/v2\/pages\/2"}],"collection":[{"href":"https:\/\/www.3-ca.org\/index.php?rest_route=\/wp\/v2\/pages"}],"about":[{"href":"https:\/\/www.3-ca.org\/index.php?rest_route=\/wp\/v2\/types\/page"}],"author":[{"embeddable":true,"href":"https:\/\/www.3-ca.org\/index.php?rest_route=\/wp\/v2\/users\/1"}],"replies":[{"embeddable":true,"href":"https:\/\/www.3-ca.org\/index.php?rest_route=%2Fwp%2Fv2%2Fcomments&post=2"}],"version-history":[{"count":1,"href":"https:\/\/www.3-ca.org\/index.php?rest_route=\/wp\/v2\/pages\/2\/revisions"}],"predecessor-version":[{"id":1001,"href":"https:\/\/www.3-ca.org\/index.php?rest_route=\/wp\/v2\/pages\/2\/revisions\/1001"}],"wp:attachment":[{"href":"https:\/\/www.3-ca.org\/index.php?rest_route=%2Fwp%2Fv2%2Fmedia&parent=2"}],"wp:term":[{"taxonomy":"category","embeddable":true,"href":"https:\/\/www.3-ca.org\/index.php?rest_route=%2Fwp%2Fv2%2Fcategories&post=2"},{"taxonomy":"post_tag","embeddable":true,"href":"https:\/\/www.3-ca.org\/index.php?rest_route=%2Fwp%2Fv2%2Ftags&post=2"}],"curies":[{"name":"wp","href":"https:\/\/api.w.org\/{rel}","templated":true}]}}