{"id":173,"date":"2009-05-27T00:07:14","date_gmt":"2009-05-26T22:07:14","guid":{"rendered":"http:\/\/www.3-ca.org\/?page_id=173"},"modified":"2020-10-20T13:49:26","modified_gmt":"2020-10-20T11:49:26","slug":"rosler","status":"publish","type":"page","link":"https:\/\/www.3-ca.org\/?page_id=173","title":{"rendered":"Martha Rosler"},"content":{"rendered":"\n<h3><span style=\"color: #808080;\"><strong>Helsinki Business Campus, Helsinki, Finlande &#8211; 2002<\/strong><\/span><\/h3>\n\n\n\n<p>Etude dans le cadre de l&rsquo;action <a rel=\"noopener noreferrer\" href=\"http:\/\/www.3-ca.org\/doc_ext\/NC.htm\" target=\"_blank\">Nouveaux commanditaires<\/a>, soutenue par la Fondation de France<br>M\u00e9diation\/production : 3CA &#8211; Mari Linnman<\/p>\n\n\n\n<figure class=\"is-layout-flex wp-block-gallery-1 wp-block-gallery columns-3 is-cropped\"><ul class=\"blocks-gallery-grid\"><li class=\"blocks-gallery-item\"><figure><a href=\"http:\/\/www.3-ca.org\/wp-content\/uploads\/2020\/10\/art_rosler_image_etude1.jpg\"><img decoding=\"async\" loading=\"lazy\" width=\"567\" height=\"438\" src=\"http:\/\/www.3-ca.org\/wp-content\/uploads\/2020\/10\/art_rosler_image_etude1.jpg\" alt=\"\" data-id=\"1227\" data-full-url=\"http:\/\/www.3-ca.org\/wp-content\/uploads\/2020\/10\/art_rosler_image_etude1.jpg\" data-link=\"http:\/\/3-ca.org\/?attachment_id=1227\" class=\"wp-image-1227\" srcset=\"https:\/\/www.3-ca.org\/wp-content\/uploads\/2020\/10\/art_rosler_image_etude1.jpg 567w, https:\/\/www.3-ca.org\/wp-content\/uploads\/2020\/10\/art_rosler_image_etude1-300x232.jpg 300w\" sizes=\"(max-width: 567px) 100vw, 567px\" \/><\/a><\/figure><\/li><li class=\"blocks-gallery-item\"><figure><a href=\"http:\/\/www.3-ca.org\/wp-content\/uploads\/2020\/10\/art_rosler_image_etude2.jpg\"><img decoding=\"async\" loading=\"lazy\" width=\"567\" height=\"438\" src=\"http:\/\/www.3-ca.org\/wp-content\/uploads\/2020\/10\/art_rosler_image_etude2.jpg\" alt=\"\" data-id=\"1228\" data-full-url=\"http:\/\/www.3-ca.org\/wp-content\/uploads\/2020\/10\/art_rosler_image_etude2.jpg\" data-link=\"http:\/\/3-ca.org\/?attachment_id=1228\" class=\"wp-image-1228\" srcset=\"https:\/\/www.3-ca.org\/wp-content\/uploads\/2020\/10\/art_rosler_image_etude2.jpg 567w, https:\/\/www.3-ca.org\/wp-content\/uploads\/2020\/10\/art_rosler_image_etude2-300x232.jpg 300w\" sizes=\"(max-width: 567px) 100vw, 567px\" \/><\/a><\/figure><\/li><li class=\"blocks-gallery-item\"><figure><a href=\"http:\/\/www.3-ca.org\/wp-content\/uploads\/2020\/10\/art_rosler_image_etude3.jpg\"><img decoding=\"async\" loading=\"lazy\" width=\"567\" height=\"438\" src=\"http:\/\/www.3-ca.org\/wp-content\/uploads\/2020\/10\/art_rosler_image_etude3.jpg\" alt=\"\" data-id=\"1229\" data-full-url=\"http:\/\/www.3-ca.org\/wp-content\/uploads\/2020\/10\/art_rosler_image_etude3.jpg\" data-link=\"http:\/\/3-ca.org\/?attachment_id=1229\" class=\"wp-image-1229\" srcset=\"https:\/\/www.3-ca.org\/wp-content\/uploads\/2020\/10\/art_rosler_image_etude3.jpg 567w, https:\/\/www.3-ca.org\/wp-content\/uploads\/2020\/10\/art_rosler_image_etude3-300x232.jpg 300w\" sizes=\"(max-width: 567px) 100vw, 567px\" \/><\/a><\/figure><\/li><li class=\"blocks-gallery-item\"><figure><a href=\"http:\/\/www.3-ca.org\/wp-content\/uploads\/2020\/10\/art_rosler_image_etude4.jpg\"><img decoding=\"async\" loading=\"lazy\" width=\"567\" height=\"438\" src=\"http:\/\/www.3-ca.org\/wp-content\/uploads\/2020\/10\/art_rosler_image_etude4.jpg\" alt=\"\" data-id=\"1230\" data-full-url=\"http:\/\/www.3-ca.org\/wp-content\/uploads\/2020\/10\/art_rosler_image_etude4.jpg\" data-link=\"http:\/\/3-ca.org\/?attachment_id=1230\" class=\"wp-image-1230\" srcset=\"https:\/\/www.3-ca.org\/wp-content\/uploads\/2020\/10\/art_rosler_image_etude4.jpg 567w, https:\/\/www.3-ca.org\/wp-content\/uploads\/2020\/10\/art_rosler_image_etude4-300x232.jpg 300w\" sizes=\"(max-width: 567px) 100vw, 567px\" \/><\/a><\/figure><\/li><li class=\"blocks-gallery-item\"><figure><a href=\"http:\/\/www.3-ca.org\/wp-content\/uploads\/2020\/10\/art_rosler_image_etude5.jpg\"><img decoding=\"async\" loading=\"lazy\" width=\"567\" height=\"438\" src=\"http:\/\/www.3-ca.org\/wp-content\/uploads\/2020\/10\/art_rosler_image_etude5.jpg\" alt=\"\" data-id=\"1231\" data-full-url=\"http:\/\/www.3-ca.org\/wp-content\/uploads\/2020\/10\/art_rosler_image_etude5.jpg\" data-link=\"http:\/\/3-ca.org\/?attachment_id=1231\" class=\"wp-image-1231\" srcset=\"https:\/\/www.3-ca.org\/wp-content\/uploads\/2020\/10\/art_rosler_image_etude5.jpg 567w, https:\/\/www.3-ca.org\/wp-content\/uploads\/2020\/10\/art_rosler_image_etude5-300x232.jpg 300w\" sizes=\"(max-width: 567px) 100vw, 567px\" \/><\/a><\/figure><\/li><li class=\"blocks-gallery-item\"><figure><a href=\"http:\/\/www.3-ca.org\/wp-content\/uploads\/2020\/10\/art_rosler_image_etude6.jpg\"><img decoding=\"async\" loading=\"lazy\" width=\"567\" height=\"438\" src=\"http:\/\/www.3-ca.org\/wp-content\/uploads\/2020\/10\/art_rosler_image_etude6.jpg\" alt=\"\" data-id=\"1232\" data-full-url=\"http:\/\/www.3-ca.org\/wp-content\/uploads\/2020\/10\/art_rosler_image_etude6.jpg\" data-link=\"http:\/\/3-ca.org\/?attachment_id=1232\" class=\"wp-image-1232\" srcset=\"https:\/\/www.3-ca.org\/wp-content\/uploads\/2020\/10\/art_rosler_image_etude6.jpg 567w, https:\/\/www.3-ca.org\/wp-content\/uploads\/2020\/10\/art_rosler_image_etude6-300x232.jpg 300w\" sizes=\"(max-width: 567px) 100vw, 567px\" \/><\/a><\/figure><\/li><li class=\"blocks-gallery-item\"><figure><a href=\"http:\/\/www.3-ca.org\/wp-content\/uploads\/2020\/10\/art_rosler_image_lieu1.jpg\"><img decoding=\"async\" loading=\"lazy\" width=\"567\" height=\"379\" src=\"http:\/\/www.3-ca.org\/wp-content\/uploads\/2020\/10\/art_rosler_image_lieu1.jpg\" alt=\"\" data-id=\"1233\" data-full-url=\"http:\/\/www.3-ca.org\/wp-content\/uploads\/2020\/10\/art_rosler_image_lieu1.jpg\" data-link=\"http:\/\/3-ca.org\/?attachment_id=1233\" class=\"wp-image-1233\" srcset=\"https:\/\/www.3-ca.org\/wp-content\/uploads\/2020\/10\/art_rosler_image_lieu1.jpg 567w, https:\/\/www.3-ca.org\/wp-content\/uploads\/2020\/10\/art_rosler_image_lieu1-300x201.jpg 300w\" sizes=\"(max-width: 567px) 100vw, 567px\" \/><\/a><\/figure><\/li><li class=\"blocks-gallery-item\"><figure><a href=\"http:\/\/www.3-ca.org\/wp-content\/uploads\/2020\/10\/art_rosler_image_lieu2.jpg\"><img decoding=\"async\" loading=\"lazy\" width=\"567\" height=\"351\" src=\"http:\/\/www.3-ca.org\/wp-content\/uploads\/2020\/10\/art_rosler_image_lieu2.jpg\" alt=\"\" data-id=\"1234\" data-full-url=\"http:\/\/www.3-ca.org\/wp-content\/uploads\/2020\/10\/art_rosler_image_lieu2.jpg\" data-link=\"http:\/\/3-ca.org\/?attachment_id=1234\" class=\"wp-image-1234\" srcset=\"https:\/\/www.3-ca.org\/wp-content\/uploads\/2020\/10\/art_rosler_image_lieu2.jpg 567w, https:\/\/www.3-ca.org\/wp-content\/uploads\/2020\/10\/art_rosler_image_lieu2-300x186.jpg 300w\" sizes=\"(max-width: 567px) 100vw, 567px\" \/><\/a><\/figure><\/li><li class=\"blocks-gallery-item\"><figure><a href=\"http:\/\/www.3-ca.org\/wp-content\/uploads\/2020\/10\/art_rosler_image_lieu3.jpg\"><img decoding=\"async\" loading=\"lazy\" width=\"567\" height=\"362\" src=\"http:\/\/www.3-ca.org\/wp-content\/uploads\/2020\/10\/art_rosler_image_lieu3.jpg\" alt=\"\" data-id=\"1235\" data-full-url=\"http:\/\/www.3-ca.org\/wp-content\/uploads\/2020\/10\/art_rosler_image_lieu3.jpg\" data-link=\"http:\/\/3-ca.org\/?attachment_id=1235\" class=\"wp-image-1235\" srcset=\"https:\/\/www.3-ca.org\/wp-content\/uploads\/2020\/10\/art_rosler_image_lieu3.jpg 567w, https:\/\/www.3-ca.org\/wp-content\/uploads\/2020\/10\/art_rosler_image_lieu3-300x192.jpg 300w\" sizes=\"(max-width: 567px) 100vw, 567px\" \/><\/a><\/figure><\/li><\/ul><\/figure>\n\n\n\n<p><em><span style=\"color: #888888;\">English translation below<\/span><\/em><\/p>\n\n\n\n<p>L&rsquo;artiste Martha Rosler a travaill\u00e9 sur une \u00e9tude qui concerne l\u2019Helsinki Business Campus (HBC) en Finlande. L&rsquo;HBC est situ\u00e9 dans un quartier r\u00e9sidentiel appel\u00e9 T\u00f6\u00f6lo au centre d&rsquo;Helsinki et rassemble plusieurs institutions et grandes \u00e9coles de commerce et de management.<\/p>\n\n\n\n<p>HBC est un lieu d\u2019apprentissage et de recherche qui encourage l\u2019esprit d\u2019entreprise et l\u2019inventivit\u00e9, en construisant de nouveaux savoirs sur les sciences commerciales. Les personnes qui travaillent et \u00e9tudient \u00e0 l\u2019HBC, participent par leurs propres actions ou discours aux discussions scientifiques et soci\u00e9tales finlandaises et internationales.<\/p>\n\n\n\n<p>Dans ce contexte, en 2002, plusieurs chercheurs et \u00e9tudiants ont constitu\u00e9 un groupe de commanditaires. Ils s\u2019int\u00e9ressent \u00e0 la recherche exp\u00e9rimentale sur des syst\u00e8mes alternatifs au business \u00ab&nbsp;dur&nbsp;\u00bb.<\/p>\n\n\n\n<p>La commande formul\u00e9e par ce groupe portait sur l\u2019identification du campus, les valeurs transmises, son inscription dans la ville, la cohabitation d\u2019\u00e9coles su\u00e9doises et finlandaises. Le groupe souhaitait relier les diff\u00e9rentes parties et valeurs, quelques fois contradictoires, afin de mettre en \u00e9vidence l\u2019unit\u00e9 et la vari\u00e9t\u00e9 de l\u2019HBC.<\/p>\n\n\n\n<p>Martha Rosler&nbsp;: <a title=\"http:\/\/home.earthlink.net\/~navva\/\" href=\"http:\/\/home.earthlink.net\/~navva\/\" target=\"_blank\" rel=\"noopener noreferrer\">http:\/\/home.earthlink.net\/~navva\/<\/a><\/p>\n\n\n\n<p><span style=\"color: #ffffff;\">&#8211;<\/span><br><span style=\"color: #808080;\"><strong>Helsinki Business Campus, Helsinki, Finland<\/strong><\/span><\/p>\n\n\n\n<p><span style=\"color: #888888;\">American artist Martha Rosler worked on a study related to the Helsinski Business Campus (HBC) in Finland. HBC is located in a residential neighborhood called T\u00e0\u00e0lo in downtown Helsinki. It gathers different institutions and high business and management colleges.<\/span><\/p>\n\n\n\n<p><span style=\"color: #888888;\">HBC is a training and research space that fosters a challenging state of mind and creativity by producing new ideas about commercial sciences. People that work and study at the HBC share scientific and social Finnish and international meetings involving their own discourses and other activities.<\/span><\/p>\n\n\n\n<p><span style=\"color: #888888;\">Within this framework, in 2002, some researchers and students constituted a group of patrons. They were interested in experimental research about alternative systems of basic business.<\/span><\/p>\n\n\n\n<p><span style=\"color: #888888;\">The commission made by this group concerned the campus identity, their shared values and their situation in the city (especially with other Finnish and Swedish schools). The group aimed to join the different interests and their ethical values, which are sometimes opposed, in order to show the unity and diversity of HBC.<\/span><\/p>\n","protected":false},"excerpt":{"rendered":"<p>Helsinki Business Campus, Helsinki, Finlande &#8211; 2002 Etude dans le cadre de l&rsquo;action Nouveaux commanditaires, soutenue par la Fondation de FranceM\u00e9diation\/production : 3CA &#8211; Mari Linnman English translation below L&rsquo;artiste Martha Rosler a travaill\u00e9 sur une \u00e9tude qui concerne l\u2019Helsinki Business Campus (HBC) en Finlande. L&rsquo;HBC est situ\u00e9 dans un quartier r\u00e9sidentiel appel\u00e9 T\u00f6\u00f6lo au centre d&rsquo;Helsinki et rassemble plusieurs institutions et grandes \u00e9coles de commerce et de management. HBC<\/p>\n<div class=\"belowpost\"><a class=\"btnmore\" href=\"https:\/\/www.3-ca.org\/?page_id=173\">Read More<\/a><\/div>\n","protected":false},"author":1,"featured_media":0,"parent":0,"menu_order":110,"comment_status":"open","ping_status":"open","template":"","meta":[],"categories":[],"tags":[],"_links":{"self":[{"href":"https:\/\/www.3-ca.org\/index.php?rest_route=\/wp\/v2\/pages\/173"}],"collection":[{"href":"https:\/\/www.3-ca.org\/index.php?rest_route=\/wp\/v2\/pages"}],"about":[{"href":"https:\/\/www.3-ca.org\/index.php?rest_route=\/wp\/v2\/types\/page"}],"author":[{"embeddable":true,"href":"https:\/\/www.3-ca.org\/index.php?rest_route=\/wp\/v2\/users\/1"}],"replies":[{"embeddable":true,"href":"https:\/\/www.3-ca.org\/index.php?rest_route=%2Fwp%2Fv2%2Fcomments&post=173"}],"version-history":[{"count":1,"href":"https:\/\/www.3-ca.org\/index.php?rest_route=\/wp\/v2\/pages\/173\/revisions"}],"predecessor-version":[{"id":1237,"href":"https:\/\/www.3-ca.org\/index.php?rest_route=\/wp\/v2\/pages\/173\/revisions\/1237"}],"wp:attachment":[{"href":"https:\/\/www.3-ca.org\/index.php?rest_route=%2Fwp%2Fv2%2Fmedia&parent=173"}],"wp:term":[{"taxonomy":"category","embeddable":true,"href":"https:\/\/www.3-ca.org\/index.php?rest_route=%2Fwp%2Fv2%2Fcategories&post=173"},{"taxonomy":"post_tag","embeddable":true,"href":"https:\/\/www.3-ca.org\/index.php?rest_route=%2Fwp%2Fv2%2Ftags&post=173"}],"curies":[{"name":"wp","href":"https:\/\/api.w.org\/{rel}","templated":true}]}}