{"id":131,"date":"2009-05-26T16:37:13","date_gmt":"2009-05-26T14:37:13","guid":{"rendered":"http:\/\/www.3-ca.org\/?page_id=131"},"modified":"2020-10-20T13:34:26","modified_gmt":"2020-10-20T11:34:26","slug":"bartas-front","status":"publish","type":"page","link":"https:\/\/www.3-ca.org\/?page_id=131","title":{"rendered":"Magnus B\u00e4rt\u00e5s &#038; Front"},"content":{"rendered":"\n<h3><strong><span style=\"color: #800000;\">Kvarteret F\u00e4lt\u00f6versten &#8211; 2006<br><\/span><\/strong><\/h3>\n\n\n\n<h3><span style=\"color: #808080;\"><strong>F\u00e4lt\u00f6versten, Stockholm, Su\u00e8de<\/strong><\/span><\/h3>\n\n\n\n<p>Dans le cadre de l\u2019action <a href=\"..\/..\/doc_ext\/NC.htm\" target=\"_blank\" rel=\"noopener noreferrer\">Nouveaux commanditaires<\/a>, soutenue par la Fondation de France en partenariat avec Konstfack University College of Arts, Crafts and Design, Centrumkompaniet, Stiftelsen Framtidens Kultur.<br>M\u00e9diation\/production : 3CA &#8211; Mari Linnman<\/p>\n\n\n\n<figure class=\"is-layout-flex wp-block-gallery-1 wp-block-gallery columns-6 is-cropped\"><ul class=\"blocks-gallery-grid\"><li class=\"blocks-gallery-item\"><figure><a href=\"http:\/\/www.3-ca.org\/wp-content\/uploads\/2020\/10\/01-1.jpg\"><img decoding=\"async\" loading=\"lazy\" width=\"733\" height=\"900\" src=\"http:\/\/www.3-ca.org\/wp-content\/uploads\/2020\/10\/01-1.jpg\" alt=\"\" data-id=\"1132\" data-full-url=\"http:\/\/www.3-ca.org\/wp-content\/uploads\/2020\/10\/01-1.jpg\" data-link=\"http:\/\/3-ca.org\/?attachment_id=1132\" class=\"wp-image-1132\" srcset=\"https:\/\/www.3-ca.org\/wp-content\/uploads\/2020\/10\/01-1.jpg 733w, https:\/\/www.3-ca.org\/wp-content\/uploads\/2020\/10\/01-1-244x300.jpg 244w\" sizes=\"(max-width: 733px) 100vw, 733px\" \/><\/a><\/figure><\/li><li class=\"blocks-gallery-item\"><figure><a href=\"http:\/\/www.3-ca.org\/wp-content\/uploads\/2020\/10\/02-1.jpg\"><img decoding=\"async\" loading=\"lazy\" width=\"900\" height=\"732\" src=\"http:\/\/www.3-ca.org\/wp-content\/uploads\/2020\/10\/02-1.jpg\" alt=\"\" data-id=\"1133\" data-full-url=\"http:\/\/www.3-ca.org\/wp-content\/uploads\/2020\/10\/02-1.jpg\" data-link=\"http:\/\/3-ca.org\/?attachment_id=1133\" class=\"wp-image-1133\" srcset=\"https:\/\/www.3-ca.org\/wp-content\/uploads\/2020\/10\/02-1.jpg 900w, https:\/\/www.3-ca.org\/wp-content\/uploads\/2020\/10\/02-1-300x244.jpg 300w, https:\/\/www.3-ca.org\/wp-content\/uploads\/2020\/10\/02-1-768x625.jpg 768w\" sizes=\"(max-width: 900px) 100vw, 900px\" \/><\/a><\/figure><\/li><li class=\"blocks-gallery-item\"><figure><a href=\"http:\/\/www.3-ca.org\/wp-content\/uploads\/2020\/10\/03-1.jpg\"><img decoding=\"async\" loading=\"lazy\" width=\"900\" height=\"675\" src=\"http:\/\/www.3-ca.org\/wp-content\/uploads\/2020\/10\/03-1.jpg\" alt=\"\" data-id=\"1134\" data-full-url=\"http:\/\/www.3-ca.org\/wp-content\/uploads\/2020\/10\/03-1.jpg\" data-link=\"http:\/\/3-ca.org\/?attachment_id=1134\" class=\"wp-image-1134\" srcset=\"https:\/\/www.3-ca.org\/wp-content\/uploads\/2020\/10\/03-1.jpg 900w, https:\/\/www.3-ca.org\/wp-content\/uploads\/2020\/10\/03-1-300x225.jpg 300w, https:\/\/www.3-ca.org\/wp-content\/uploads\/2020\/10\/03-1-768x576.jpg 768w\" sizes=\"(max-width: 900px) 100vw, 900px\" \/><\/a><\/figure><\/li><li class=\"blocks-gallery-item\"><figure><a href=\"http:\/\/www.3-ca.org\/wp-content\/uploads\/2020\/10\/04-1.jpg\"><img decoding=\"async\" loading=\"lazy\" width=\"900\" height=\"675\" src=\"http:\/\/www.3-ca.org\/wp-content\/uploads\/2020\/10\/04-1.jpg\" alt=\"\" data-id=\"1135\" data-full-url=\"http:\/\/www.3-ca.org\/wp-content\/uploads\/2020\/10\/04-1.jpg\" data-link=\"http:\/\/3-ca.org\/?attachment_id=1135\" class=\"wp-image-1135\" srcset=\"https:\/\/www.3-ca.org\/wp-content\/uploads\/2020\/10\/04-1.jpg 900w, https:\/\/www.3-ca.org\/wp-content\/uploads\/2020\/10\/04-1-300x225.jpg 300w, https:\/\/www.3-ca.org\/wp-content\/uploads\/2020\/10\/04-1-768x576.jpg 768w\" sizes=\"(max-width: 900px) 100vw, 900px\" \/><\/a><\/figure><\/li><li class=\"blocks-gallery-item\"><figure><a href=\"http:\/\/www.3-ca.org\/wp-content\/uploads\/2020\/10\/05.jpg\"><img decoding=\"async\" loading=\"lazy\" width=\"900\" height=\"675\" src=\"http:\/\/www.3-ca.org\/wp-content\/uploads\/2020\/10\/05.jpg\" alt=\"\" data-id=\"1136\" data-full-url=\"http:\/\/www.3-ca.org\/wp-content\/uploads\/2020\/10\/05.jpg\" data-link=\"http:\/\/3-ca.org\/?attachment_id=1136\" class=\"wp-image-1136\" srcset=\"https:\/\/www.3-ca.org\/wp-content\/uploads\/2020\/10\/05.jpg 900w, https:\/\/www.3-ca.org\/wp-content\/uploads\/2020\/10\/05-300x225.jpg 300w, https:\/\/www.3-ca.org\/wp-content\/uploads\/2020\/10\/05-768x576.jpg 768w\" sizes=\"(max-width: 900px) 100vw, 900px\" \/><\/a><\/figure><\/li><li class=\"blocks-gallery-item\"><figure><a href=\"http:\/\/www.3-ca.org\/wp-content\/uploads\/2020\/10\/06.jpg\"><img decoding=\"async\" loading=\"lazy\" width=\"1024\" height=\"819\" src=\"http:\/\/www.3-ca.org\/wp-content\/uploads\/2020\/10\/06-1024x819.jpg\" alt=\"\" data-id=\"1137\" data-full-url=\"http:\/\/www.3-ca.org\/wp-content\/uploads\/2020\/10\/06.jpg\" data-link=\"http:\/\/3-ca.org\/?attachment_id=1137\" class=\"wp-image-1137\" srcset=\"https:\/\/www.3-ca.org\/wp-content\/uploads\/2020\/10\/06-1024x819.jpg 1024w, https:\/\/www.3-ca.org\/wp-content\/uploads\/2020\/10\/06-300x240.jpg 300w, https:\/\/www.3-ca.org\/wp-content\/uploads\/2020\/10\/06-768x614.jpg 768w, https:\/\/www.3-ca.org\/wp-content\/uploads\/2020\/10\/06.jpg 1280w\" sizes=\"(max-width: 1024px) 100vw, 1024px\" \/><\/a><\/figure><\/li><li class=\"blocks-gallery-item\"><figure><a href=\"http:\/\/www.3-ca.org\/wp-content\/uploads\/2020\/10\/07.jpg\"><img decoding=\"async\" loading=\"lazy\" width=\"984\" height=\"735\" src=\"http:\/\/www.3-ca.org\/wp-content\/uploads\/2020\/10\/07.jpg\" alt=\"\" data-id=\"1138\" data-full-url=\"http:\/\/www.3-ca.org\/wp-content\/uploads\/2020\/10\/07.jpg\" data-link=\"http:\/\/3-ca.org\/?attachment_id=1138\" class=\"wp-image-1138\" srcset=\"https:\/\/www.3-ca.org\/wp-content\/uploads\/2020\/10\/07.jpg 984w, https:\/\/www.3-ca.org\/wp-content\/uploads\/2020\/10\/07-300x224.jpg 300w, https:\/\/www.3-ca.org\/wp-content\/uploads\/2020\/10\/07-768x574.jpg 768w\" sizes=\"(max-width: 984px) 100vw, 984px\" \/><\/a><\/figure><\/li><li class=\"blocks-gallery-item\"><figure><a href=\"http:\/\/www.3-ca.org\/wp-content\/uploads\/2020\/10\/08.jpg\"><img decoding=\"async\" loading=\"lazy\" width=\"1024\" height=\"722\" src=\"http:\/\/www.3-ca.org\/wp-content\/uploads\/2020\/10\/08-1024x722.jpg\" alt=\"\" data-id=\"1139\" data-full-url=\"http:\/\/www.3-ca.org\/wp-content\/uploads\/2020\/10\/08.jpg\" data-link=\"http:\/\/3-ca.org\/?attachment_id=1139\" class=\"wp-image-1139\" srcset=\"https:\/\/www.3-ca.org\/wp-content\/uploads\/2020\/10\/08-1024x722.jpg 1024w, https:\/\/www.3-ca.org\/wp-content\/uploads\/2020\/10\/08-300x212.jpg 300w, https:\/\/www.3-ca.org\/wp-content\/uploads\/2020\/10\/08-768x542.jpg 768w, https:\/\/www.3-ca.org\/wp-content\/uploads\/2020\/10\/08.jpg 1433w\" sizes=\"(max-width: 1024px) 100vw, 1024px\" \/><\/a><\/figure><\/li><li class=\"blocks-gallery-item\"><figure><a href=\"http:\/\/www.3-ca.org\/wp-content\/uploads\/2020\/10\/09.jpg\"><img decoding=\"async\" loading=\"lazy\" width=\"612\" height=\"1024\" src=\"http:\/\/www.3-ca.org\/wp-content\/uploads\/2020\/10\/09-612x1024.jpg\" alt=\"\" data-id=\"1140\" data-full-url=\"http:\/\/www.3-ca.org\/wp-content\/uploads\/2020\/10\/09.jpg\" data-link=\"http:\/\/3-ca.org\/?attachment_id=1140\" class=\"wp-image-1140\" srcset=\"https:\/\/www.3-ca.org\/wp-content\/uploads\/2020\/10\/09-612x1024.jpg 612w, https:\/\/www.3-ca.org\/wp-content\/uploads\/2020\/10\/09-179x300.jpg 179w, https:\/\/www.3-ca.org\/wp-content\/uploads\/2020\/10\/09.jpg 696w\" sizes=\"(max-width: 612px) 100vw, 612px\" \/><\/a><\/figure><\/li><li class=\"blocks-gallery-item\"><figure><a href=\"http:\/\/www.3-ca.org\/wp-content\/uploads\/2020\/10\/10.jpg\"><img decoding=\"async\" loading=\"lazy\" width=\"423\" height=\"253\" src=\"http:\/\/www.3-ca.org\/wp-content\/uploads\/2020\/10\/10.jpg\" alt=\"\" data-id=\"1141\" data-full-url=\"http:\/\/www.3-ca.org\/wp-content\/uploads\/2020\/10\/10.jpg\" data-link=\"http:\/\/3-ca.org\/?attachment_id=1141\" class=\"wp-image-1141\" srcset=\"https:\/\/www.3-ca.org\/wp-content\/uploads\/2020\/10\/10.jpg 423w, https:\/\/www.3-ca.org\/wp-content\/uploads\/2020\/10\/10-300x179.jpg 300w\" sizes=\"(max-width: 423px) 100vw, 423px\" \/><\/a><\/figure><\/li><li class=\"blocks-gallery-item\"><figure><a href=\"http:\/\/www.3-ca.org\/wp-content\/uploads\/2020\/10\/11.jpg\"><img decoding=\"async\" loading=\"lazy\" width=\"734\" height=\"535\" src=\"http:\/\/www.3-ca.org\/wp-content\/uploads\/2020\/10\/11.jpg\" alt=\"\" data-id=\"1142\" data-full-url=\"http:\/\/www.3-ca.org\/wp-content\/uploads\/2020\/10\/11.jpg\" data-link=\"http:\/\/3-ca.org\/?attachment_id=1142\" class=\"wp-image-1142\" srcset=\"https:\/\/www.3-ca.org\/wp-content\/uploads\/2020\/10\/11.jpg 734w, https:\/\/www.3-ca.org\/wp-content\/uploads\/2020\/10\/11-300x219.jpg 300w\" sizes=\"(max-width: 734px) 100vw, 734px\" \/><\/a><\/figure><\/li><\/ul><\/figure>\n\n\n\n<p><em><span style=\"color: #888888;\">English translation below<\/span><\/em><\/p>\n\n\n\n<p>L&rsquo;\u0153uvre de l&rsquo;artiste Magnus B\u00e4rt\u00e5s inaugur\u00e9e en f\u00e9vrier 2005 se trouve dans le centre commercial du complexe immobilier appel\u00e9 F\u00e4lt\u00f6versten \u00e0 Stockholm. Elle est compos\u00e9e de plusieurs \u00e9l\u00e9ments : un canap\u00e9 en fibre de verre \u00e0 l&rsquo;assise agrandie qui permet par un syst\u00e8me de haut-parleurs d&rsquo;\u00e9couter aux deux extr\u00e9mit\u00e9s du dossier six r\u00e9cits racontant l\u2019histoire des lieux. Accroch\u00e9e, face au canap\u00e9, et au-dessus d\u2019une phrase \u00e9crite sur le mur \u00e9voquant l\u2019origine du lieu, une peinture repr\u00e9sente le drapeau su\u00e9dois se superposant au drapeau rouge, de l\u2019internationale socialisme.<\/p>\n\n\n\n<p>Cette \u0153uvre r\u00e9sulte d&rsquo;une commande pass\u00e9e \u00e0 l&rsquo;artiste par l&rsquo;association de retrait\u00e9s PRO \u00d6stermalm.&nbsp; Le projet a \u00e9t\u00e9 r\u00e9alis\u00e9 dans le cadre de la formation curatoriale de Konstfack (University College of Art, Craft and Design)<\/p>\n\n\n\n<p>En 2002, un groupe de personnes \u00e2g\u00e9es se plaignent de la suppression des bancs publics et des lieux naturels de rencontre dans la galerie marchande de F\u00e4lt\u00f6versten.<\/p>\n\n\n\n<p>En effet, au cours de r\u00e9novations successives, les lieux de rencontres, les \u0153uvres d&rsquo;art et les services sociaux ont progressivement \u00e9t\u00e9 supprim\u00e9s pour laisser place \u00e0 des commerces plus rentables et luxueux. Attach\u00e9s \u00e0 l&rsquo;histoire de F\u00e4lt\u00f6versten, complexe immobilier issu d&rsquo;une vision politique des ann\u00e9es 70, les commanditaires ont exprim\u00e9 le souhait que la commande raconte cette histoire.<\/p>\n\n\n\n<p><span style=\"font-size: x-small;\">Six r\u00e9cits sur F\u00e4lt\u00f6versten (en Su\u00e9dois)<br><\/span><\/p>\n\n\n\n<p><span style=\"font-size: x-small;\">Ulla och Per-Olof Bowallius, r\u00e9sidente de F\u00e4lt\u00f6versten depuis 1973<\/span><\/p>\n\n\n\n<figure class=\"wp-block-audio\"><audio controls src=\"http:\/\/www.3-ca.org\/wp-content\/uploads\/2020\/10\/bartas_son1.mp3\"><\/audio><\/figure>\n\n\n\n<p><span style=\"font-size: x-small;\">Wilhelm Forsberg, ancien adjoint au Maire charg\u00e9 de la culture \u00e0 Stockholm<\/span><\/p>\n\n\n\n<figure class=\"wp-block-audio\"><audio controls src=\"http:\/\/www.3-ca.org\/wp-content\/uploads\/2020\/10\/bartas_son2.mp3\"><\/audio><\/figure>\n\n\n\n<p><span style=\"font-size: x-small;\">Marjatta Tengstr\u00f6m, directeur de la biblioth\u00e8que \u00e0 F\u00e4lt\u00f6versten<\/span><\/p>\n\n\n\n<figure class=\"wp-block-audio\"><audio controls src=\"http:\/\/www.3-ca.org\/wp-content\/uploads\/2020\/10\/bartas_son3.mp3\"><\/audio><\/figure>\n\n\n\n<p><span style=\"font-size: x-small;\">Folke Lundin, ex-directeur du management de Familjebost\u00e4der<\/span><\/p>\n\n\n\n<figure class=\"wp-block-audio\"><audio controls src=\"http:\/\/www.3-ca.org\/wp-content\/uploads\/2020\/10\/bartas_son4.mp3\"><\/audio><\/figure>\n\n\n\n<p><span style=\"font-size: x-small;\">Sacha Mesic, visiteur r\u00e9gulier de F\u00e4lt\u00f6versten<\/span><\/p>\n\n\n\n<figure class=\"wp-block-audio\"><audio controls src=\"http:\/\/www.3-ca.org\/wp-content\/uploads\/2020\/10\/bartas_son5.mp3\"><\/audio><\/figure>\n\n\n\n<p><span style=\"font-size: x-small;\">Po\u00e8me de Ragnar Thoursie, lu par Astrid Trotzig<\/span><\/p>\n\n\n\n<figure class=\"wp-block-audio\"><audio controls src=\"http:\/\/www.3-ca.org\/wp-content\/uploads\/2020\/10\/bartas_son6.mp3\"><\/audio><\/figure>\n\n\n\n<p><span style=\"color: #ffffff;\">..<\/span><\/p>\n\n\n\n<p>Magnus B\u00e4rt\u00e5s <a href=\"http:\/\/www.magnusbartas.se\/\">http:\/\/www.magnusbartas.se\/<\/a><\/p>\n\n\n\n<p>Front <a title=\"http:\/\/www.frontdesign.se\/\" href=\"http:\/\/www.frontdesign.se\/\" target=\"_blank\" rel=\"noopener noreferrer\">http:\/\/www.frontdesign.se\/<\/a><\/p>\n\n\n\n<p><span style=\"color: #ffffff;\">7<\/span><\/p>\n\n\n\n<p><span style=\"color: #808080;\"><strong>Kvarteret F\u00e4lt\u00f6versten<\/strong><br><\/span><\/p>\n\n\n\n<p><span style=\"color: #808080;\">The piece of art made by Magnus B\u00e4rtas, inaugurated in february 2005, is in a mall which exists in residential buildings called F\u00e4lt\u00f6versten, in Stockholm. The intervention of the artist consists of different elements. A couch in glass fiber with growth seating allows the sitter to listen to six stories of the site, with speaklouder systems included in each part of the couch. A painting is hung in front of the couch and above is a sentence evocating the place&rsquo;s origin. This painting represents the Swedish flag and covers the red \u00ab\u00a0international socialist\u00a0\u00bb flag.<\/span><\/p>\n\n\n\n<p><span style=\"color: #808080;\">This work comes from a commission demanded of the artist by an association of retired people called PRO \u00d6stermalm. The project has been made into the framework of the curatorial program of Konstfack (University College of Art, Craft and Design).<\/span><\/p>\n\n\n\n<p><span style=\"color: #808080;\">In 2002, a group of older citizens complained about the suppression of public benches and other natural spaces in the market space of F\u00e2lt\u00e0versten. During the following restorations, the different meeting spaces, works of art, and social services have been progressively erased for a better economic and luxurious business. The new patrons decided to ask an artist to tell the story of this space, one aligning with a political vision of the 70s&rsquo; social program. <\/span><\/p>\n","protected":false},"excerpt":{"rendered":"<p>Kvarteret F\u00e4lt\u00f6versten &#8211; 2006 F\u00e4lt\u00f6versten, Stockholm, Su\u00e8de Dans le cadre de l\u2019action Nouveaux commanditaires, soutenue par la Fondation de France en partenariat avec Konstfack University College of Arts, Crafts and Design, Centrumkompaniet, Stiftelsen Framtidens Kultur.M\u00e9diation\/production : 3CA &#8211; Mari Linnman English translation below L&rsquo;\u0153uvre de l&rsquo;artiste Magnus B\u00e4rt\u00e5s inaugur\u00e9e en f\u00e9vrier 2005 se trouve dans le centre commercial du complexe immobilier appel\u00e9 F\u00e4lt\u00f6versten \u00e0 Stockholm. Elle est compos\u00e9e de plusieurs<\/p>\n<div class=\"belowpost\"><a class=\"btnmore\" href=\"https:\/\/www.3-ca.org\/?page_id=131\">Read More<\/a><\/div>\n","protected":false},"author":1,"featured_media":0,"parent":0,"menu_order":10,"comment_status":"open","ping_status":"open","template":"","meta":[],"categories":[],"tags":[],"_links":{"self":[{"href":"https:\/\/www.3-ca.org\/index.php?rest_route=\/wp\/v2\/pages\/131"}],"collection":[{"href":"https:\/\/www.3-ca.org\/index.php?rest_route=\/wp\/v2\/pages"}],"about":[{"href":"https:\/\/www.3-ca.org\/index.php?rest_route=\/wp\/v2\/types\/page"}],"author":[{"embeddable":true,"href":"https:\/\/www.3-ca.org\/index.php?rest_route=\/wp\/v2\/users\/1"}],"replies":[{"embeddable":true,"href":"https:\/\/www.3-ca.org\/index.php?rest_route=%2Fwp%2Fv2%2Fcomments&post=131"}],"version-history":[{"count":4,"href":"https:\/\/www.3-ca.org\/index.php?rest_route=\/wp\/v2\/pages\/131\/revisions"}],"predecessor-version":[{"id":1151,"href":"https:\/\/www.3-ca.org\/index.php?rest_route=\/wp\/v2\/pages\/131\/revisions\/1151"}],"wp:attachment":[{"href":"https:\/\/www.3-ca.org\/index.php?rest_route=%2Fwp%2Fv2%2Fmedia&parent=131"}],"wp:term":[{"taxonomy":"category","embeddable":true,"href":"https:\/\/www.3-ca.org\/index.php?rest_route=%2Fwp%2Fv2%2Fcategories&post=131"},{"taxonomy":"post_tag","embeddable":true,"href":"https:\/\/www.3-ca.org\/index.php?rest_route=%2Fwp%2Fv2%2Ftags&post=131"}],"curies":[{"name":"wp","href":"https:\/\/api.w.org\/{rel}","templated":true}]}}